{"id":2,"date":"2019-10-28T13:00:01","date_gmt":"2019-10-28T12:00:01","guid":{"rendered":"http:\/\/www.erneuerung.de\/speyer\/?page_id=2"},"modified":"2024-06-06T11:27:27","modified_gmt":"2024-06-06T09:27:27","slug":"beispiel-seite","status":"publish","type":"page","link":"https:\/\/www.erneuerung.de\/speyer\/","title":{"rendered":"Charismatische Erneuerung Bistum Speyer"},"content":{"rendered":"<div class=\"wpb-content-wrapper\"><p>[vc_row full_width=&#8220;stretch_row&#8220; css=&#8220;.vc_custom_1583580593075{background-image: url(https:\/\/www.erneuerung.de\/speyer\/wp-content\/uploads\/sites\/26\/2020\/02\/CE-Di\u00f6zesanteam-2020-1e-scaled.jpg?id=303) !important;background-position: center !important;background-repeat: no-repeat !important;background-size: cover !important;}&#8220;][vc_column]<style>.portfolio.news-grid#style-7326b28 .portfolio-item:not(.size-item), .preloader#style-preloader-7326b28 .portfolio-item { padding: calc(42px\/2) !important; }.portfolio.news-grid#style-7326b28 .portfolio-item.size-item { padding: 0 calc(42px\/2) !important; }.portfolio.news-grid#style-7326b28 .portfolio-row, .preloader#style-preloader-7326b28 .skeleton-posts.portfolio-row { margin: calc(-42px\/2); }.portfolio.news-grid#style-7326b28.fullwidth-columns .portfolio-row { margin: calc(-42px\/2) 0; }.portfolio.news-grid#style-7326b28 .fullwidth-block:not(.no-paddings) { padding-left: 42px; padding-right: 42px; }.portfolio.news-grid#style-7326b28 .fullwidth-block .portfolio-row { padding-left: calc(42px\/2); padding-right: calc(42px\/2); }.portfolio.news-grid#style-7326b28 .fullwidth-block .portfolio-top-panel { padding-left: 42px; padding-right: 42px; }.portfolio.news-grid#style-7326b28.fullwidth-columns .with-filter-sidebar .filter-sidebar { padding-left: 42px; }.portfolio.news-grid#style-7326b28.list-style.with-divider .portfolio-item .wrap:before { top: calc(-42px\/2); }.portfolio.news-grid#style-7326b28 .portfolio-item .wrap > .caption { background-color: rgba(0,0,0,0.4) !important; }.portfolio.news-grid#style-7326b28 .portfolio-item .wrap { background-color: rgba(0,0,0,0.4) !important; }.portfolio.news-grid#style-7326b28 .portfolio-item .caption .title span { letter-spacing: px !important; }.portfolio.news-grid#style-7326b28 .portfolio-item .caption .title { color: #ffffff !important; }.portfolio.news-grid#style-7326b28 .portfolio-item .caption .title > * { color: #ffffff !important; }.portfolio.news-grid#style-7326b28 .portfolio-item .caption .title a { color: #ffffff !important; }.portfolio.news-grid#style-7326b28 .portfolio-item .caption .post-author-date-separator { color: #ffffff !important; }.portfolio.news-grid#style-7326b28 .portfolio-item .caption .post-date { color: #ffffff !important; }<\/style><style><\/style><div id=\"style-preloader-7326b28\" class=\"preloader save-space\"><div class=\"preloader-spin\"><\/div><\/div> <div class=\"portfolio-preloader-wrapper panel-sidebar-position-left\"> <div class=\"portfolio portfolio-grid extended-portfolio-grid news-grid no-padding portfolio-pagination-normal portfolio-style-masonry background-style-transparent title-style-light hover-default title-on-page caption-position-page version-default loading-animation item-animation-move-up portfolio-items-masonry columns-2 columns-tablet-2 columns-mobile-1 \" id=\"style-7326b28\" data-style-uid=\"7326b28\" data-portfolio-uid=\"grid_e39169d\" data-current-page=\"1\" data-per-page=\"8\" data-next-page=\"0\" data-pages-count=\"1\" data-hover=\"default\" data-portfolio-filter=\"[]\" data-portfolio-filter-attributes=\"null\" data-portfolio-filter-status=\"null\" data-portfolio-filter-price=\"null\" data-portfolio-filter-search=\"\"> <div class=\"portfolio-row-outer \"> <div class=\"portfolio-top-panel filter-type-default\"> <div class=\"portfolio-top-panel-row filter-style-buttons\"> <div class=\"portfolio-top-panel-left\"><div class=\"portfolio-filter-item portfolio-selected-filters left\"> <div class=\"portfolio-selected-filter-item clear-filters\"> Clear Filters\t<\/div> <\/div> <\/div> <div class=\"portfolio-top-panel-right\"> <div class=\"portfolio-sorting title-h6\"> <div class=\"orderby light\"> <label for=\"\" data-value=\"date\">Datum<\/label> <a href=\"javascript:void(0);\" role=\"button\" class=\"sorting-switcher\" data-current=\"date\" aria-label=\"Order by\"><\/a> <label for=\"\" data-value=\"name\">Name<\/label> <\/div> <div class=\"portfolio-sorting-sep\"><\/div> <div class=\"order light\"> <label for=\"\" data-value=\"DESC\">Desc<\/label> <a href=\"javascript:void(0);\" role=\"button\" class=\"sorting-switcher\" data-current=\"DESC\" aria-label=\"Order\"><\/a> <label for=\"\" data-value=\"ASC\">Asc<\/label> <\/div> <\/div> <\/div> <\/div> <\/div> <div class=\"row portfolio-row\"> <div class=\"portfolio-set clearfix\" data-max-row-height=\"380\"> <div class=\"portfolio-item allgemein col-xs-12 col-sm-6 col-md-6 item-animations-not-inited show-caption-border post-has-author appearance-type- post-455 post type-post status-publish format-standard category-allgemein\" data-default-sort=\"0\" data-sort-date=\"1655214143\"> <div class=\"wrap clearfix\"> <div class=\"image post-455 post type-post status-publish format-standard category-allgemein\"> <div class=\"image-inner without-image\"> <\/div> <div class=\"overlay\"> <div class=\"overlay-circle\"><\/div> <div class=\"links-wrapper\"> <div class=\"links\"> <div class=\"caption\"> <a href=\"https:\/\/www.erneuerung.de\/speyer\/2022\/06\/14\/bericht-ueber-das-dioezesantreffen-im-bistum-speyer\/\" class=\"portfolio-item-link\"> <span class=\"screen-reader-text\">Bericht \u00fcber das Di\u00f6zesanTreffen im Bistum Speyer<\/span> <\/a> <div class=\"description \"> <div class=\"subtitle\"> <span class=\"text-body\">\nZum ersten Mal seit vielen Jahren fand am 11. Juni 2022 wieder ein Di\u00f6zesantreffen der Charismatischen Erneuerung, Bistum Speyer statt.\nNachdem Pfarrer Albert Franck aus terminlichen Gr\u00fcnden kurzfristig seine Teilnahme absagen musste, war es schwierig, einen Priester f\u00fcr den Abschlussgottesdienst zu finden. So wurde kurzerhand der Gottesdienst in der Kirche St. Mauritius in R\u00fclzheim an den Anfang des Treffens verlegt, sodass Pfarrer Erhard Elsner, Priestersprecher der CE Speyer, Zeit fand, den Gottesdienst zu halten. Schlie\u00dflich standen sogar noch zwei weitere Priester mit am Altar. Nach einer Zeit der Begegnung mit Kaffee und Kuchen hielt Michael Papenkordt, Mitglied der Gemeinschaft ICPE und Referent bei Radio Horeb, einen kompetenten und packenden Vortrag \u00fcber das Thema des Tages \u201eZeugen der Liebe Gottes\u201c. So sei ein Zeuge im juristischen Sinn eine Person, die etwas gesehen oder geh\u00f6rt hat und dar\u00fcber spricht, w\u00e4hrend ein Reporter jemand sei, der dar\u00fcber berichtet, was andere erlebt oder gesehen haben. Michael Papenkordt forderte die Zuh\u00f6rer auf, Zeugen der Liebe Gottes zu sein und nicht Reporter. Das Treffen endete mit einer Zeit des Lobpreises im Wechsel mit einigen pers\u00f6nlichen Zeugnissen verschiedener Teilnehmer.\nDer n\u00e4chste Einkehrtag der CE Speyer mit Pfarrer Werner Fimm findet am 18. September 2022 im Priesterseminar Speyer statt.\n<\/span> <\/div> <\/div> <div class=\"post-author-outer\"> <div class=\"author\"> <span class=\"author-avatar\"><img alt='hawel' src='https:\/\/secure.gravatar.com\/avatar\/857c748b52a4effa924c09b65644f7b67a4db492ae62a7d622004ad63daf7b70?s=50&#038;d=mm&#038;r=g' srcset='https:\/\/secure.gravatar.com\/avatar\/857c748b52a4effa924c09b65644f7b67a4db492ae62a7d622004ad63daf7b70?s=100&#038;d=mm&#038;r=g 2x' class='avatar avatar-50 photo' height='50' width='50' \/><\/span> <span class=\"author-name\">By hawel<\/span> <\/div> <\/div> <\/div> <\/div> <\/div> <\/div> <\/div> <div class=\"caption post-455 post type-post status-publish format-standard category-allgemein\"> <div class=\"post-date\">14. Juni 2022<\/div> <div class=\"title\"> <span class=\"title-h6 \"><a href=\"https:\/\/www.erneuerung.de\/speyer\/2022\/06\/14\/bericht-ueber-das-dioezesantreffen-im-bistum-speyer\/\" rel=\"bookmark\">Bericht \u00fcber das Di\u00f6zesanTreffen im Bistum Speyer<\/a><\/span> <\/div> <div class=\"info\"> <a class=\"additional-meta\" data-filter-type=\"taxonomies\" data-attr=\"category\" data-filter=\"allgemein\">Allgemein<\/a> <\/div> <\/div> <\/div> <\/div> <div class=\"portfolio-item allgemein col-xs-12 col-sm-6 col-md-6 item-animations-not-inited show-caption-border post-empty-excerpt post-has-author appearance-type- post-433 post type-post status-publish format-standard has-post-thumbnail category-allgemein\" data-default-sort=\"0\" data-sort-date=\"1638362793\"> <div class=\"wrap clearfix\"> <div class=\"image post-433 post type-post status-publish format-standard has-post-thumbnail category-allgemein\"> <div class=\"image-inner \"> <div class=\"post-featured-content\"><a href=\"https:\/\/www.erneuerung.de\/speyer\/2021\/12\/01\/dioezesanteam-der-charismatischen-erneuernung-speyer\/\"> <picture> <img src=\"https:\/\/www.erneuerung.de\/speyer\/wp-content\/uploads\/sites\/26\/2020\/02\/CE-Di\u00f6zesanteam-2020-1e-scaled-thegem-portfolio-masonry.jpg\" width=\"754\" height=\"566\" class=\"img-responsive\" alt=\"CE-Di\u00f6zesanteam 2020 (1e)\" \/> <\/picture> <\/a><\/div> <\/div> <div class=\"overlay\"> <div class=\"overlay-circle\"><\/div> <div class=\"links-wrapper\"> <div class=\"links\"> <div class=\"caption\"> <a href=\"https:\/\/www.erneuerung.de\/speyer\/2021\/12\/01\/dioezesanteam-der-charismatischen-erneuernung-speyer\/\" class=\"portfolio-item-link\"> <span class=\"screen-reader-text\">Di\u00f6zesanteam der Charismatischen Erneuernung Speyer<\/span> <\/a> <div class=\"description empty-excerpt\"> <\/div> <div class=\"post-author-outer\"> <div class=\"author\"> <span class=\"author-avatar\"><img alt='hawel' src='https:\/\/secure.gravatar.com\/avatar\/857c748b52a4effa924c09b65644f7b67a4db492ae62a7d622004ad63daf7b70?s=50&#038;d=mm&#038;r=g' srcset='https:\/\/secure.gravatar.com\/avatar\/857c748b52a4effa924c09b65644f7b67a4db492ae62a7d622004ad63daf7b70?s=100&#038;d=mm&#038;r=g 2x' class='avatar avatar-50 photo' height='50' width='50' \/><\/span> <span class=\"author-name\">By hawel<\/span> <\/div> <\/div> <\/div> <\/div> <\/div> <\/div> <\/div> <div class=\"caption post-433 post type-post status-publish format-standard has-post-thumbnail category-allgemein\"> <div class=\"post-date\">1. Dezember 2021<\/div> <div class=\"title\"> <span class=\"title-h6 \"><a href=\"https:\/\/www.erneuerung.de\/speyer\/2021\/12\/01\/dioezesanteam-der-charismatischen-erneuernung-speyer\/\" rel=\"bookmark\">Di\u00f6zesanteam der Charismatischen Erneuernung Speyer<\/a><\/span> <\/div> <div class=\"info\"> <a class=\"additional-meta\" data-filter-type=\"taxonomies\" data-attr=\"category\" data-filter=\"allgemein\">Allgemein<\/a> <\/div> <\/div> <\/div> <\/div> <\/div><!-- .portflio-set --> <div class=\"portfolio-item-size-container\"> <div class=\"portfolio-item col-xs-12 col-sm-6 col-md-6 item-animations-not-inited show-caption-border post-empty-excerpt post-has-author post-433 post type-post status-publish format-standard has-post-thumbnail category-allgemein\"> <\/div> <\/div> <\/div><!-- .row--> <div class=\"portfolio-navigator gem-pagination\" style=\"display:none;\"> <a href=\"#\" role=\"button\" class=\"prev\" aria-label=\"Zur\u00fcck\"> <i class=\"default\"><\/i> <\/a> <div class=\"pages\"><\/div> <a href=\"#\" role=\"button\" class=\"next\" aria-label=\"Weiter\"> <i class=\"default\"><\/i> <\/a> <\/div> <\/div><!-- .full-width --> <\/div><!-- .portfolio--> <\/div><!-- .portfolio-preloader-wrapper-->[\/vc_column][\/vc_row][vc_column][\/vc_column][vc_row][vc_column][vc_column_text]<\/p>\n<h2 class=\"contentheading\">Kontakt<\/h2>\n<div class=\"jsn-article-toolbar\">\n<p><span style=\"color: #000000\"><strong>Di\u00f6zesansprecher<br \/>\n<\/strong><\/span>Harald Weyers<br \/>\nHomburg\/Saar<br \/>\nTel. 06841 62974<br \/>\n<span id=\"cloakb81e88521685931e25a2300b3a7248c9\"><a href=\"mailto:hawel2@web.de\">HAWEL2@web.de<\/a><\/span><\/p>\n<p><strong><span style=\"color: #000000\">Stellvertretende Di\u00f6zesansprecherin<br \/>\n<\/span><\/strong>Heiderose Wittner<br \/>\nWeingarten<br \/>\n<a href=\"mailto:heiderose.wittner@web.de\">heiderose.wittner@web.de<\/a><\/p>\n<p><span style=\"color: #000000\"><strong>Priestersprecher<br \/>\n<\/strong><\/span><span class=\"light\">Pfr. Erhard Elsner<br \/>\nLudwigshafen<br \/>\n<\/span><\/p>\n<p>Tel. 0621 54586056<\/p>\n<p>pfr.erhard.elsner@gmail.com<\/p>\n<\/div>\n<p>[\/vc_column_text][\/vc_column][\/vc_row]<\/p>\n<\/div>","protected":false},"excerpt":{"rendered":"&hellip;","protected":false},"author":1,"featured_media":303,"parent":0,"menu_order":0,"comment_status":"closed","ping_status":"closed","template":"","meta":{"footnotes":""},"class_list":["post-2","page","type-page","status-publish","has-post-thumbnail"],"post_mailing_queue_ids":[],"_links":{"self":[{"href":"https:\/\/www.erneuerung.de\/speyer\/wp-json\/wp\/v2\/pages\/2","targetHints":{"allow":["GET"]}}],"collection":[{"href":"https:\/\/www.erneuerung.de\/speyer\/wp-json\/wp\/v2\/pages"}],"about":[{"href":"https:\/\/www.erneuerung.de\/speyer\/wp-json\/wp\/v2\/types\/page"}],"author":[{"embeddable":true,"href":"https:\/\/www.erneuerung.de\/speyer\/wp-json\/wp\/v2\/users\/1"}],"replies":[{"embeddable":true,"href":"https:\/\/www.erneuerung.de\/speyer\/wp-json\/wp\/v2\/comments?post=2"}],"version-history":[{"count":17,"href":"https:\/\/www.erneuerung.de\/speyer\/wp-json\/wp\/v2\/pages\/2\/revisions"}],"predecessor-version":[{"id":492,"href":"https:\/\/www.erneuerung.de\/speyer\/wp-json\/wp\/v2\/pages\/2\/revisions\/492"}],"wp:featuredmedia":[{"embeddable":true,"href":"https:\/\/www.erneuerung.de\/speyer\/wp-json\/wp\/v2\/media\/303"}],"wp:attachment":[{"href":"https:\/\/www.erneuerung.de\/speyer\/wp-json\/wp\/v2\/media?parent=2"}],"curies":[{"name":"wp","href":"https:\/\/api.w.org\/{rel}","templated":true}]}}