{"id":1957,"date":"2020-07-24T14:05:56","date_gmt":"2020-07-24T12:05:56","guid":{"rendered":"https:\/\/www.erneuerung.de\/rottenburg-stuttgart\/?page_id=1957"},"modified":"2020-07-27T11:43:18","modified_gmt":"2020-07-27T09:43:18","slug":"wir-ueber-uns","status":"publish","type":"page","link":"https:\/\/www.erneuerung.de\/rottenburg-stuttgart\/wir-ueber-uns\/","title":{"rendered":"Wir \u00fcber uns"},"content":{"rendered":"<div class=\"wpb-content-wrapper\"><p>CHARISMATISCHE ERNEUERUNG<\/p>\n<div class=\"leading-0\">\n<div class=\"jsn-article\">\n<p>Das erste Pfingsten vor 2000 Jahren war die Geburtsstunde der Kirche. Die J\u00fcnger Jesu, M\u00e4nner und Frauen, wurden nach dem Tod und der Auferstehung Jesu pl\u00f6tzlich mit der Kraft des Heiligen Geistes erf\u00fcllt und begannen, mutig die frohe Botschaft zu verk\u00fcnden.<\/p>\n<p>Pfingsten ereignet sich auch heute. Zu Beginn des 20. Jahrhunderts begann ein neuer pfingstlicher Aufbruch, der alle christlichen Kirchen und Kontinente durchzieht. Mehr als 25% der Christenheit weltweit erlebten diesen Aufbruch pers\u00f6nlich und setzen sich daf\u00fcr ein, dass er die Kirche und auch die Gesellschaft durchdringt.<\/p>\n<p>In der Katholischen Kirche geschieht dies seit dem Ende der 60er Jahre. In Deutschland setzt sich die \u201eCharismatische Erneuerung in der Katholischen Kirche\u201c (CE) \u2013 f\u00fcr die Verbreitung dieses Aufbruchs ein.<\/p>\n<\/div>\n<\/div>\n<p><img id=\"tgpli-5f1c5868048c6\" class=\"size-medium wp-image-5539 alignnone\" src=\"https:\/\/www.erneuerung.de\/wp-content\/uploads\/2020\/01\/Werwirsind4-300x200.jpg\" alt=\"\" width=\"300\" height=\"200\" data-tgpli-src=\"https:\/\/www.erneuerung.de\/wp-content\/uploads\/2020\/01\/Werwirsind4-300x200.jpg\" data-tgpli-srcset=\"https:\/\/www.erneuerung.de\/wp-content\/uploads\/2020\/01\/Werwirsind4-300x200.jpg 300w, https:\/\/www.erneuerung.de\/wp-content\/uploads\/2020\/01\/Werwirsind4-768x511.jpg 768w, https:\/\/www.erneuerung.de\/wp-content\/uploads\/2020\/01\/Werwirsind4-200x133.jpg 200w, https:\/\/www.erneuerung.de\/wp-content\/uploads\/2020\/01\/Werwirsind4-600x399.jpg 600w, https:\/\/www.erneuerung.de\/wp-content\/uploads\/2020\/01\/Werwirsind4.jpg 800w\" data-tgpli-inited=\"\" \/>\u00a0 \u00a0\u00a0<img id=\"tgpli-5f1c5868048d8\" class=\"alignnone size-medium wp-image-5537\" src=\"https:\/\/www.erneuerung.de\/wp-content\/uploads\/2020\/01\/Werwirsind2-300x200.jpg\" alt=\"\" width=\"300\" height=\"200\" data-tgpli-src=\"https:\/\/www.erneuerung.de\/wp-content\/uploads\/2020\/01\/Werwirsind2-300x200.jpg\" data-tgpli-srcset=\"https:\/\/www.erneuerung.de\/wp-content\/uploads\/2020\/01\/Werwirsind2-300x200.jpg 300w, https:\/\/www.erneuerung.de\/wp-content\/uploads\/2020\/01\/Werwirsind2-768x512.jpg 768w, https:\/\/www.erneuerung.de\/wp-content\/uploads\/2020\/01\/Werwirsind2-200x133.jpg 200w, https:\/\/www.erneuerung.de\/wp-content\/uploads\/2020\/01\/Werwirsind2-600x400.jpg 600w, https:\/\/www.erneuerung.de\/wp-content\/uploads\/2020\/01\/Werwirsind2.jpg 800w\" data-tgpli-inited=\"\" \/>\u00a0 \u00a0\u00a0<img id=\"tgpli-5f1c5868048e9\" class=\"alignnone size-medium wp-image-5538\" src=\"https:\/\/www.erneuerung.de\/wp-content\/uploads\/2020\/01\/Werwirsind3-300x200.jpg\" alt=\"\" width=\"300\" height=\"200\" data-tgpli-src=\"https:\/\/www.erneuerung.de\/wp-content\/uploads\/2020\/01\/Werwirsind3-300x200.jpg\" data-tgpli-srcset=\"https:\/\/www.erneuerung.de\/wp-content\/uploads\/2020\/01\/Werwirsind3-300x200.jpg 300w, https:\/\/www.erneuerung.de\/wp-content\/uploads\/2020\/01\/Werwirsind3-768x512.jpg 768w, https:\/\/www.erneuerung.de\/wp-content\/uploads\/2020\/01\/Werwirsind3-200x133.jpg 200w, https:\/\/www.erneuerung.de\/wp-content\/uploads\/2020\/01\/Werwirsind3-600x400.jpg 600w, https:\/\/www.erneuerung.de\/wp-content\/uploads\/2020\/01\/Werwirsind3.jpg 800w\" data-tgpli-inited=\"\" \/><\/p>\n<p>&nbsp;<\/p>\n<p>WAS BEDEUTET CHARISMATISCH ?<\/p>\n<p>Das Wort stammt vom Wort \u201eCharisma\u201c im Neuen Testament. Es kommt aus dem Griechischen und bedeutet \u201eGeschenk\u201c. So weist der Name \u201eCharismatische Erneuerung\u201c auf eine von Gott geschenkte Erneuerung des christlichen Lebens in der Kirche hin.<\/p>\n<div class=\"leading-1\">\n<div class=\"jsn-article\">\n<p>Die \u201eCharismen\u201c sind pers\u00f6nliche Gaben des Heiligen Geistes. In der Bibel werden viele von ihnen genannt, unter anderem im ersten Korintherbrief (Kap. 12,8-10) und im R\u00f6merbrief (Kap. 12,6\u20138). Wir sprechen nicht von irgendwelchen unerkl\u00e4rlichen Praktiken, sondern biblisch belegten Gaben, die der Heilige Geist heute schenkt, zum Dienst am N\u00e4chsten und zum Wachstum im Glauben.<\/p>\n<\/div>\n<\/div>\n<p>&nbsp;<\/p>\n<p>WOZU CE ?<\/p>\n<div class=\"leading-2\">\n<div class=\"jsn-article\">\n<p>Die CE gibt Menschen Heimat und Perspektive, die sich eine tiefgreifende Erneuerung f\u00fcr ihr eigenes Leben und f\u00fcr die Kirche w\u00fcnschen. Sie finden in dieser Bewegung auch Antworten auf die Krisen der Kirche und der Gesellschaft in Europa und weltweit.<\/p>\n<ul>\n<li>Menschen erleben Gottes Gegenwart und werden gest\u00e4rkt durch die Gemeinschaft untereinander.<\/li>\n<li>Christliche Werte werden zu einem tragf\u00e4higen Fundament im eigenen Leben und im Miteinander.<\/li>\n<li>Durch die Ber\u00fchrung des Heiligen Geistes erleben Menschen Heilung und gewinnen zunehmend innere Sicherheit und Freiheit.<\/li>\n<li>Gottes Geist schenkt F\u00e4higkeiten und Gaben (Charismen). Diese st\u00e4rken den eigenen Glauben, bef\u00e4higen zum Dienst am Mitmenschen und ermutigen, das eigene Lebensumfeld aktiv zu gestalten.<\/li>\n<li>Der Heilige Geist motiviert, dazu beizutragen, die Einheit der Christen zu f\u00f6rdern.<\/li>\n<\/ul>\n<p><em>\u201eDie Katholische Charismatische Erneuerung hat vielen Christen geholfen, die Gegenwart und die Macht des Heiligen Geistes in ihrem Leben, im Leben der Kirche und der Welt wieder zu entdecken.\u201c (Papst Johannes Paul II)<\/em><\/p>\n<p>&nbsp;<\/p>\n<p>CHARISMATISCHE ERNEUERUNG UND KIRCHE<\/p>\n<\/div>\n<\/div>\n<p><img id=\"tgpli-5f1c58680490c\" class=\"size-medium wp-image-5540 alignright\" src=\"https:\/\/www.erneuerung.de\/wp-content\/uploads\/2020\/01\/Werwirsind5-300x199.jpg\" alt=\"\" width=\"300\" height=\"199\" data-tgpli-src=\"https:\/\/www.erneuerung.de\/wp-content\/uploads\/2020\/01\/Werwirsind5-300x199.jpg\" data-tgpli-srcset=\"https:\/\/www.erneuerung.de\/wp-content\/uploads\/2020\/01\/Werwirsind5-300x199.jpg 300w, https:\/\/www.erneuerung.de\/wp-content\/uploads\/2020\/01\/Werwirsind5-768x510.jpg 768w, https:\/\/www.erneuerung.de\/wp-content\/uploads\/2020\/01\/Werwirsind5-200x133.jpg 200w, https:\/\/www.erneuerung.de\/wp-content\/uploads\/2020\/01\/Werwirsind5-600x398.jpg 600w, https:\/\/www.erneuerung.de\/wp-content\/uploads\/2020\/01\/Werwirsind5.jpg 800w\" data-tgpli-inited=\"\" \/>Die CE geh\u00f6rt zu den neuen geistlichen Bewegungen in der Katholischen Kirche, die Papst Johannes Paul II eine wichtige Frucht des Zweiten Vatikanischen Konzils und eine besondere Gabe Gottes an unsere Zeit nannte (Pfingsttreffen 1998, Rom). Papst Franziskus sprach von der Charismatischen Erneuerung als einem \u201eStrom der Gnade\u201c (Juli 2014, Rom).<\/p>\n<p>Die CE ist durch die Deutsche Bischofskonferenz anerkannt; die Verantwortlichen in den Bist\u00fcmern werden durch den jeweiligen Ortsbischof best\u00e4tigt.<\/p>\n<p>Sie ist eine Bewegung ohne formelle Mitgliedschaft. In Deutschland treffen sich eine stetig wachsende Zahl katholischer Christen aller Altersgruppen in Gebetsgruppen, Hauskreisen, Gemeinschaften, Segnungsgottesdiensten und Konferenzen.<\/p>\n<p>Weltweit betr\u00e4gt die Zahl charismatischer Christen in der Katholischen Kirche \u00fcber 120 Millionen.<\/p>\n<p><em>\u201eDie Charismatische Erneuerung ist eine gro\u00dfe Kraft im Dienst an der Verk\u00fcndigung des Evangeliums, in der Freude des Heiligen Geistes.\u201c (Papst Franziskus)<\/em><\/p>\n<p><img id=\"tgpli-5f1c586804931\" class=\"size-medium wp-image-5536 alignnone\" src=\"https:\/\/www.erneuerung.de\/wp-content\/uploads\/2020\/01\/Werwirsind1-300x168.jpg\" alt=\"\" width=\"400\" data-tgpli-src=\"https:\/\/www.erneuerung.de\/wp-content\/uploads\/2020\/01\/Werwirsind1-300x168.jpg\" data-tgpli-srcset=\"https:\/\/www.erneuerung.de\/wp-content\/uploads\/2020\/01\/Werwirsind1-300x168.jpg 300w, https:\/\/www.erneuerung.de\/wp-content\/uploads\/2020\/01\/Werwirsind1-768x431.jpg 768w, https:\/\/www.erneuerung.de\/wp-content\/uploads\/2020\/01\/Werwirsind1-200x112.jpg 200w, https:\/\/www.erneuerung.de\/wp-content\/uploads\/2020\/01\/Werwirsind1-600x337.jpg 600w, https:\/\/www.erneuerung.de\/wp-content\/uploads\/2020\/01\/Werwirsind1.jpg 800w\" data-tgpli-inited=\"\" \/><\/p>\n<p>WIE KOMME ICH IN KONTAKT ?<\/p>\n<div class=\"leading-3\">\n<div class=\"jsn-article\">\n<div class=\"leading-5\">\n<div class=\"jsn-article\">\n<p>Wenn Sie die Charismatische Erneuerung in der Katholischen Kirche kennen lernen m\u00f6chten, schreiben Sie oder rufen Sie uns an. Wir nennen Ihnen Gruppen, Treffen und Veranstaltungen in Ihrer N\u00e4he. Infos und Hinweise auf Zeitschriften und B\u00fccher finden Sie auch auf unsere Internetseite.<\/p>\n<p><strong>CE in der Di\u00f6zese Rottenburg-Stuttgart<\/strong><br \/>\nE-Mail: ce-rs@erneuerung.de<br \/>\nAnsprechpartner in den Regionen: siehe Startseite<br \/>\nwww.rs.erneuerung.de<\/p>\n<p><strong>CE Deutschland, Bu\u0308ro Maihingen<\/strong><br \/>\nBirgittenstr. 22, 86747 Maihingen<br \/>\nTel: 09087 90 300 E-Mail: info@erneuerung.de<\/p>\n<p><strong>CE Deutschland, Bu\u0308ro Ravensburg<\/strong><br \/>\nSchubertstr. 28, 88214 Ravensburg<br \/>\nTel: 0751 3550797 E-Mail: seminare@erneuerung.de<\/p>\n<p><strong>CHARIS \u2013 Catholic Charismatic Renewal International Service<\/strong><br \/>\nPalazzo San Calisto, 00120 Vatikanstadt<br \/>\n<a href=\"https:\/\/www.charis.international\/\">www.charis.international<\/a><\/p>\n<\/div>\n<\/div>\n<\/div>\n<\/div>\n<p>[vc_row][vc_column][\/vc_column][\/vc_row][vc_row][vc_column][vc_empty_space][\/vc_column][\/vc_row][vc_row][vc_column]<div class=\"gem-button-container gem-button-position-inline thegem-button-69e4619ab8ee93113    \"  ><a class=\"gem-button gem-button-size-small gem-button-style-flat gem-button-text-weight-normal\" data-ll-effect=\"drop-right-without-wrap\" style=\"border-radius: 3px;\" onmouseleave=\"\" onmouseenter=\"\" href=\"https:\/\/www.erneuerung.de\" target=\"_blank\">zur Hauptseite www.erneuerung.de<\/a><\/div> [\/vc_column][\/vc_row]<\/p>\n<\/div>","protected":false},"excerpt":{"rendered":"<p>CHARISMATISCHE ERNEUERUNG Das erste Pfingsten vor 2000 Jahren war die Geburtsstunde der Kirche. Die J\u00fcnger Jesu, M\u00e4nner und Frauen, wurden&#8230;<\/p>\n","protected":false},"author":1,"featured_media":0,"parent":0,"menu_order":0,"comment_status":"closed","ping_status":"closed","template":"","meta":{"footnotes":""},"class_list":["post-1957","page","type-page","status-publish"],"post_mailing_queue_ids":[],"_links":{"self":[{"href":"https:\/\/www.erneuerung.de\/rottenburg-stuttgart\/wp-json\/wp\/v2\/pages\/1957","targetHints":{"allow":["GET"]}}],"collection":[{"href":"https:\/\/www.erneuerung.de\/rottenburg-stuttgart\/wp-json\/wp\/v2\/pages"}],"about":[{"href":"https:\/\/www.erneuerung.de\/rottenburg-stuttgart\/wp-json\/wp\/v2\/types\/page"}],"author":[{"embeddable":true,"href":"https:\/\/www.erneuerung.de\/rottenburg-stuttgart\/wp-json\/wp\/v2\/users\/1"}],"replies":[{"embeddable":true,"href":"https:\/\/www.erneuerung.de\/rottenburg-stuttgart\/wp-json\/wp\/v2\/comments?post=1957"}],"version-history":[{"count":6,"href":"https:\/\/www.erneuerung.de\/rottenburg-stuttgart\/wp-json\/wp\/v2\/pages\/1957\/revisions"}],"predecessor-version":[{"id":1980,"href":"https:\/\/www.erneuerung.de\/rottenburg-stuttgart\/wp-json\/wp\/v2\/pages\/1957\/revisions\/1980"}],"wp:attachment":[{"href":"https:\/\/www.erneuerung.de\/rottenburg-stuttgart\/wp-json\/wp\/v2\/media?parent=1957"}],"curies":[{"name":"wp","href":"https:\/\/api.w.org\/{rel}","templated":true}]}}