{"id":1552,"date":"2020-03-09T10:41:58","date_gmt":"2020-03-09T09:41:58","guid":{"rendered":"https:\/\/www.erneuerung.de\/rottenburg-stuttgart\/?page_id=1552"},"modified":"2022-11-07T20:31:03","modified_gmt":"2022-11-07T19:31:03","slug":"links","status":"publish","type":"page","link":"https:\/\/www.erneuerung.de\/rottenburg-stuttgart\/links\/","title":{"rendered":"Links"},"content":{"rendered":"<h2>CE-Gemeinschaften &amp; Werke<\/h2>\n<p>Gemeinschaft Immanuel Ravensburg e.V.: <a href=\"http:\/\/www.immanuel-online.de\" target=\"_blank\" rel=\"noopener noreferrer\">immanuel-online.de<\/a><br \/>\nGemeinschaft St. Norbert, Ravensburg: <a href=\"http:\/\/www.sanktnorbert.de\/\" target=\"_blank\" rel=\"noopener noreferrer\">sanktnorbert.de<\/a><br \/>\nPaulus-Gemeinschaft, Wei\u00dfenstein: <a href=\"https:\/\/paulusgemeinschaft.de\" target=\"_blank\" rel=\"noopener noreferrer\">paulusgemeinschaft.de<\/a><\/p>\n<p id=\"cc-m-header-8660730420\">home|base &#8211; katholisch-charismatische Gemeinde f\u00fcr die Region Stuttgart: <a href=\"https:\/\/www.homebase-stuttgart.de\/\" target=\"_blank\" rel=\"noopener noreferrer\">homebase-stuttgart.de<\/a><\/p>\n<h2>CE-Jugendarbeit in der Region<\/h2>\n<p>Login: Jugendwochenenden f\u00fcr Baden-W\u00fcrttemberg: <a href=\"https:\/\/www.login-jce.de\/\" target=\"_blank\" rel=\"noopener noreferrer\">login-jce.de<\/a><br \/>\nLPA: Jugendarbeit der Gemeinschaft Immanuel: <a href=\"https:\/\/immanuel-online.de\/bereiche\/jugendarbeit\/\" target=\"_blank\" rel=\"noopener noreferrer\">immanuel-online.de\/bereiche\/jugendarbeit<\/a><\/p>\n<h2><strong>Junge Erwachsene<\/strong><\/h2>\n<p>Ansprechpartnerin: Julia Albers, <a href=\"mailto:jecesuedwest@posteo.de\" target=\"_blank\" rel=\"noopener noreferrer\">jecesuedwest@posteo.de<\/a><\/p>\n<h2><strong>Arbeitskreis Begleit- und Heilungsdienst<\/strong><\/h2>\n<p>Innerhalb der CE in der Di\u00f6zese Rottenburg-Stuttgart treffen sich Menschen, die in den Bereichen Seelsorge, Begleitung und Heilung t\u00e4tig sind, viermal im Jahr an einem Freitagnachmittag in Biberach zu Austausch und Input.<\/p>\n<p>Unsere Arbeitsweise entspricht derjenigen der Dienstgruppe Seelsorge auf Deutschlandebene. Siehe <a href=\"https:\/\/www.erneuerung.de\/blog\/seelsorge\/\" target=\"_blank\" rel=\"noopener noreferrer\">https:\/\/www.erneuerung.de\/blog\/seelsorge\/<\/a><\/p>\n<p>Menschen, die in diesen Bereichen aktiv und\/oder ausgebildet sind und ihren Dienst in der Spiritualit\u00e4t der Charismatischen Erneuerung tun, sind uns herzlich willkommen.<\/p>\n<p>Wir sind auch gerne Ansprechpartner f\u00fcr Menschen, die auf der Suche nach Begleitung oder Seelsorge sind und versuchen, geeignete Kontakte zu vermitteln.<\/p>\n<p>Dagmar Ludwig<br \/>\nLeitung des Arbeitskreises<br \/>\nE-Mail: <a href=\"mailto:DLcounselling@gmail.com\">DLcounselling@gmail.com<\/a><\/p>\n<h2>Weitere Gemeinschaften &amp; Initiativen in der Region<\/h2>\n<p>Gemeinschaft Zion Lauffen\/N., eine \u00f6kumenische Gemeinschaft mit regelm\u00e4\u00dfigen Gemeinschaftstagen, verschiedenen Hauskreisen u.a.<br \/>\nKontakt \u00fcber: <a href=\"mailto:gemeinschaft-zion-lauffen@web.de\" target=\"_blank\" rel=\"noopener noreferrer\">gemeinschaft-zion-lauffen@web.de<\/a><\/p>\n","protected":false},"excerpt":{"rendered":"<p>CE-Gemeinschaften &amp; Werke Gemeinschaft Immanuel Ravensburg e.V.: immanuel-online.de Gemeinschaft St. Norbert, Ravensburg: sanktnorbert.de Paulus-Gemeinschaft, Wei\u00dfenstein: paulusgemeinschaft.de home|base &#8211; katholisch-charismatische Gemeinde&#8230;<\/p>\n","protected":false},"author":453,"featured_media":0,"parent":0,"menu_order":0,"comment_status":"closed","ping_status":"closed","template":"","meta":{"footnotes":""},"class_list":["post-1552","page","type-page","status-publish"],"post_mailing_queue_ids":[],"_links":{"self":[{"href":"https:\/\/www.erneuerung.de\/rottenburg-stuttgart\/wp-json\/wp\/v2\/pages\/1552","targetHints":{"allow":["GET"]}}],"collection":[{"href":"https:\/\/www.erneuerung.de\/rottenburg-stuttgart\/wp-json\/wp\/v2\/pages"}],"about":[{"href":"https:\/\/www.erneuerung.de\/rottenburg-stuttgart\/wp-json\/wp\/v2\/types\/page"}],"author":[{"embeddable":true,"href":"https:\/\/www.erneuerung.de\/rottenburg-stuttgart\/wp-json\/wp\/v2\/users\/453"}],"replies":[{"embeddable":true,"href":"https:\/\/www.erneuerung.de\/rottenburg-stuttgart\/wp-json\/wp\/v2\/comments?post=1552"}],"version-history":[{"count":14,"href":"https:\/\/www.erneuerung.de\/rottenburg-stuttgart\/wp-json\/wp\/v2\/pages\/1552\/revisions"}],"predecessor-version":[{"id":2920,"href":"https:\/\/www.erneuerung.de\/rottenburg-stuttgart\/wp-json\/wp\/v2\/pages\/1552\/revisions\/2920"}],"wp:attachment":[{"href":"https:\/\/www.erneuerung.de\/rottenburg-stuttgart\/wp-json\/wp\/v2\/media?parent=1552"}],"curies":[{"name":"wp","href":"https:\/\/api.w.org\/{rel}","templated":true}]}}