{"id":507,"date":"2024-03-06T11:20:20","date_gmt":"2024-03-06T10:20:20","guid":{"rendered":"https:\/\/www.erneuerung.de\/paderborn\/?page_id=507"},"modified":"2024-03-06T11:20:29","modified_gmt":"2024-03-06T10:20:29","slug":"unser-team","status":"publish","type":"page","link":"https:\/\/www.erneuerung.de\/paderborn\/unser-team\/","title":{"rendered":"Unser Team"},"content":{"rendered":"<div class=\"wpb-content-wrapper\"><p>[vc_row][vc_column width=&#8220;2\/3&#8243;][vc_single_image image=&#8220;501&#8243; img_size=&#8220;large&#8220;][\/vc_column][vc_column width=&#8220;1\/3&#8243;][\/vc_column][\/vc_row][vc_row][vc_column width=&#8220;2\/3&#8243;][vc_column_text]<\/p>\n<h5><strong>Das neue Di\u00f6zesanteam<\/strong><\/h5>\n<p>Die beiden Di\u00f6zesansprecher der Charismatischen Erneuerung, Werner und Christiane Nolte (vorn, v. l.), werden k\u00fcnftig von einem Team unterst\u00fctzt (v. l.): Markus Jonas, Christof J\u00fcrgens (beide Bad W\u00fcnnenberg), Melanie Spiekermann (Werl), Andreas Loer (Bad W\u00fcnnenberg), Edeltraut Boxberger (Rheda-Wiedenbr\u00fcck), Thomas Schulze zur Wiesch (Hamm), Tobias Gl\u00f6ckner (Eslohe), Johannes L\u00fcckenk\u00f6tter (Werne), Winnifred Zinselmeier (Verne), Karl-Wilhelm Fahle (Arnsberg-H\u00fcsten) und Heinrich Ruthmann (Verl). Foto: Dorothee Jonas[\/vc_column_text][\/vc_column][vc_column width=&#8220;1\/3&#8243;][\/vc_column][\/vc_row]<\/p>\n<\/div>","protected":false},"excerpt":{"rendered":"<p>[vc_row][vc_column width=&#8220;2\/3&#8243;][vc_single_image image=&#8220;501&#8243; img_size=&#8220;large&#8220;][\/vc_column][vc_column width=&#8220;1\/3&#8243;][\/vc_column][\/vc_row][vc_row][vc_column width=&#8220;2\/3&#8243;][vc_column_text] Das neue Di\u00f6zesanteam Die beiden Di\u00f6zesansprecher der Charismatischen Erneuerung, Werner und Christiane Nolte (vorn,&#8230;<\/p>\n","protected":false},"author":580,"featured_media":0,"parent":0,"menu_order":0,"comment_status":"closed","ping_status":"closed","template":"","meta":{"footnotes":""},"class_list":["post-507","page","type-page","status-publish"],"post_mailing_queue_ids":[],"_links":{"self":[{"href":"https:\/\/www.erneuerung.de\/paderborn\/wp-json\/wp\/v2\/pages\/507","targetHints":{"allow":["GET"]}}],"collection":[{"href":"https:\/\/www.erneuerung.de\/paderborn\/wp-json\/wp\/v2\/pages"}],"about":[{"href":"https:\/\/www.erneuerung.de\/paderborn\/wp-json\/wp\/v2\/types\/page"}],"author":[{"embeddable":true,"href":"https:\/\/www.erneuerung.de\/paderborn\/wp-json\/wp\/v2\/users\/580"}],"replies":[{"embeddable":true,"href":"https:\/\/www.erneuerung.de\/paderborn\/wp-json\/wp\/v2\/comments?post=507"}],"version-history":[{"count":1,"href":"https:\/\/www.erneuerung.de\/paderborn\/wp-json\/wp\/v2\/pages\/507\/revisions"}],"predecessor-version":[{"id":508,"href":"https:\/\/www.erneuerung.de\/paderborn\/wp-json\/wp\/v2\/pages\/507\/revisions\/508"}],"wp:attachment":[{"href":"https:\/\/www.erneuerung.de\/paderborn\/wp-json\/wp\/v2\/media?parent=507"}],"curies":[{"name":"wp","href":"https:\/\/api.w.org\/{rel}","templated":true}]}}