{"id":525,"date":"2020-03-09T10:25:38","date_gmt":"2020-03-09T09:25:38","guid":{"rendered":"https:\/\/www.erneuerung.de\/limburg\/?page_id=525"},"modified":"2025-07-07T08:51:02","modified_gmt":"2025-07-07T06:51:02","slug":"links","status":"publish","type":"page","link":"https:\/\/www.erneuerung.de\/limburg\/links\/","title":{"rendered":"Links"},"content":{"rendered":"<div class=\"wpb-content-wrapper\"><p>[vc_row][vc_column][vc_column_text css=&#8220;&#8220;]<\/p>\r\n<h4>CE-Gemeinschaften &amp; Werke IN der region<\/h4>\r\n<p><span style=\"color: #ffffff\">_<\/span><\/p>\r\n<h6><span style=\"color: #000000\"><strong>Gemeinschaft Emmanuel<\/strong><\/span><\/h6>\r\n<p><img class=\"alignleft wp-image-1043\" src=\"https:\/\/www.erneuerung.de\/limburg\/wp-content\/uploads\/sites\/17\/2024\/05\/thumbnail_Logo_CE_Allemagne.300ppi.png\" alt=\"\" width=\"406\" height=\"135\" srcset=\"https:\/\/www.erneuerung.de\/limburg\/wp-content\/uploads\/sites\/17\/2024\/05\/thumbnail_Logo_CE_Allemagne.300ppi.png 1354w, https:\/\/www.erneuerung.de\/limburg\/wp-content\/uploads\/sites\/17\/2024\/05\/thumbnail_Logo_CE_Allemagne.300ppi-300x100.png 300w, https:\/\/www.erneuerung.de\/limburg\/wp-content\/uploads\/sites\/17\/2024\/05\/thumbnail_Logo_CE_Allemagne.300ppi-1024x340.png 1024w, https:\/\/www.erneuerung.de\/limburg\/wp-content\/uploads\/sites\/17\/2024\/05\/thumbnail_Logo_CE_Allemagne.300ppi-768x255.png 768w, https:\/\/www.erneuerung.de\/limburg\/wp-content\/uploads\/sites\/17\/2024\/05\/thumbnail_Logo_CE_Allemagne.300ppi-600x199.png 600w\" sizes=\"(max-width: 406px) 100vw, 406px\" \/>Die Gemeinschaft Emmanuel ist eine internationale katholische Gemeinschaft, die 1972 in Frankreich entstanden ist \u2013 wie andere neue geistliche Gemeinschaften in dieser Zeit. Ihr geh\u00f6ren weltweit rund 12.000 Mitglieder an, darunter etwa 400 in Deutschland \u2013 Menschen aus allen Lebensst\u00e4nden und Altersstufen: Junge Leute, Singles, Ehepaare, Priester, z\u00f6libat\u00e4r lebende Frauen und M\u00e4nner, Senioren. Jeder lebt in seinem eigenen famili\u00e4ren und beruflichen Umfeld.<\/p>\r\n<p>Anbetung, Mitleiden und Evangelisation bilden das spirituelle Fundament der Gemeinschaft Emmanuel. Die eucharistische Anbetung ist eine zentrale geistliche Quelle der Gemeinschaft. Aus ihr entsteht das Mitf\u00fchlen mit allen Menschen. Anbetung und Mitgef\u00fchl f\u00fchren zur Evangelisation: Wir m\u00f6chten das Evangelium aktuell und zeitgem\u00e4\u00df weitergeben \u2013 in unserem Lebensumfeld oder durch besondere Veranstaltungen. Daneben ist die Spiritualit\u00e4t von Emmanuel gepr\u00e4gt von freudigem Lobpreis, dem Leben mit den Sakramenten, einer Offenheit f\u00fcr das Wirken des Heiligen Geistes und davon, sich unter den Schutz Mariens zu stellen.<\/p>\r\n<p>Im Rhein-Main-Gebiet gibt es alle zwei Monate einen Gebetsabend und alle zwei Monate einen offenen Hauskreis.<br \/>Kontakt: Regionalverantwortliche Mitte West: Hugo Villegas und Gabi Gelhausen, <a href=\"mailto:mittewest@emmanuel.de\">mittewest@emmanuel.de<\/a><\/p>\r\n<p>GEMEINSCHAFT EMMANUEL E.V.<br \/>www.emmanuel.de<br \/>Kolbergstr. 4<br \/>84503 Alt\u00f6tting<br \/>Deutschland<br \/>Telefon: +49 8671 50037-45<br \/>Fax: +49 8671 50037-46<\/p>\r\n<p>Region Mitte-West<br \/><a href=\"mailto:mittewest@emmanuel.de\">mittewest@emmanuel.de<\/a><br \/>Am Bonifatiusbrunnen, 360438Frankfurt, Tel.:069 43006299<\/p>\r\n<p>&nbsp;<\/p>\r\n<h6><span style=\"color: #000000\"><strong>Comunit\u00e0 Ges\u00f9 Risorto (Gemeinschaft Auferstandener Jesus)<\/strong><\/span><\/h6>\r\n<h6><img class=\"wp-image-531 alignleft\" src=\"https:\/\/www.erneuerung.de\/limburg\/wp-content\/uploads\/sites\/17\/2020\/03\/Logo_Communita_Gesu_Risorto-300x56.png\" alt=\"\" width=\"397\" height=\"74\" srcset=\"https:\/\/www.erneuerung.de\/limburg\/wp-content\/uploads\/sites\/17\/2020\/03\/Logo_Communita_Gesu_Risorto-300x56.png 300w, https:\/\/www.erneuerung.de\/limburg\/wp-content\/uploads\/sites\/17\/2020\/03\/Logo_Communita_Gesu_Risorto-600x113.png 600w, https:\/\/www.erneuerung.de\/limburg\/wp-content\/uploads\/sites\/17\/2020\/03\/Logo_Communita_Gesu_Risorto.png 632w\" sizes=\"(max-width: 397px) 100vw, 397px\" \/><\/h6>\r\n<p><span style=\"color: #000000\">Die Comunit\u00e0 Ges\u00f9 Risorto ist 1987 in Rom entstanden. Mittlerweile ist sie auf der ganzen Welt mit 329 Ortsgemeinschaften in 84 Di\u00f6zesen vertreten, in Deutschland in den Di\u00f6zesen Mainz und Rottenburg-Stuttgart. <\/span><\/p>\r\n<p><span style=\"color: #000000\">Die Gemeinschaft lebt vom Lobpreis und der Evangelisation. Sie lebt und verk\u00fcndet die Gegenwart des Auferstandenen Jesus in der Mitte seines Volkes, durch das Wirken des Heiligen Geistes. Das Ziel der Gemeinschaft ist es den getauften Menschen den Heiligen Geist wieder entdecken zu lassen, der durch uns wirkt und sich in den Charismen manifestiert sowie die Menschen \u00fcber den Lobpreis und der Evangelisation zur Heiligkeit begleitet.<\/span><\/p>\r\n<p><span style=\"color: #000000\">Treffen im Rhein-Main-Gebiet:<br \/><\/span><\/p>\r\n<div>\r\n<div>\u00a0<\/div>\r\n<\/div>\r\n<p><strong><span style=\"color: #000000\">63067 Offenbach am Main<br \/><\/span><\/strong><span style=\"color: #000000\">Comunit\u00e0 Cattolica italiana di Offenbach am Main<br \/><\/span><span style=\"color: #000000\">Rathenaustrasse 36\u00a0<br \/>Jeden Freitag um 19:00 Uhr<br \/><\/span><span style=\"color: #000000\">Kontakt: Sandra Luciano\u00a0 (<a href=\"mailto:cgr.deutschland@gesurisorto.it\">cgr.deutschland@gesurisorto.it<\/a>)<\/span><\/p>\r\n<p><span style=\"color: #ffffff\">_<\/span><\/p>\r\n<h6><span style=\"color: #000000\"><strong>Holy Trinity Community (KTM)<\/strong><\/span><\/h6>\r\n<p><span style=\"color: #000000\"><strong><img class=\" wp-image-561 alignleft\" src=\"https:\/\/www.erneuerung.de\/limburg\/wp-content\/uploads\/sites\/17\/2020\/03\/Logo_Holy_Trinity_Community-291x300.jpg\" alt=\"\" width=\"164\" height=\"169\" srcset=\"https:\/\/www.erneuerung.de\/limburg\/wp-content\/uploads\/sites\/17\/2020\/03\/Logo_Holy_Trinity_Community-291x300.jpg 291w, https:\/\/www.erneuerung.de\/limburg\/wp-content\/uploads\/sites\/17\/2020\/03\/Logo_Holy_Trinity_Community.jpg 370w\" sizes=\"(max-width: 164px) 100vw, 164px\" \/><\/strong><\/span><span style=\"color: #000000\">Die Holy Trinity Community (KTM) ist eine Gruppe von Menschen, die gemeinsam das Ziel des christlichen Lebens erreichen und sich entwickeln wollen. Diese Gemeinschaft wurde am 11. Januar 1987 w\u00e4hrend Exerzitien in Ngadireso, Indonesien von Pfarrer Dr. Yohanes Indrakusuma, CSE, der auch Gr\u00fcnder der Serikat Putri Karmel und der Carmelitae Sancti Eliae Congregation &#8211; CSE ist, ins Leben gerufen. Diese Gemeinschaft wird als Dreifaltigkeitsgemeinschaft bezeichnet, damit ihre Mitglieder sich immer an das Geheimnis der gro\u00dfen Liebe zwischen Vater, Sohn und Heiligem Geist erinnern und versuchen k\u00f6nnen, es zu leben.<br \/><\/span><span style=\"color: #000000\">In Deutschland besteht die Gemeinschaft zurzeit aus sechs &#8222;Zellen&#8220; (vier davon sind in Rhein-Main-Gebiet), deren Mitglieder sich regelm\u00e4\u00dfig (ein bis zweimal im Monat) treffen, um Gott zu loben und preisen, sowie durch Bibelstunde und Sharing, den christlichen Glauben zu bekr\u00e4ftigen.<br \/><\/span><span style=\"color: #000000\">Kontakt: Enrico Herman (<\/span><span style=\"color: #000000\"><a href=\"mailto:enrico_herman@hotmail.com\">enrico_herman@hotmail.com<\/a>)<\/span><\/p>\r\n<p><span style=\"color: #ffffff\">_<\/span><\/p>\r\n<h6><strong>Charismatische Gebetsgruppe \u201ePadre Nuestro\u201c (Vater Unser)<\/strong><\/h6>\r\n<p><img class=\"alignleft wp-image-872\" src=\"https:\/\/www.erneuerung.de\/limburg\/wp-content\/uploads\/sites\/17\/2022\/07\/IMG-20220716-WA0014-1024x1024.jpg\" alt=\"\" width=\"400\" height=\"400\" \/><span class=\"light\" style=\"color: #000000\">Die Gebetsgruppe Padre Nuestro entstand nach einer tiefen spirituellen Erfahrung w\u00e4hrend mehreren Einkehrtagen im April 2013. Seit dem trifft sich die Gruppe freitags, um Gott zu preisen, die heilige Schrift zu lesen und zu beten. Die Gebetsgruppe organisiert jedes Jahr Einkehrtage, die die Lobpreisung Gottes als Fundament haben.<\/span><br \/><span class=\"light\" style=\"color: #000000\"><span style=\"font-size: revert\">Nach zwei Jahren Pause auf Grund der Pandemie veranstalteten wir im Juli wieder drei Einkehrtage in Sch\u00f6nstatt \u00fcber spirituelle und pers\u00f6nliche Entfaltung mit und im Gott.<br \/><\/span>W\u00e4hrend der Einkehrtage erf\u00fchren wir die lebendige Verhei\u00dfung unseren Herrn Jesuschristus, der kam, um uns zu heilen und unser Glauben zu erneuern. Es war ein erfahrungsreiches Treffen mir Jesu und unseren Schwestern und Br\u00fcdern im Glauben. Mehrere von ihnen haben Zeugnis \u00fcber ihre Glaubenserfahrung und individuelle Erfahrung mit Jesu abgelegt.<br \/><\/span><span class=\"light\" style=\"color: #000000\">Unsere n\u00e4chsten Einkehrtage werden im Juni 2023 sein.<\/span><\/p>\r\n<div dir=\"auto\">\r\n<p><span style=\"color: #000000\"><strong>Grupo de Oraci\u00f3n Carism\u00e1tico \u201ePadre Nuestro\u201c<\/strong><br \/><\/span><span style=\"color: #000000\">El grupo de oraci\u00f3n Padre Nuestro naci\u00f3 despu\u00e9s de una profunda experiencia espiritual en un retiro carism\u00e1tico en abril del 2013. Desde entonces el grupo se reune los viernes para alabar a Dios, alimentarse con su Palabra y la oraci\u00f3n.<\/span><br \/><span style=\"color: #000000\">El grupo Padre Nuestro tambi\u00e9n organiza todo los a\u00f1os retiros de evangelizaci\u00f3n, cuya base fundamental es la alabanza a Dios.<\/span><br \/><span style=\"color: #000000\">Despu\u00e9s de dos a\u00f1os de pausa por la pandemia, volvimos a realizar en el mes de julio, un retiro\u00a0 de crecimiento espiritual y personal en Schoenstatt .<\/span><br \/><span style=\"color: #000000\">En el retiro tuvimos la viva experiencia de la promesa de nuestro Se\u00f1or Jesucristo, que como hijo de Dios ha venido a sanarnos, a despertar y renovar nuestra fe. Ha sido un encuentro enriquecedor con Jes\u00fas y nuestros hermanos. Varios de ellos han dado testimonio de su vivencia de fe y de su encuentro personal con Jes\u00fas.<\/span><br \/><span style=\"color: #000000\">Nuestro pr\u00f3ximo retiro ser\u00e1 en junio del 2023.<\/span><\/p>\r\n<\/div>\r\n<div dir=\"auto\">\u00a0<\/div>\r\n<p><span class=\"light\" style=\"color: #000000\">Rosenkranz, Gebet, Lobpreis, Bibel- Lesung.<\/span><br \/><span class=\"light\" style=\"color: #000000\">1x im Monat Eucharistie Feier mit Anbetung und Lobpreis.<\/span><br \/><span class=\"light\" style=\"color: #000000\">Einkehrtage j\u00e4hrlich.<\/span><\/p>\r\n<p><span class=\"light\"><span style=\"color: #000000\">Jeden Freitag von 18:00 &#8211; 20: 00 Uhr.<br \/><\/span><span style=\"color: #000000\">Sankt Josef Gemeinde Bornheim,<span style=\"color: #002000\">\u00a0 <\/span><\/span><span style=\"color: #000000\">Eichwaldstra\u00dfe 41, <\/span><span style=\"color: #000000\">60385 Frankfurt an Main<\/span><\/span><\/p>\r\n<p><span class=\"light\"><span style=\"color: #000000\">Kontakte:<br \/>Aneloyne Altagracia Ventura (Nino)<br \/><\/span><\/span><a href=\"mailto:Nino.ventura@gmx.de\">Nino.ventura@gmx.de<\/a><br \/><span class=\"light\" style=\"color: #000000\">0176 80056374<\/span><\/p>\r\n<p><span class=\"light\" style=\"color: #000000\">Carmen Elena de Vega<br \/><a href=\"mailto:elena.devega@hotmail.de\">elena.devega@hotmail.de<\/a><\/span><br \/><span class=\"light\" style=\"color: #000000\">0157 89659909<\/span><\/p>\r\n<p><span class=\"light\" style=\"color: #000000\">Lucia Ventura-Grabler (Nelly)<br \/><a href=\"mailto:nellyventuranova@gmail.com\">nellyventuranova@gmail.com<\/a><\/span><br \/><span class=\"light\" style=\"color: #000000\">0176 80056377<\/span><\/p>\r\n<h6>\u00a0<\/h6>\r\n<h6><span style=\"color: #000000\"><strong>Spanische Gebetsgruppe La Familia de Jes\u00fas<\/strong><\/span><\/h6>\r\n<p><span style=\"color: #000000\">Wir sind eine spanisch sprechende Gebetsgruppe (La Familia de Jes\u00fas) der charismatischen Erneuerung. Wir treffen uns am ersten Freitag des Monats ab 18:00 Uhr in einem Raum der Allerheiligen Kirche in der Th\u00fcringer Stra\u00dfe 35, 60316 Frankfurt. Die \u00fcbrigen Freitage treffen wir uns nach Absprache bei uns zu Hause. Wir singen, beten, lobpreisen und lesen in der Bibel.<\/span><\/p>\r\n<p><span style=\"color: #000000\">Kontakte:<\/span><br \/><span style=\"color: #000000\">Micaela Garc\u00eda<\/span><br \/><span style=\"color: #000000\">0176 38083486<\/span><br \/><a href=\"mailto:migar980@hotmail.com\">migar980@hotmail.com<\/a><\/p>\r\n<p><span style=\"color: #000000\">Ruth Torres<\/span><br \/><span style=\"color: #000000\">0177 2740363<\/span><br \/><a href=\"mailto:ruthc@hotmail.de\">ruthc@hotmail.de<\/a><\/p>\r\n<h6>\u00a0<\/h6>\r\n<h6><span style=\"color: #000000\"><strong>Voll Dabei Familienwochenenden<\/strong><\/span><\/h6>\r\n<p><span style=\"color: #000000\"><img class=\"wp-image-538 alignleft\" src=\"https:\/\/www.erneuerung.de\/limburg\/wp-content\/uploads\/sites\/17\/2020\/03\/Logo_VollDabei.png\" alt=\"\" width=\"211\" height=\"148\" \/><\/span><\/p>\r\n<p><span style=\"color: #000000\">Wir wollen &#8211; als Familien aus verschiedenen Regionen Deutschlands &#8211; in der Charismatischen Erneuerung in der Katholischen Kirche Leben und Glauben teilen und laden dazu zweimal im Jahr zu einem Wochenende ein. Wir m\u00f6chten uns gegenseitig im Glauben st\u00e4rken, damit wir in Familie, Beruf, Kirche und Gesellschaft Christsein leben und unsere Verantwortung wahrnehmen k\u00f6nnen. Unsere Kinder bekommen durch ein altersgerechtes Kinderprogramm Impulse f\u00fcr ihr Leben. Wir alle erfahren christliche Gemeinschaft zusammen mit anderen Familien. Aktuell kommt die Mehrzahl der Teilnehmer aus den Di\u00f6zesen Mainz, Limburg, W\u00fcrzburg und Augsburg.<br \/><\/span><span style=\"color: #000000\">Kontakt: Barbara und Georg Fischer (<a href=\"mailto:barbaralei@hotmail.com\">barbaralei@hotmail.com<\/a>)<\/span><\/p>\r\n<p><span style=\"color: #ffffff\">_<\/span><\/p>\r\n<p><span style=\"color: #ffffff\">_<\/span><\/p>\r\n<h4>CE-Jugendarbeit in der Region<\/h4>\r\n<p><span style=\"color: #ffffff\">_<\/span><\/p>\r\n<p><span style=\"color: #000000\"><img class=\" wp-image-543 alignleft\" src=\"https:\/\/www.erneuerung.de\/limburg\/wp-content\/uploads\/sites\/17\/2020\/03\/Logo_JAM-1.png\" alt=\"\" width=\"154\" height=\"60\" \/><\/span><span style=\"color: #000000\">Viermal im Jahr ein Jugendwochenende, in dem es um Deinen Glauben, Gemeinschaft mit anderen und das eigene Leben geht: Lobpreis \u2013 Action \u2013 Workshops \u2013 Inspirierende Inputs zu Glaubensthemen \u2013 Austausch \u2013 Spiele \u2013 Filme \u2013 Gottesdienst \u2013 leckeres Essen \u2013 Gebet \u2013 Gespr\u00e4che<br \/><\/span><span style=\"color: #000000\">Kontakt: <a href=\"mailto:miriamraschka@web.de\">miriamraschka@web.de<\/a>, <a href=\"https:\/\/www.erneuerung.de\/limburg\/jam\/\">JAM \u2013 JESUS AND ME \u2013 Charismatische Erneuerung Limburg<\/a><\/span>\u00a0oder <a href=\"https:\/\/www.instagram.com\/jam.jesusandme\/\">J A M &#8211; Jesus And Me (@jam.jesusandme) \u2022 Instagram-Fotos und -Videos<\/a><\/p>\r\n<p><span style=\"color: #ffffff\">_<\/span><\/p>\r\n<p><span style=\"color: #ffffff\">_<\/span><\/p>\r\n<h4>Weitere Gemeinschaften &amp; Initiativen in der Region<br \/><span style=\"color: #ffffff\">_<\/span><\/h4>\r\n<h6><span style=\"color: #000000\"><strong>Nightfever Mainz<br \/><\/strong><\/span><span style=\"color: #000000\"><img class=\"wp-image-537 alignleft\" src=\"https:\/\/www.erneuerung.de\/limburg\/wp-content\/uploads\/sites\/17\/2020\/03\/Logo_Nightfever.png\" alt=\"\" width=\"159\" height=\"86\" \/><\/span><\/h6>\r\n<p><span style=\"color: #000000\">Augustinerkirche des Bisch\u00f6flichen Priesterseminars<br \/><\/span><span style=\"color: #000000\">Jeweils samstags nach besonderer Ank\u00fcndigung 18.00\u201324.00 Uhr<br \/><\/span><span style=\"color: #000000\">Kontakt: <\/span><a href=\"http:\/\/www.nightfever.org\/de\/location\/deutschland\/mainz\">www.nightfever.org\/de\/location\/deutschland\/mainz<\/a><\/p>\r\n<p><span style=\"color: #ffffff\">_<\/span><\/p>\r\n<h6><span style=\"color: #000000\"><strong>Nightfever Frankfurt<br \/><img class=\"wp-image-537 alignleft\" src=\"https:\/\/www.erneuerung.de\/limburg\/wp-content\/uploads\/sites\/17\/2020\/03\/Logo_Nightfever.png\" alt=\"\" width=\"161\" height=\"87\" \/><\/strong><\/span><\/h6>\r\n<p><span style=\"color: #000000\">Liebfrauenkirche<br \/><\/span><span style=\"color: #000000\">Jeweils samstags nach besonderer Ank\u00fcndigung 18.00\u201324.00 Uhr<\/span><br \/><span style=\"color: #000000\">Kontakt:<\/span> <a href=\"http:\/\/www.nightfever.org\/de\/location\/deutschland\/frankfurt\">www.nightfever.org\/de\/location\/deutschland\/frankfurt<\/a><\/p>\r\n<p><span style=\"color: #ffffff\">_<\/span><\/p>\r\n<h6><span style=\"color: #000000\"><strong>Abend der Barmherzigkeit<\/strong><\/span><\/h6>\r\n<h6><span style=\"color: #000000\"><img class=\"wp-image-534 alignleft\" src=\"https:\/\/www.erneuerung.de\/limburg\/wp-content\/uploads\/sites\/17\/2020\/03\/Barmherzigkeitsabend-300x199.jpg\" alt=\"\" width=\"155\" height=\"103\" srcset=\"https:\/\/www.erneuerung.de\/limburg\/wp-content\/uploads\/sites\/17\/2020\/03\/Barmherzigkeitsabend-300x199.jpg 300w, https:\/\/www.erneuerung.de\/limburg\/wp-content\/uploads\/sites\/17\/2020\/03\/Barmherzigkeitsabend-600x398.jpg 600w, https:\/\/www.erneuerung.de\/limburg\/wp-content\/uploads\/sites\/17\/2020\/03\/Barmherzigkeitsabend.jpg 640w\" sizes=\"(max-width: 155px) 100vw, 155px\" \/><\/span><\/h6>\r\n<p><span style=\"color: #000000\"><span style=\"letter-spacing: 0.05em\">Dom St. Bartholom\u00e4us in Frankfurt<\/span><\/span><span style=\"color: #000000\"><br \/>Erster Donnerstag im Monat 19.15 Uhr<br \/><\/span><span style=\"color: #000000\">Mehr Informationen zum Abend der Barmherzigkeit und zum Nightfever Gebetskreis:<br \/><a href=\"http:\/\/www.barmherzigkeitsabend.de\">www.barmherzigkeitsabend.de<\/a><\/span><\/p>\r\n<p><span style=\"color: #ffffff\">_<\/span><\/p>\r\n<h6><span style=\"color: #ffffff\">_<\/span>\u201e24 Stunden f\u00fcr Gott\u201c \u2013 eine besondere Gebetsinitiative<\/h6>\r\n<p><span style=\"color: #000000\"><img class=\" wp-image-674 alignleft\" src=\"https:\/\/www.erneuerung.de\/limburg\/wp-content\/uploads\/sites\/17\/2021\/02\/EucharistischeAnbetungMainz-211x300.jpg\" alt=\"\" width=\"228\" height=\"324\" srcset=\"https:\/\/www.erneuerung.de\/limburg\/wp-content\/uploads\/sites\/17\/2021\/02\/EucharistischeAnbetungMainz-211x300.jpg 211w, https:\/\/www.erneuerung.de\/limburg\/wp-content\/uploads\/sites\/17\/2021\/02\/EucharistischeAnbetungMainz-721x1024.jpg 721w, https:\/\/www.erneuerung.de\/limburg\/wp-content\/uploads\/sites\/17\/2021\/02\/EucharistischeAnbetungMainz-768x1091.jpg 768w, https:\/\/www.erneuerung.de\/limburg\/wp-content\/uploads\/sites\/17\/2021\/02\/EucharistischeAnbetungMainz-1081x1536.jpg 1081w, https:\/\/www.erneuerung.de\/limburg\/wp-content\/uploads\/sites\/17\/2021\/02\/EucharistischeAnbetungMainz-600x852.jpg 600w, https:\/\/www.erneuerung.de\/limburg\/wp-content\/uploads\/sites\/17\/2021\/02\/EucharistischeAnbetungMainz.jpg 1125w\" sizes=\"(max-width: 228px) 100vw, 228px\" \/><\/span><\/p>\r\n<p><span style=\"color: #000000\">Dies ist eine mit jungen Erwachsenen vor acht Jahren gegr\u00fcndete Gebetsinitiative, die jeweils vom Abend des 1. Freitag im Monat bis zum darauffolgenden Samstagnachmittag stattfindet. In Gegenwart des eucharistischen Leibes Christi \u00fcbernehmen junge und \u00e4ltere Erwachsene im st\u00fcndlichen Wechsel Gebetsstunden. Diese Zeit mit und f\u00fcr Gott schenkt Gelegenheit in stiller Anbetung, pers\u00f6nlichem Gebet in vielen Anliegen, aber auch mit Dank + Lobpreis zu Ihm zu kommen, sich von Ihm beschenken zu lassen, Worte der Hl. Schrift zu meditieren oder einfach zur Ruhe zu kommen und den Frieden Gottes zu empfangen. Herzliche Einladung!<br \/><\/span><span style=\"color: #000000\">Beginn in der Kirche: 18.00 Uhr: Eucharistiefeier, gestaltet von der Band &#8222;Rays of Hope&#8220; mit neuen geistlichen Liedern<\/span><br \/><span style=\"color: #000000\">18.30 \u2013 19.30 Uhr: Eucharistische Anbetung in der Kirche, gestaltet mit meditativen Texten, Gebetsimpulsen, Stille, Musik und Gesang <\/span><br \/><span style=\"color: #000000\">19.30 Uhr: Wechsel in Kapelle: Hier finden alle weiteren Gebetsstunden statt.<\/span><br \/><span style=\"color: #000000\">Ende: Samstag, 16.00 Uhr.<br \/><\/span><span style=\"color: #000000\">Bei Interesse, selbst eine Gebetsstunde zu \u00fcbernehmen, bitte an Monika Knauer (s. Kontaktinformationen) wenden.<\/span><\/p>\r\n<p><span style=\"color: #000000\">Ort: Pfarrei St. Bonifaz, Bonifatiusplatz 1, 55118 Mainz<\/span><br \/><span style=\"color: #000000\">Kontakt: Gemeindereferentin Monika Knauer, monika.knauer@bonifaz-mainz.de<br \/>Link: <a href=\"https:\/\/bistummainz.de\/pfarrei\/mainz-st-bonifaz\/angebote\/24-stunden-fuer-gott-eine-besondere-gebetsinitiative\/index.html\">&#8222;24 Stunden f\u00fcr Gott&#8220; &#8211; eine besondere Gebetsinitiative (bistummainz.de)<\/a><\/span><\/p>\r\n<p>\u00a0<\/p>\r\n<p>[\/vc_column_text][\/vc_column][\/vc_row]<\/p><\/div>","protected":false},"excerpt":{"rendered":"<p>[vc_row][vc_column][vc_column_text css=&#8220;&#8220;] CE-Gemeinschaften &amp; Werke IN der region _ Gemeinschaft Emmanuel Die Gemeinschaft Emmanuel ist eine internationale katholische Gemeinschaft, die&#8230;<\/p>\n","protected":false},"author":453,"featured_media":0,"parent":0,"menu_order":0,"comment_status":"closed","ping_status":"closed","template":"","meta":{"footnotes":""},"class_list":["post-525","page","type-page","status-publish"],"post_mailing_queue_ids":[],"_links":{"self":[{"href":"https:\/\/www.erneuerung.de\/limburg\/wp-json\/wp\/v2\/pages\/525","targetHints":{"allow":["GET"]}}],"collection":[{"href":"https:\/\/www.erneuerung.de\/limburg\/wp-json\/wp\/v2\/pages"}],"about":[{"href":"https:\/\/www.erneuerung.de\/limburg\/wp-json\/wp\/v2\/types\/page"}],"author":[{"embeddable":true,"href":"https:\/\/www.erneuerung.de\/limburg\/wp-json\/wp\/v2\/users\/453"}],"replies":[{"embeddable":true,"href":"https:\/\/www.erneuerung.de\/limburg\/wp-json\/wp\/v2\/comments?post=525"}],"version-history":[{"count":47,"href":"https:\/\/www.erneuerung.de\/limburg\/wp-json\/wp\/v2\/pages\/525\/revisions"}],"predecessor-version":[{"id":1238,"href":"https:\/\/www.erneuerung.de\/limburg\/wp-json\/wp\/v2\/pages\/525\/revisions\/1238"}],"wp:attachment":[{"href":"https:\/\/www.erneuerung.de\/limburg\/wp-json\/wp\/v2\/media?parent=525"}],"curies":[{"name":"wp","href":"https:\/\/api.w.org\/{rel}","templated":true}]}}