{"id":491,"date":"2020-03-09T10:24:11","date_gmt":"2020-03-09T09:24:11","guid":{"rendered":"https:\/\/www.erneuerung.de\/koeln\/?page_id=491"},"modified":"2023-08-24T15:57:13","modified_gmt":"2023-08-24T13:57:13","slug":"links","status":"publish","type":"page","link":"https:\/\/www.erneuerung.de\/koeln\/links\/","title":{"rendered":"Links"},"content":{"rendered":"<h6>CE-Gemeinschaften &amp; Werke IN der region<\/h6>\r\n<p>Gemeinschaft Immanuel Ravensburg\/Region West: <a href=\"https:\/\/immanuel-online.de\/ueber-uns\/\">\u00dcber uns \u2013 Gemeinschaft Immanuel (immanuel-online.de)<\/a><\/p>\r\n<p>Gemeinschaft Emmanuel, Herz-Jesu, K\u00f6ln: <a href=\"https:\/\/www.emmanuel.de\/initiativen\/emmanuel-koeln.html\">Emmanuel K\u00f6ln : Gemeinschaft Emmanuel<\/a><\/p>\r\n<p>Gemeinschaft Chemin Neuf, Bonn: <a href=\"https:\/\/www.chemin-neuf.de\/place\/st-remigius-khg\/\">St. Remigius (KHG) &#8211; Gemeinschaft Chemin Neuf (chemin-neuf.de)<\/a><\/p>\r\n<h6>\u00a0<\/h6>\r\n<h6>CE-Jugendarbeit in der Region<\/h6>\r\n<p>JCE: <a href=\"https:\/\/www.erneuerung.de\/jugend\/regionen\/\">Regionen \u2013 CE Jugend (erneuerung.de)<\/a><\/p>\r\n<p>&nbsp;<\/p>\r\n<h6>Weitere Gemeinschaften &amp; Initiativen in der Region<\/h6>\r\n<p>Nightfever im K\u00f6lner Dom: <a href=\"https:\/\/nightfever.org\/terminservice\">Terminservice &#8211; Nightfever<\/a><\/p>\r\n<p>Gebetshaus, K\u00f6ln, Jeden Donnerstag um 19.30 Uhr, Burgunderstra\u00dfe 16, 50677 K\u00f6ln: <a href=\"https:\/\/www.gebetshaus-koeln.de\/\">Gebetshaus K\u00f6ln \u2013 In Einheit Erweckung erleben (gebetshaus-koeln.de)<\/a><\/p>\r\n<p>&nbsp;<\/p>\r\n\r\n<h6>Interessantes in der Region \/ online-Angebote<\/h6>\r\n<p>HOPE House of Prayer and the Eucharist &#8211; Pfarrkirche St. Servatius, Pohlhausenstr. 1, 53332 Bornheim: <a href=\"https:\/\/anbetung-heilung.de\/die-vision\/\">Die Vision | Anbetung &amp; Heilung (anbetung-heilung.de)<\/a><\/p>\r\n<p>Immanuel Lobpreiswerkstatt, Ravensburg mit online Angeboten: <a href=\"https:\/\/immanuel-online.de\/bereiche\/lobpreiswerkstatt\/\">Lobpreiswerkstatt \u2013 Gemeinschaft Immanuel (immanuel-online.de)<\/a><\/p>\r\n<p>ALPHA-Kurse (online) und weitere Angebote, Infos bei Viktor Fischer-Emmerich: <a href=\"https:\/\/gemeindeaufbau.com\">www.gemeindeaufbau.com<\/a><\/p>\r\n<p>Christlich fundierte Psychotherapie\/Paartherapie (Viktor Fischer-Emmerich und Christine Emmerich): <a href=\"http:\/\/www.psychotherapie-k\u00f6ln.com\">http:\/\/www.psychotherapie-k\u00f6ln.com<\/a><\/p>\r\n<p>&nbsp;<\/p>\r\n<p><\/p>\r\n<p>&nbsp;<\/p>","protected":false},"excerpt":{"rendered":"<p>CE-Gemeinschaften &amp; Werke IN der region Gemeinschaft Immanuel Ravensburg\/Region West: \u00dcber uns \u2013 Gemeinschaft Immanuel (immanuel-online.de) Gemeinschaft Emmanuel, Herz-Jesu, K\u00f6ln:&#8230;<\/p>\n","protected":false},"author":453,"featured_media":0,"parent":0,"menu_order":0,"comment_status":"closed","ping_status":"closed","template":"","meta":{"footnotes":""},"class_list":["post-491","page","type-page","status-publish"],"post_mailing_queue_ids":[],"_links":{"self":[{"href":"https:\/\/www.erneuerung.de\/koeln\/wp-json\/wp\/v2\/pages\/491","targetHints":{"allow":["GET"]}}],"collection":[{"href":"https:\/\/www.erneuerung.de\/koeln\/wp-json\/wp\/v2\/pages"}],"about":[{"href":"https:\/\/www.erneuerung.de\/koeln\/wp-json\/wp\/v2\/types\/page"}],"author":[{"embeddable":true,"href":"https:\/\/www.erneuerung.de\/koeln\/wp-json\/wp\/v2\/users\/453"}],"replies":[{"embeddable":true,"href":"https:\/\/www.erneuerung.de\/koeln\/wp-json\/wp\/v2\/comments?post=491"}],"version-history":[{"count":19,"href":"https:\/\/www.erneuerung.de\/koeln\/wp-json\/wp\/v2\/pages\/491\/revisions"}],"predecessor-version":[{"id":797,"href":"https:\/\/www.erneuerung.de\/koeln\/wp-json\/wp\/v2\/pages\/491\/revisions\/797"}],"wp:attachment":[{"href":"https:\/\/www.erneuerung.de\/koeln\/wp-json\/wp\/v2\/media?parent=491"}],"curies":[{"name":"wp","href":"https:\/\/api.w.org\/{rel}","templated":true}]}}