{"id":17,"date":"2019-12-17T16:03:38","date_gmt":"2019-12-17T15:03:38","guid":{"rendered":"http:\/\/www.erneuerung.de\/kidsce\/?page_id=17"},"modified":"2025-12-16T20:30:08","modified_gmt":"2025-12-16T19:30:08","slug":"kidsce","status":"publish","type":"page","link":"https:\/\/www.erneuerung.de\/kidsce\/","title":{"rendered":"KidsCE"},"content":{"rendered":"<div class=\"wpb-content-wrapper\"><p>[vc_row][vc_column][vc_single_image image=&#8220;36&#8243; img_size=&#8220;full&#8220; css=&#8220;.vc_custom_1765913395729{background-image: url(https:\/\/www.erneuerung.de\/kidsce\/wp-content\/uploads\/sites\/30\/2019\/12\/Bild1a.jpg?id=36) !important;background-position: 0 0 !important;background-repeat: no-repeat !important;}&#8220;][\/vc_column][\/vc_row][vc_row][vc_column][vc_column_text css=&#8220;&#8220;]<\/p>\n<h2>KidsCE &#8211; was ist das ?<\/h2>\n<p>Die KidsCE ist der Kinderdienst der Charismatischen Erneuerung (CE), einer geistlichen Bewegung in der Katholischen Kirche. Unser Ziel und Anliegen ist es, Kinder bis 13 Jahre zu einem Leben mit Jesus Christus aus der Kraft des Heiligen Geistes in der Kirche zu f\u00fchren. \u201eLasst die Kinder zu mir kommen; hindert sie nicht daran! Denn ihnen geh\u00f6rt das Himmelreich,\u201c sagt Jesus Christus in Matth\u00e4us 19,14.<br \/>\nWir machen die Erfahrung, dass Kinder jeden Alters an einer pers\u00f6nlichen Beziehung mit Gott interessiert sind. Bei uns h\u00f6ren sie, dass sie von Gott gewollt, geliebt und angenommen sind.<\/p>\n<h2>Sie lernen<\/h2>\n<p>Gott als ihren Vater im Himmel<br \/>\nJesus als ihren besten Freund und Erl\u00f6ser und<br \/>\nden Hl. Geist als ihren Ratgeber und Helfer kennen.<\/p>\n<h2>Worauf es ankommt<\/h2>\n<p>Freundschaft mit Gott und Freundschaft mit Menschen.<br \/>\nWir wollen keine Kinderbetreuung leisten, sondern Kinder einladen, eine pers\u00f6nliche Beziehung zu Jesus zu finden und ihm zu folgen.<br \/>\nUns ist es ein gro\u00dfes Anliegen, dass Kinder mit Freude und Spa\u00df den Glauben erleben.<br \/>\nWir wollen die Welt der Kinder aufgreifen und auf diesem Hintergrund das Evangelium verk\u00fcnden. Sie sollen sich selber, ihre F\u00e4higkeiten und Gaben entdecken und dadurch in ihrer Pers\u00f6nlichkeit gest\u00e4rkt werden.<\/p>\n<p>Der Stil des Kinderdienstes ist gepr\u00e4gt von der Spiritualit\u00e4t der Charismatischen Erneuerung. Wichtige Elemente darin sind kreativer Lobpreis, Segnungsgebet, Lehre und praktische Umsetzung.<\/p>\n<p>Innerhalb der CE gibt es Gemeinschaften und Gruppen mit Angeboten f\u00fcr Kindern von 0-13 Jahren, z.B. Kindergebetskreise und Kindercamps, die sich in der KidsCE verbunden wissen.<\/p>\n<h2>Ziel dieser Vernetzung ist<\/h2>\n<p><img class=\"alignleft size-medium wp-image-23\" src=\"https:\/\/www.erneuerung.de\/kidsce\/wp-content\/uploads\/sites\/30\/2019\/12\/Kids1-300x300.jpg\" alt=\"\" width=\"300\" height=\"300\" srcset=\"https:\/\/www.erneuerung.de\/kidsce\/wp-content\/uploads\/sites\/30\/2019\/12\/Kids1-300x300.jpg 300w, https:\/\/www.erneuerung.de\/kidsce\/wp-content\/uploads\/sites\/30\/2019\/12\/Kids1-150x150.jpg 150w, https:\/\/www.erneuerung.de\/kidsce\/wp-content\/uploads\/sites\/30\/2019\/12\/Kids1-256x256.jpg 256w, https:\/\/www.erneuerung.de\/kidsce\/wp-content\/uploads\/sites\/30\/2019\/12\/Kids1-600x600.jpg 600w, https:\/\/www.erneuerung.de\/kidsce\/wp-content\/uploads\/sites\/30\/2019\/12\/Kids1-100x100.jpg 100w, https:\/\/www.erneuerung.de\/kidsce\/wp-content\/uploads\/sites\/30\/2019\/12\/Kids1.jpg 750w\" sizes=\"(max-width: 300px) 100vw, 300px\" \/>voneinander lernen<br \/>\nIdeen und Materialien austauschen (Homepage)<br \/>\ngemeinsame Projekte durchf\u00fchren (Camps, Schulun\u00adgen usw.)<br \/>\nuns im Gebet st\u00e4rken und von Gott die Richtung zeigen lassen<br \/>\nalle MitarbeiterInnen einmal j\u00e4hrlich zusammenbringen<br \/>\ndie Entstehung von Kindergruppen und Initiativen f\u00f6rdern und diese miteinander vernetzen<\/p>\n<h2><\/h2>\n<h2>Die Charismatische Erneuerung<\/h2>\n<p>Seit Ende der 60er Jahre gibt es in der Katholischen Kirche \u2013 wie in anderen christlichen Kirchen \u2013 einen neuen geistlichen Aufbruch.Viele Menschen erfahren diesen als ein Geschenk des Heiligen Geistes, als ein neues pers\u00f6nliches Pfingsten. Dieser Aufbruch wird Charismatische Erneuerung genannt (Charisma = griech. Geschenk; Charismatische Erneuerung = eine von Gott geschenkte Erneuerung). \u201eChristliche Gemeinden, Gemein schaften und die neuen geistlichen Bewegungen bieten Menschen einen Lebensraum an. Sie helfen dem Menschen, der nach Sinn sucht, in einem Netz von Beziehungen den Glauben zu erfahren und zu leben.\u201c (Die Deutschen Bisch\u00f6fe. \u201cZeit zur Aussaat Missionarisch Kirche sein&#8220;, S. 25)<\/p>\n<p>&nbsp;<\/p>\n<p>&nbsp;<\/p>\n<p>[\/vc_column_text][\/vc_column][\/vc_row]<\/p>\n<\/div>","protected":false},"excerpt":{"rendered":"<p>[vc_row][vc_column][vc_single_image image=&#8220;36&#8243; img_size=&#8220;full&#8220; css=&#8220;.vc_custom_1765913395729{background-image: url(https:\/\/www.erneuerung.de\/kidsce\/wp-content\/uploads\/sites\/30\/2019\/12\/Bild1a.jpg?id=36) !important;background-position: 0 0 !important;background-repeat: no-repeat !important;}&#8220;][\/vc_column][\/vc_row][vc_row][vc_column][vc_column_text css=&#8220;&#8220;] KidsCE &#8211; was ist das ? Die KidsCE&#8230;<\/p>\n","protected":false},"author":1,"featured_media":0,"parent":0,"menu_order":0,"comment_status":"closed","ping_status":"closed","template":"","meta":{"footnotes":""},"class_list":["post-17","page","type-page","status-publish"],"post_mailing_queue_ids":[],"_links":{"self":[{"href":"https:\/\/www.erneuerung.de\/kidsce\/wp-json\/wp\/v2\/pages\/17","targetHints":{"allow":["GET"]}}],"collection":[{"href":"https:\/\/www.erneuerung.de\/kidsce\/wp-json\/wp\/v2\/pages"}],"about":[{"href":"https:\/\/www.erneuerung.de\/kidsce\/wp-json\/wp\/v2\/types\/page"}],"author":[{"embeddable":true,"href":"https:\/\/www.erneuerung.de\/kidsce\/wp-json\/wp\/v2\/users\/1"}],"replies":[{"embeddable":true,"href":"https:\/\/www.erneuerung.de\/kidsce\/wp-json\/wp\/v2\/comments?post=17"}],"version-history":[{"count":12,"href":"https:\/\/www.erneuerung.de\/kidsce\/wp-json\/wp\/v2\/pages\/17\/revisions"}],"predecessor-version":[{"id":241,"href":"https:\/\/www.erneuerung.de\/kidsce\/wp-json\/wp\/v2\/pages\/17\/revisions\/241"}],"wp:attachment":[{"href":"https:\/\/www.erneuerung.de\/kidsce\/wp-json\/wp\/v2\/media?parent=17"}],"curies":[{"name":"wp","href":"https:\/\/api.w.org\/{rel}","templated":true}]}}