{"id":591,"date":"2020-02-10T23:57:54","date_gmt":"2020-02-10T22:57:54","guid":{"rendered":"https:\/\/www.erneuerung.de\/jugend\/?page_id=591"},"modified":"2024-02-28T11:28:09","modified_gmt":"2024-02-28T10:28:09","slug":"jmc","status":"publish","type":"page","link":"https:\/\/www.erneuerung.de\/jugend\/regionen\/jmc\/","title":{"rendered":"JmC"},"content":{"rendered":"<div class=\"wpb-content-wrapper\"><p>[vc_row][vc_column][vc_column_text]<\/p>\n<h3><strong>JmC \u2013 Jugend mit Christus<\/strong><\/h3>\n<p>Wir sind eine lebendige Gemeinschaft, die ihre Freude an coolen Aktionen hat. Im Lobpreis, in der Hl. Messe und vielen spannenden Lehren erleben wir Gott auf eine neue pers\u00f6nliche Art. Abends gibt es die M\u00f6glichkeit bei Spielen und Getr\u00e4nken ins Gespr\u00e4ch zu kommen.<\/p>\n<h4><strong>Komm vorbei, wir freuen uns auf DICH!<\/strong><\/h4>\n<p><strong>Wir sind die Jugendgruppe von FmC (Familien mit Christus) und treffen uns regelm\u00e4\u00dfig in Heiligenbrunn<\/strong><\/p>\n<p>Wir h<img class=\"alignleft\" src=\"https:\/\/www.erneuerung.de\/jugend\/wp-content\/uploads\/sites\/31\/2020\/05\/Logo_rot-285x300.png\" alt=\"\" width=\"134\" height=\"141\" \/>aben 3x im Jahr <em>Jugendwochenenden<\/em> und 1 x eine <em>Jugendwoche<\/em><\/p>\n<p>Mehr Infos auf: <a href=\"http:\/\/www.jugendmitchristus.de\/\" target=\"_blank\" rel=\"noopener noreferrer\">www.jugendmitchristus.de<\/a><\/p>\n<p>Kontakt: <a href=\"mailto:kontakt@jugendmitchristus.de\">kontakt@jugendmitchristus.de<\/a><\/p>\n<p>Anmeldung unter: <a href=\"mailto:anmeldung@jugendmitchristus.de\">anmeldung@jugendmitchristus.de<\/a><\/p>\n<h4>Leitungsteam<\/h4>\n<p>Stephan Beier<\/p>\n<p>Tabea Bitterlich<\/p>\n<p>Joel Bitterlich<\/p>\n<p>Jakob K\u00f6nig[\/vc_column_text][\/vc_column][\/vc_row]<\/p>\n<\/div>","protected":false},"excerpt":{"rendered":"<p>[vc_row][vc_column][vc_column_text] JmC \u2013 Jugend mit Christus Wir sind eine lebendige Gemeinschaft, die ihre Freude an coolen Aktionen hat. Im Lobpreis,&#8230;<\/p>\n","protected":false},"author":457,"featured_media":0,"parent":503,"menu_order":0,"comment_status":"closed","ping_status":"closed","template":"","meta":{"footnotes":""},"class_list":["post-591","page","type-page","status-publish"],"post_mailing_queue_ids":[],"_links":{"self":[{"href":"https:\/\/www.erneuerung.de\/jugend\/wp-json\/wp\/v2\/pages\/591","targetHints":{"allow":["GET"]}}],"collection":[{"href":"https:\/\/www.erneuerung.de\/jugend\/wp-json\/wp\/v2\/pages"}],"about":[{"href":"https:\/\/www.erneuerung.de\/jugend\/wp-json\/wp\/v2\/types\/page"}],"author":[{"embeddable":true,"href":"https:\/\/www.erneuerung.de\/jugend\/wp-json\/wp\/v2\/users\/457"}],"replies":[{"embeddable":true,"href":"https:\/\/www.erneuerung.de\/jugend\/wp-json\/wp\/v2\/comments?post=591"}],"version-history":[{"count":14,"href":"https:\/\/www.erneuerung.de\/jugend\/wp-json\/wp\/v2\/pages\/591\/revisions"}],"predecessor-version":[{"id":2545,"href":"https:\/\/www.erneuerung.de\/jugend\/wp-json\/wp\/v2\/pages\/591\/revisions\/2545"}],"up":[{"embeddable":true,"href":"https:\/\/www.erneuerung.de\/jugend\/wp-json\/wp\/v2\/pages\/503"}],"wp:attachment":[{"href":"https:\/\/www.erneuerung.de\/jugend\/wp-json\/wp\/v2\/media?parent=591"}],"curies":[{"name":"wp","href":"https:\/\/api.w.org\/{rel}","templated":true}]}}