{"id":543,"date":"2020-02-10T13:21:23","date_gmt":"2020-02-10T12:21:23","guid":{"rendered":"https:\/\/www.erneuerung.de\/jugend\/?page_id=543"},"modified":"2025-03-22T17:15:21","modified_gmt":"2025-03-22T16:15:21","slug":"startup-west","status":"publish","type":"page","link":"https:\/\/www.erneuerung.de\/jugend\/regionen\/startup-west\/","title":{"rendered":"startup-west"},"content":{"rendered":"<div class=\"wpb-content-wrapper\"><p>[vc_row][vc_column][vc_column_text css=&#8220;&#8220;]<strong><img class=\"size-full wp-image-671 alignleft\" src=\"https:\/\/www.erneuerung.de\/jugend\/wp-content\/uploads\/sites\/31\/2020\/02\/deutschlandkarte_ausschnitt_startup_west.png\" alt=\"\" width=\"160\" height=\"160\" srcset=\"https:\/\/www.erneuerung.de\/jugend\/wp-content\/uploads\/sites\/31\/2020\/02\/deutschlandkarte_ausschnitt_startup_west.png 160w, https:\/\/www.erneuerung.de\/jugend\/wp-content\/uploads\/sites\/31\/2020\/02\/deutschlandkarte_ausschnitt_startup_west-150x150.png 150w, https:\/\/www.erneuerung.de\/jugend\/wp-content\/uploads\/sites\/31\/2020\/02\/deutschlandkarte_ausschnitt_startup_west-100x100.png 100w\" sizes=\"(max-width: 160px) 100vw, 160px\" \/>Die Jugendarbeit der Charismatischen Erneuerung in der Region Osnabr\u00fcck, Paderborn und Bielefeld <\/strong><\/p>\n<p>Mehrmals im Jahr treffen wir uns, um Gemeinschaft zu leben und Zeit mit Gott zu verbringen, von dem wir glauben, dass er uns kennt und uns begegnen will.<\/p>\n<p>Auf unseren Jugendwochenenden findest du deshalb Gebetszeiten, Lobpreis, Lehre, sowie Spa\u00df, Aktion, coole Leute und lecker Essen.<\/p>\n<p>Ganz ungezwungen kannst du uns an einem Wochenende kennenlernen und erleben, was unser startup-west so besonders macht. Wir freuen uns immer \u00fcber neue Gesichter. Hab keine Scheu uns bei Fragen zu kontaktieren, per Mail oder DM auf Instagram und Facebook. Herzlich willkommen!<\/p>\n<p>Um zu sehen wer wir sind und was wir machen kannst du uns auch auf <a href=\"https:\/\/www.instagram.com\/startupwest\/?hl=de\" target=\"_blank\" rel=\"noopener noreferrer\"><strong>Instagram<\/strong><\/a> folgen.<\/p>\n<p>&#8222;Wer glaubt ist nie allein&#8220; (Papst Benedikt XVI.)<\/p>\n<p><strong>Ort:<\/strong><br \/>\nCVJM Senneheim<br \/>\nFeuerbachweg 14<br \/>\n33659 Bielefeld<\/p>\n<p><strong>Kosten:<\/strong> 40 Euro<\/p>\n<p><strong>Termine:<\/strong> Unsere n\u00e4chsten Jugendwochenenden findest du unter <a href=\"https:\/\/www.erneuerung.de\/jugend\/veranstaltungen\/\">Events<\/a>.<\/p>\n<p><strong>Termine 2025:<\/strong><\/p>\n<ul>\n<li>21.-23. M\u00e4rz 2025<\/li>\n<li>02.-04. Mai 2025<\/li>\n<li>26.-28. September 2025<\/li>\n<li>12.-14.Dezember 2025<\/li>\n<\/ul>\n<p>Wir freuen uns auf euch!<\/p>\n<p>&nbsp;<\/p>\n<p>Genauere Infos gibt es immer vor den Wochenenden per E-Mail.<\/p>\n<p>Du bist zwischen 13 und 19 Jahren und hast Fragen, oder willst dich auf dem Laufenden halten? Dann schreib uns eine E-Mail an <span id=\"cloak0b0a5b09971b54e9fc956d271e2a1c11\"><a href=\"mailto:startupwest@gmail.com\">startupwest@gmail.com<\/a>.<\/span><\/p>\n<p>!!! \u00dc18: Leider wird es vorerst keine \u00dc18 Wochenenden mehr geben. Wir informieren an dieser Stelle sowie per Mail und auf unseren Social Media Kan\u00e4len, wenn sich etwas Neues ergibt.<\/p>\n<h3>Leitungsteam<\/h3>\n<p>Tobias Heine<\/p>\n<p>Leah Niehoff<\/p>\n<p>Johannes Spiekermann<\/p>\n<p>Vivian von Zelewski<\/p>\n<p>&nbsp;<\/p>\n<p><img class=\"alignnone size-medium wp-image-1404\" src=\"https:\/\/www.erneuerung.de\/jugend\/wp-content\/uploads\/sites\/31\/2020\/04\/cUmS3R1m-242x300.png\" alt=\"\" width=\"242\" height=\"300\" srcset=\"https:\/\/www.erneuerung.de\/jugend\/wp-content\/uploads\/sites\/31\/2020\/04\/cUmS3R1m-242x300.png 242w, https:\/\/www.erneuerung.de\/jugend\/wp-content\/uploads\/sites\/31\/2020\/04\/cUmS3R1m-825x1024.png 825w, https:\/\/www.erneuerung.de\/jugend\/wp-content\/uploads\/sites\/31\/2020\/04\/cUmS3R1m-768x953.png 768w, https:\/\/www.erneuerung.de\/jugend\/wp-content\/uploads\/sites\/31\/2020\/04\/cUmS3R1m-1238x1536.png 1238w, https:\/\/www.erneuerung.de\/jugend\/wp-content\/uploads\/sites\/31\/2020\/04\/cUmS3R1m-600x744.png 600w, https:\/\/www.erneuerung.de\/jugend\/wp-content\/uploads\/sites\/31\/2020\/04\/cUmS3R1m.png 1492w\" sizes=\"(max-width: 242px) 100vw, 242px\" \/>[\/vc_column_text][\/vc_column][\/vc_row]<\/p>\n<\/div>","protected":false},"excerpt":{"rendered":"<p>[vc_row][vc_column][vc_column_text css=&#8220;&#8220;]Die Jugendarbeit der Charismatischen Erneuerung in der Region Osnabr\u00fcck, Paderborn und Bielefeld Mehrmals im Jahr treffen wir uns, um&#8230;<\/p>\n","protected":false},"author":453,"featured_media":0,"parent":503,"menu_order":0,"comment_status":"closed","ping_status":"closed","template":"","meta":{"footnotes":""},"class_list":["post-543","page","type-page","status-publish"],"post_mailing_queue_ids":[],"_links":{"self":[{"href":"https:\/\/www.erneuerung.de\/jugend\/wp-json\/wp\/v2\/pages\/543","targetHints":{"allow":["GET"]}}],"collection":[{"href":"https:\/\/www.erneuerung.de\/jugend\/wp-json\/wp\/v2\/pages"}],"about":[{"href":"https:\/\/www.erneuerung.de\/jugend\/wp-json\/wp\/v2\/types\/page"}],"author":[{"embeddable":true,"href":"https:\/\/www.erneuerung.de\/jugend\/wp-json\/wp\/v2\/users\/453"}],"replies":[{"embeddable":true,"href":"https:\/\/www.erneuerung.de\/jugend\/wp-json\/wp\/v2\/comments?post=543"}],"version-history":[{"count":24,"href":"https:\/\/www.erneuerung.de\/jugend\/wp-json\/wp\/v2\/pages\/543\/revisions"}],"predecessor-version":[{"id":2816,"href":"https:\/\/www.erneuerung.de\/jugend\/wp-json\/wp\/v2\/pages\/543\/revisions\/2816"}],"up":[{"embeddable":true,"href":"https:\/\/www.erneuerung.de\/jugend\/wp-json\/wp\/v2\/pages\/503"}],"wp:attachment":[{"href":"https:\/\/www.erneuerung.de\/jugend\/wp-json\/wp\/v2\/media?parent=543"}],"curies":[{"name":"wp","href":"https:\/\/api.w.org\/{rel}","templated":true}]}}