{"id":495,"date":"2020-02-10T12:21:30","date_gmt":"2020-02-10T11:21:30","guid":{"rendered":"https:\/\/www.erneuerung.de\/jugend\/?page_id=495"},"modified":"2023-03-21T11:10:13","modified_gmt":"2023-03-21T10:10:13","slug":"g4c","status":"publish","type":"page","link":"https:\/\/www.erneuerung.de\/jugend\/regionen\/g4c\/","title":{"rendered":"G4C"},"content":{"rendered":"<div class=\"wpb-content-wrapper\"><p>[vc_row][vc_column][vc_column_text]<img class=\" wp-image-496 alignleft\" src=\"https:\/\/www.erneuerung.de\/jugend\/wp-content\/uploads\/sites\/31\/2020\/02\/deutschlandkarte_ausschnitt_g4c.png\" alt=\"\" width=\"180\" height=\"180\" srcset=\"https:\/\/www.erneuerung.de\/jugend\/wp-content\/uploads\/sites\/31\/2020\/02\/deutschlandkarte_ausschnitt_g4c.png 160w, https:\/\/www.erneuerung.de\/jugend\/wp-content\/uploads\/sites\/31\/2020\/02\/deutschlandkarte_ausschnitt_g4c-150x150.png 150w, https:\/\/www.erneuerung.de\/jugend\/wp-content\/uploads\/sites\/31\/2020\/02\/deutschlandkarte_ausschnitt_g4c-100x100.png 100w\" sizes=\"(max-width: 180px) 100vw, 180px\" \/><strong>G4C &#8211; Generation for Christ<\/strong><\/p>\n<p>G4C steht f\u00fcr &#8222;Generation 4 (for) Christ&#8220; und soll unsere Begeisterung und Liebe zu Jesus zeigen. Jeden Freitag treffen wir uns um 19 Uhr zum gemeinsamen Essen, Lobpreis, Impuls, Austausch, coolen Aktionen und einfach zum Chillen.<br \/>\nNeben der w\u00f6chentlichen Treffen haben wir au\u00dferdem pro Jahr zwei Wochenenden und ein einw\u00f6chiges Camp, bei dem sich 40 &#8211; 50 Jugendliche versammeln, um gemeinsam Gott zu preisen und super viel Spa\u00df zu haben.<br \/>\nNeben der JCE geh\u00f6ren wir zu der Pfarrgemeinde St. Andreas in Biburg und der Koinonia Gemeinschaft.<\/p>\n<p>Homepage: <a href=\"http:\/\/www.g4c-augsburg.de\">g4c-augsburg.de<\/a><\/p>\n<p>E-Mail: <a href=\"mailto:info@g4c-augsburg.de\">info@g4c-augsburg.de<\/a><\/p>\n<p>&nbsp;<\/p>\n<h3>Kontaktdaten<\/h3>\n<p>Ort:<br \/>\nRommelsrieder Str. 25<br \/>\n86420 Biburg<\/p>\n<p>Wir treffen uns jeden Freitag um 19 Uhr (au\u00dfer in den bayerischen Schulferien).<\/p>\n<p>&nbsp;<\/p>\n<h3>Leitungsteam<\/h3>\n<p>Jonathan\u00a0Launhardt<\/p>\n<p>Lena Rettenmaier<\/p>\n<p>Sarah Br\u00f6de[\/vc_column_text][\/vc_column][\/vc_row]<\/p>\n<\/div>","protected":false},"excerpt":{"rendered":"<p>[vc_row][vc_column][vc_column_text]G4C &#8211; Generation for Christ G4C steht f\u00fcr &#8222;Generation 4 (for) Christ&#8220; und soll unsere Begeisterung und Liebe zu Jesus&#8230;<\/p>\n","protected":false},"author":514,"featured_media":497,"parent":503,"menu_order":0,"comment_status":"closed","ping_status":"closed","template":"","meta":{"footnotes":""},"class_list":["post-495","page","type-page","status-publish","has-post-thumbnail"],"post_mailing_queue_ids":[],"_links":{"self":[{"href":"https:\/\/www.erneuerung.de\/jugend\/wp-json\/wp\/v2\/pages\/495","targetHints":{"allow":["GET"]}}],"collection":[{"href":"https:\/\/www.erneuerung.de\/jugend\/wp-json\/wp\/v2\/pages"}],"about":[{"href":"https:\/\/www.erneuerung.de\/jugend\/wp-json\/wp\/v2\/types\/page"}],"author":[{"embeddable":true,"href":"https:\/\/www.erneuerung.de\/jugend\/wp-json\/wp\/v2\/users\/514"}],"replies":[{"embeddable":true,"href":"https:\/\/www.erneuerung.de\/jugend\/wp-json\/wp\/v2\/comments?post=495"}],"version-history":[{"count":11,"href":"https:\/\/www.erneuerung.de\/jugend\/wp-json\/wp\/v2\/pages\/495\/revisions"}],"predecessor-version":[{"id":2344,"href":"https:\/\/www.erneuerung.de\/jugend\/wp-json\/wp\/v2\/pages\/495\/revisions\/2344"}],"up":[{"embeddable":true,"href":"https:\/\/www.erneuerung.de\/jugend\/wp-json\/wp\/v2\/pages\/503"}],"wp:featuredmedia":[{"embeddable":true,"href":"https:\/\/www.erneuerung.de\/jugend\/wp-json\/wp\/v2\/media\/497"}],"wp:attachment":[{"href":"https:\/\/www.erneuerung.de\/jugend\/wp-json\/wp\/v2\/media?parent=495"}],"curies":[{"name":"wp","href":"https:\/\/api.w.org\/{rel}","templated":true}]}}