{"id":492,"date":"2020-02-10T12:18:10","date_gmt":"2020-02-10T11:18:10","guid":{"rendered":"https:\/\/www.erneuerung.de\/jugend\/?page_id=492"},"modified":"2026-03-09T14:16:07","modified_gmt":"2026-03-09T13:16:07","slug":"beblessed","status":"publish","type":"page","link":"https:\/\/www.erneuerung.de\/jugend\/regionen\/beblessed\/","title":{"rendered":"BeBlessed"},"content":{"rendered":"<div class=\"wpb-content-wrapper\"><p>[vc_row][vc_column][vc_column_text]<img class=\"alignnone wp-image-2832 size-medium\" src=\"https:\/\/www.erneuerung.de\/jugend\/wp-content\/uploads\/sites\/31\/2025\/04\/IMG_0013-300x293.jpeg\" alt=\"\" width=\"300\" height=\"293\" srcset=\"https:\/\/www.erneuerung.de\/jugend\/wp-content\/uploads\/sites\/31\/2025\/04\/IMG_0013-300x293.jpeg 300w, https:\/\/www.erneuerung.de\/jugend\/wp-content\/uploads\/sites\/31\/2025\/04\/IMG_0013-1024x1000.jpeg 1024w, https:\/\/www.erneuerung.de\/jugend\/wp-content\/uploads\/sites\/31\/2025\/04\/IMG_0013-768x750.jpeg 768w, https:\/\/www.erneuerung.de\/jugend\/wp-content\/uploads\/sites\/31\/2025\/04\/IMG_0013-1536x1500.jpeg 1536w, https:\/\/www.erneuerung.de\/jugend\/wp-content\/uploads\/sites\/31\/2025\/04\/IMG_0013-600x586.jpeg 600w, https:\/\/www.erneuerung.de\/jugend\/wp-content\/uploads\/sites\/31\/2025\/04\/IMG_0013.jpeg 2048w\" sizes=\"(max-width: 300px) 100vw, 300px\" \/><\/p>\n<h5><strong>Segen &amp; Heimat<\/strong><\/h5>\n<p>Wie oben genannt ist, ist unsere Vision, an den Orten wo wir sind Segen und Heimat zu leben.<br \/>\nWir sind eine Jugendgruppe, die sich mehrmals im Jahr trifft, um mit echter Freude den Herrn zu loben und anzubeten.<br \/>\nUnser Ziel ist es, einen sicheren Ort zu schaffen, an dem junge Menschen, genauso wie sie sind, echt und ohne Masken vor Gott treten k\u00f6nnen.<\/p>\n<p>BeBlessed m\u00f6chte Teenagern und jungen Erwachsenen die M\u00f6glichkeit bieten, den Herrn und seine gro\u00dfartige Liebe besser kennenzulernen. Im Fokus steht also die Herz-zu-Herz Begegnung mit Jesus.<\/p>\n<p>\u00bbFreut euch im Herrn. Ich betone es noch einmal: Freut euch!\u00ab<br \/>\n-Philipperbrief 4,4<\/p>\n<div><\/div>\n<div>\n<p><strong>Weitere Infos erh\u00e4ltst du hier:<span class=\"Apple-converted-space\">\u00a0<\/span><\/strong><span class=\"Apple-converted-space\">beblessed.weekend@gmail.com<br \/>\n<\/span>Du bist neugierig geworden und m\u00f6chtest wissen, wer wir sind? Dann besuche uns doch auf<span style=\"color: #ff6600\"> <a style=\"color: #ff6600\" href=\"https:\/\/www.instagram.com\/beblessed_wochenende\/?hl=de\" target=\"_blank\" rel=\"noopener\">Instagram<\/a>\u00a0<\/span>\ud83d\ude42<\/p>\n<p><strong>Unsere Events findest du hier:<br \/>\n<\/strong><a href=\"https:\/\/www.erneuerung.de\/jugend\/events\/alive25-jesus-over-everything\/\">02-05.10.25<\/a> Alive25 Happening<br \/>\n<a href=\"https:\/\/www.erneuerung.de\/jugend\/events\/beblessed-jugendwochenende-4\/\">12-14.12.25<\/a><br \/>\n<a href=\"https:\/\/www.erneuerung.de\/jugend\/events\/beblessed-jugendwochenende-5\/\">30-01.02.26<\/a><br \/>\n<a href=\"https:\/\/www.erneuerung.de\/jugend\/events\/beblessed-kidswochenende\/\">13-15.03.26<\/a> Kids<br \/>\n<a href=\"https:\/\/www.erneuerung.de\/jugend\/events\/beblessed-jugendwochenende-6\/\">10-12.04.26<\/a><br \/>\n<a href=\"https:\/\/www.erneuerung.de\/jugend\/events\/beblessed-jugendwochenende-7\/\">08-10.05.26<\/a><\/p>\n<\/div>\n<h3>Leitung<\/h3>\n<p>Philipp Marschall \u00a0\/ \u00a0Teamleitung &amp; Koch<\/p>\n<p>Johanna Knoke \u00a0\/ \u00a0Department f\u00fcr Jugendveranstaltungen<\/p>\n<p>Hanna H\u00e4usler \u00a0\/ \u00a0Department f\u00fcr Kinderveranstaltungen<\/p>\n<p>Esther Beier \/ Department f\u00fcr Tagesveranstaltungen<\/p>\n<p>Laura Ott \u00a0\/ \u00a0Design &amp; gute Seele \ud83d\ude09<\/p>\n<p>[\/vc_column_text][\/vc_column][\/vc_row]<\/p>\n<\/div>","protected":false},"excerpt":{"rendered":"<p>[vc_row][vc_column][vc_column_text] Segen &amp; Heimat Wie oben genannt ist, ist unsere Vision, an den Orten wo wir sind Segen und Heimat&#8230;<\/p>\n","protected":false},"author":453,"featured_media":2268,"parent":503,"menu_order":0,"comment_status":"closed","ping_status":"closed","template":"","meta":{"footnotes":""},"class_list":["post-492","page","type-page","status-publish","has-post-thumbnail"],"post_mailing_queue_ids":[],"_links":{"self":[{"href":"https:\/\/www.erneuerung.de\/jugend\/wp-json\/wp\/v2\/pages\/492","targetHints":{"allow":["GET"]}}],"collection":[{"href":"https:\/\/www.erneuerung.de\/jugend\/wp-json\/wp\/v2\/pages"}],"about":[{"href":"https:\/\/www.erneuerung.de\/jugend\/wp-json\/wp\/v2\/types\/page"}],"author":[{"embeddable":true,"href":"https:\/\/www.erneuerung.de\/jugend\/wp-json\/wp\/v2\/users\/453"}],"replies":[{"embeddable":true,"href":"https:\/\/www.erneuerung.de\/jugend\/wp-json\/wp\/v2\/comments?post=492"}],"version-history":[{"count":26,"href":"https:\/\/www.erneuerung.de\/jugend\/wp-json\/wp\/v2\/pages\/492\/revisions"}],"predecessor-version":[{"id":2937,"href":"https:\/\/www.erneuerung.de\/jugend\/wp-json\/wp\/v2\/pages\/492\/revisions\/2937"}],"up":[{"embeddable":true,"href":"https:\/\/www.erneuerung.de\/jugend\/wp-json\/wp\/v2\/pages\/503"}],"wp:featuredmedia":[{"embeddable":true,"href":"https:\/\/www.erneuerung.de\/jugend\/wp-json\/wp\/v2\/media\/2268"}],"wp:attachment":[{"href":"https:\/\/www.erneuerung.de\/jugend\/wp-json\/wp\/v2\/media?parent=492"}],"curies":[{"name":"wp","href":"https:\/\/api.w.org\/{rel}","templated":true}]}}