{"id":2495,"date":"2024-01-31T17:18:47","date_gmt":"2024-01-31T16:18:47","guid":{"rendered":"https:\/\/www.erneuerung.de\/jugend\/?page_id=2495"},"modified":"2025-03-22T17:21:56","modified_gmt":"2025-03-22T16:21:56","slug":"sommercamps-2024","status":"publish","type":"page","link":"https:\/\/www.erneuerung.de\/jugend\/sommercamps-2024\/","title":{"rendered":"Sommercamps 2024"},"content":{"rendered":"<div class=\"wpb-content-wrapper\"><p>[vc_row][vc_column][vc_column_text]<\/p>\n<h1 style=\"font-weight: 400\">Alive24 (Bad Kissingen, S\u00fcddeutschland)<\/h1>\n<p style=\"font-weight: 400\">Datum: 03.-08.08.2024<\/p>\n<p style=\"font-weight: 400\">Ort: Bad Kissingen<\/p>\n<p style=\"font-weight: 400\">Zielgruppe: 13-20<\/p>\n<p style=\"font-weight: 400\">Alle tun es, aber die wenigsten bewusst: Leben. Aber wie wollen wir leben? Was heisst Leben mit Jesus? Im Sommer 2024 gehen wir diesen Fragen eine Woche lang auf den Grund. Erlebe Gottes Wirken in v\u00f6llig neuen Dimensionen, fernab von religi\u00f6sem Spiessertum &#8211; mitten in der \u00fcberfliessenden Freude einer jesus-begeisterten Community. Mach dich bereit f\u00fcr 6 Tage tiefe Begegnung mit Gott, Gemeinschaft und Inputs, die dich auf eine Reise in ungeahnte Freude und Freiheit einladen. Alive24 &#8211; dein Aufbruch in ein Leben in F\u00fclle.<\/p>\n<p>Anmeldeschluss: 28.07.2024<\/p>\n<p style=\"font-weight: 400\">Preise: EarlyBirdPreis 140,- \u20ac (bis 31.05.2024), ab 01.06.2024 155,- \u20ac, (10,- \u20ac Geschwisterrabatt, wenn auch Geschwister von dir teilnehmen), Stornogeb\u00fchren: 20 ,- \u20ac<\/p>\n<p style=\"font-weight: 400\">Leitung: Samuel Hartl, Jeremias Hemberger, Johanna Knoke, Samuel Sester<\/p>\n<p style=\"font-weight: 400\">Leistung: Unterkunft im Zelt, Vollverpflegung, Programm, Leitung<\/p>\n<p>[\/vc_column_text][\/vc_column][\/vc_row][vc_row][vc_column][vc_column_text]<\/p>\n<h1 style=\"font-weight: 400\">LPA Sommercamp (St\u00e4fa bei z\u00fcrich, Schweiz)<\/h1>\n<p style=\"font-weight: 400\">Datum: 08.-13.08.2024<\/p>\n<p style=\"font-weight: 400\">Ort: 8712-CH St\u00e4fa, Schweiz<\/p>\n<p style=\"font-weight: 400\">Zielgruppe: 13-18<\/p>\n<p>Anmeldeschluss: 24.07.2024<\/p>\n<p style=\"font-weight: 400\">Preis: 220,- \u20ac<\/p>\n<p style=\"font-weight: 400\">Leitung: Timo Blansche und Team<\/p>\n<p style=\"font-weight: 400\">Leistung: Unterkunft, Vollverpflegung, Programm, Leitung, Anreise ab Ravensburg<\/p>\n<p><strong>Anmeldung https:\/\/immanuel.church.tools\/publicgroup\/253<br \/>\n<\/strong><\/p>\n<p>Wir bitten alle die schon beim Alive oder StartUP angemeldet sind und auch noch zu diesem Sommercamp kommen wollen uns eine kurze Mail zu schreiben, da wir Leuten ohne Sommercamp den Vortritt lassen wollen.<\/p>\n<p>Veranstalter: Gemeinschaft Immanuel Ravensburg e.V.<\/p>\n<h3><a href=\"https:\/\/www.erneuerung.de\/jugend\/events\/lpa-sommercamp-2024\/\">Anmeldung &#8211; LPA Sommercamp<\/a><\/h3>\n<p>[\/vc_column_text][vc_column_text][\/vc_column_text][\/vc_column][\/vc_row][vc_row][vc_column][vc_column_text]<\/p>\n<h1 style=\"font-weight: 400\">STARTUP Sommercamp (Helminghausen, NRW)<\/h1>\n<p style=\"font-weight: 400\">Datum: 26.-30.07.2024<\/p>\n<p style=\"font-weight: 400\">Ort: Diemeltalweg 6, 34431 Helminghausen<\/p>\n<p style=\"font-weight: 400\">Zielgruppe: 13-18<\/p>\n<p>Anmeldeschluss: 20.07.2024<\/p>\n<p style=\"font-weight: 400\">Preis: EarlyBirdPreis 85,- \u20ac (bis 01.07.2024), ab 02.07.2024 95,- \u20ac, (10,- \u20ac Geschwisterrabatt, wenn auch Geschwister von dir teilnehmen), Stornogeb\u00fchren: 20 ,- \u20ac<\/p>\n<p style=\"font-weight: 400\">Leitung: Leah Niehoff, Vivian von Zelewski und Team<\/p>\n<p style=\"font-weight: 400\">Leistung: Unterkunft, Vollverpflegung, Programm, Leitung<\/p>\n<p>Veranstalter:CE e.V.<\/p>\n<p><strong>Zum Flyer geht es <a href=\"https:\/\/www.erneuerung.de\/jugend\/wp-content\/uploads\/sites\/31\/2024\/04\/Startup_Sommercamp.pdf\" target=\"_blank\" rel=\"noopener\">hier<\/a>.<\/strong><\/p>\n<h3>Anmeldung &#8211; startup Sommercamp<\/h3>\n<p>Anmeldung \u00fcber <a href=\"mailto:startupwest@gmail.com\">Email<\/a> mit Namen, Adresse und Geburtsdatum.<\/p>\n<p>[\/vc_column_text][\/vc_column][\/vc_row]<\/p>\n<\/div>","protected":false},"excerpt":{"rendered":"<p>[vc_row][vc_column][vc_column_text] Alive24 (Bad Kissingen, S\u00fcddeutschland) Datum: 03.-08.08.2024 Ort: Bad Kissingen Zielgruppe: 13-20 Alle tun es, aber die wenigsten bewusst: Leben&#8230;.<\/p>\n","protected":false},"author":457,"featured_media":0,"parent":0,"menu_order":0,"comment_status":"closed","ping_status":"closed","template":"","meta":{"footnotes":""},"class_list":["post-2495","page","type-page","status-publish"],"post_mailing_queue_ids":[],"_links":{"self":[{"href":"https:\/\/www.erneuerung.de\/jugend\/wp-json\/wp\/v2\/pages\/2495","targetHints":{"allow":["GET"]}}],"collection":[{"href":"https:\/\/www.erneuerung.de\/jugend\/wp-json\/wp\/v2\/pages"}],"about":[{"href":"https:\/\/www.erneuerung.de\/jugend\/wp-json\/wp\/v2\/types\/page"}],"author":[{"embeddable":true,"href":"https:\/\/www.erneuerung.de\/jugend\/wp-json\/wp\/v2\/users\/457"}],"replies":[{"embeddable":true,"href":"https:\/\/www.erneuerung.de\/jugend\/wp-json\/wp\/v2\/comments?post=2495"}],"version-history":[{"count":19,"href":"https:\/\/www.erneuerung.de\/jugend\/wp-json\/wp\/v2\/pages\/2495\/revisions"}],"predecessor-version":[{"id":2818,"href":"https:\/\/www.erneuerung.de\/jugend\/wp-json\/wp\/v2\/pages\/2495\/revisions\/2818"}],"wp:attachment":[{"href":"https:\/\/www.erneuerung.de\/jugend\/wp-json\/wp\/v2\/media?parent=2495"}],"curies":[{"name":"wp","href":"https:\/\/api.w.org\/{rel}","templated":true}]}}