{"id":2320,"date":"2023-03-01T12:43:35","date_gmt":"2023-03-01T11:43:35","guid":{"rendered":"https:\/\/www.erneuerung.de\/jugend\/?page_id=2320"},"modified":"2023-12-19T11:04:00","modified_gmt":"2023-12-19T10:04:00","slug":"next","status":"publish","type":"page","link":"https:\/\/www.erneuerung.de\/jugend\/next\/","title":{"rendered":"CE Jugendleiterschulung"},"content":{"rendered":"<p><img class=\"alignleft size-large wp-image-2321\" src=\"https:\/\/www.erneuerung.de\/jugend\/wp-content\/uploads\/sites\/31\/2023\/03\/NEXT-Flyer-Front-e1691144967298-1024x56.png\" alt=\"\" width=\"1024\" height=\"56\" srcset=\"https:\/\/www.erneuerung.de\/jugend\/wp-content\/uploads\/sites\/31\/2023\/03\/NEXT-Flyer-Front-e1691144967298-1024x56.png 1024w, https:\/\/www.erneuerung.de\/jugend\/wp-content\/uploads\/sites\/31\/2023\/03\/NEXT-Flyer-Front-e1691144967298-300x16.png 300w, https:\/\/www.erneuerung.de\/jugend\/wp-content\/uploads\/sites\/31\/2023\/03\/NEXT-Flyer-Front-e1691144967298-768x42.png 768w, https:\/\/www.erneuerung.de\/jugend\/wp-content\/uploads\/sites\/31\/2023\/03\/NEXT-Flyer-Front-e1691144967298-1536x84.png 1536w, https:\/\/www.erneuerung.de\/jugend\/wp-content\/uploads\/sites\/31\/2023\/03\/NEXT-Flyer-Front-e1691144967298-2048x112.png 2048w, https:\/\/www.erneuerung.de\/jugend\/wp-content\/uploads\/sites\/31\/2023\/03\/NEXT-Flyer-Front-e1691144967298-600x33.png 600w\" sizes=\"(max-width: 1024px) 100vw, 1024px\" \/><\/p>\n\n<div class=\"wpcf7 no-js\" id=\"wpcf7-f1767-o1\" lang=\"de-DE\" dir=\"ltr\" data-wpcf7-id=\"1767\">\n<div class=\"screen-reader-response\"><p role=\"status\" aria-live=\"polite\" aria-atomic=\"true\"><\/p> <ul><\/ul><\/div>\n<form action=\"\/jugend\/wp-json\/wp\/v2\/pages\/2320#wpcf7-f1767-o1\" method=\"post\" class=\"wpcf7-form init\" aria-label=\"Kontaktformular\" novalidate=\"novalidate\" data-status=\"init\">\n<fieldset class=\"hidden-fields-container\"><legend class=\"screen-reader-text\">Hidden fields<\/legend><input type=\"hidden\" name=\"_wpcf7\" value=\"1767\" \/><input type=\"hidden\" name=\"_wpcf7_version\" value=\"6.1.5\" \/><input type=\"hidden\" name=\"_wpcf7_locale\" value=\"de_DE\" \/><input type=\"hidden\" name=\"_wpcf7_unit_tag\" value=\"wpcf7-f1767-o1\" \/><input type=\"hidden\" name=\"_wpcf7_container_post\" value=\"0\" \/><input type=\"hidden\" name=\"_wpcf7_posted_data_hash\" value=\"\" \/>\n<\/fieldset>\n<div class=\"wpcf7-response-output\" aria-hidden=\"true\"><\/div>\n<div class='contact-form-style-charity-onepager'>\n\n<p><strong>Willkommen bei unserer Online-Anmeldung<\/strong>\n\n<div class=\"col-md-12\">Sch\u00f6n, dass Du Dich zur NEXT - Jugendleiterschulung anmeldest.<\/div>\n\n<div class=\"col-md-12\">exklusiv der Schulungsunterlagen betr\u00e4gt der Fr\u00fchbucherpreis 80,- Euro, \u00dcbernachtung im Kloster in Betten, Programm, Eigenanreise.\n(Wenn Du knapp bei Kasse bist und Du dir den Teilnahmebeitrag nicht leisten kannst, melde Dich bitte bei rhiana.spoerl@erneuerung.de, wir finden gemeinsam ein gute L\u00f6sung)<\/div>\n\n\n\n<div class=\"col-md-12\">Bitte setze Deine Eltern in Kenntnis, dass Du Dich f\u00fcr unsere Schulung angemeldet hast und lasse die anh\u00e4ngende Anmeldung ausf\u00fcllen, unterschreiben und schicke sie uns auf dem Postweg (CE e.V., Schubertstr. 28, 88214 Ravensburg) oder als Scan an jugendarbeit@erneuerung.de<\/div>\n\n\n<div class=\"col-md-6\"><span class=\"wpcf7-form-control-wrap\" data-name=\"Vorname\"><input size=\"40\" maxlength=\"400\" class=\"wpcf7-form-control wpcf7-text wpcf7-validates-as-required\" aria-required=\"true\" aria-invalid=\"false\" placeholder=\"Vorname*\" value=\"\" type=\"text\" name=\"Vorname\" \/><\/span><\/div>\n\n<div class=\"col-md-6\"><span class=\"wpcf7-form-control-wrap\" data-name=\"Nachname\"><input size=\"40\" maxlength=\"400\" class=\"wpcf7-form-control wpcf7-text wpcf7-validates-as-required\" aria-required=\"true\" aria-invalid=\"false\" placeholder=\"Nachname*\" value=\"\" type=\"text\" name=\"Nachname\" \/><\/span><\/div>\n\n<div class=\"col-md-6\"><span class=\"wpcf7-form-control-wrap\" data-name=\"country\"><input size=\"40\" maxlength=\"400\" class=\"wpcf7-form-control wpcf7-text\" aria-invalid=\"false\" placeholder=\"Land\" value=\"\" type=\"text\" name=\"country\" \/><\/span><\/div>\n\n<div class=\"col-md-6\"><span class=\"wpcf7-form-control-wrap\" data-name=\"street\"><input size=\"40\" maxlength=\"400\" class=\"wpcf7-form-control wpcf7-text wpcf7-validates-as-required\" aria-required=\"true\" aria-invalid=\"false\" placeholder=\"Stra\u00dfe*\" value=\"\" type=\"text\" name=\"street\" \/><\/span><\/div>\n\n<div class=\"col-md-6\"><span class=\"wpcf7-form-control-wrap\" data-name=\"PLZ\"><input size=\"40\" maxlength=\"400\" class=\"wpcf7-form-control wpcf7-text wpcf7-validates-as-required\" aria-required=\"true\" aria-invalid=\"false\" placeholder=\"Postleitzahl*\" value=\"\" type=\"text\" name=\"PLZ\" \/><\/span><\/div>\n\n<div class=\"col-md-6\"><span class=\"wpcf7-form-control-wrap\" data-name=\"ort\"><input size=\"40\" maxlength=\"400\" class=\"wpcf7-form-control wpcf7-text wpcf7-validates-as-required\" aria-required=\"true\" aria-invalid=\"false\" placeholder=\"Ort*\" value=\"\" type=\"text\" name=\"ort\" \/><\/span><\/div>\n\n<div class=\"col-md-6\"><span class=\"wpcf7-form-control-wrap\" data-name=\"phone\"><input size=\"40\" maxlength=\"400\" class=\"wpcf7-form-control wpcf7-text wpcf7-validates-as-required\" aria-required=\"true\" aria-invalid=\"false\" placeholder=\"Handynummer*\" value=\"\" type=\"text\" name=\"phone\" \/><\/span><\/div>\n\n<div class=\"col-md-6\"><span class=\"wpcf7-form-control-wrap\" data-name=\"email\"><input size=\"40\" maxlength=\"400\" class=\"wpcf7-form-control wpcf7-email wpcf7-validates-as-required wpcf7-text wpcf7-validates-as-email\" aria-required=\"true\" aria-invalid=\"false\" placeholder=\"eMail *\" value=\"\" type=\"email\" name=\"email\" \/><\/span> <\/div>\n\n<div class=\"col-md-6\"><span class=\"wpcf7-form-control-wrap\" data-name=\"Geburtsdatum\"><input size=\"40\" maxlength=\"400\" class=\"wpcf7-form-control wpcf7-text wpcf7-validates-as-required\" aria-required=\"true\" aria-invalid=\"false\" placeholder=\"Geburtsdatum*\" value=\"\" type=\"text\" name=\"Geburtsdatum\" \/><\/span> <\/div>\n \n<div class=\"col-md-6\"><span class=\"wpcf7-form-control-wrap\" data-name=\"JCE-Region\"><select class=\"wpcf7-form-control wpcf7-select wpcf7-validates-as-required\" aria-required=\"true\" aria-invalid=\"false\" name=\"JCE-Region\"><option value=\"JCE-Region\">JCE-Region<\/option><option value=\"KidsCE\">KidsCE<\/option><option value=\"BeBlessed\">BeBlessed<\/option><option value=\"Chara\">Chara<\/option><option value=\"G4C\">G4C<\/option><option value=\"JAM\">JAM<\/option><option value=\"Jedija\">Jedija<\/option><option value=\"JmC\">JmC<\/option><option value=\"LPA\">LPA<\/option><option value=\"Login\">Login<\/option><option value=\"StartUp Nord\">StartUp Nord<\/option><option value=\"startup-west\">startup-west<\/option><option value=\"andere Jugendarbeit oder noch keine\">andere Jugendarbeit oder noch keine<\/option><\/select><\/span> <\/div>\n\n<div class=\"col-md-6\"><span class=\"wpcf7-form-control-wrap\" data-name=\"konfession\"><input size=\"40\" maxlength=\"400\" class=\"wpcf7-form-control wpcf7-text\" aria-invalid=\"false\" placeholder=\"Konfession\" value=\"\" type=\"text\" name=\"konfession\" \/><\/span><\/div>\n\n<div class=\"col-md-6\"> Verpflegung <span class=\"wpcf7-form-control-wrap\" data-name=\"Verpflegung\"><span class=\"wpcf7-form-control wpcf7-checkbox wpcf7-validates-as-required\"><span class=\"wpcf7-list-item first\"><label><input type=\"checkbox\" name=\"Verpflegung[]\" value=\"nicht vegetarisch\" \/><span class=\"wpcf7-list-item-label\">nicht vegetarisch<\/span><\/label><\/span><span class=\"wpcf7-list-item last\"><label><input type=\"checkbox\" name=\"Verpflegung[]\" value=\"vegetarisch\" \/><span class=\"wpcf7-list-item-label\">vegetarisch<\/span><\/label><\/span><\/span><\/span><\/div>\n\n<div class=\"col-md-6\">Schulungsunterlagen <span class=\"wpcf7-form-control-wrap\" data-name=\"Unterlagen\"><span class=\"wpcf7-form-control wpcf7-checkbox wpcf7-validates-as-required\"><span class=\"wpcf7-list-item first\"><label><input type=\"checkbox\" name=\"Unterlagen[]\" value=\"Digitalversion\" \/><span class=\"wpcf7-list-item-label\">Digitalversion<\/span><\/label><\/span><span class=\"wpcf7-list-item last\"><label><input type=\"checkbox\" name=\"Unterlagen[]\" value=\"Printversion, zus\u00e4tzlich 10,- Euro\" \/><span class=\"wpcf7-list-item-label\">Printversion, zus\u00e4tzlich 10,- Euro<\/span><\/label><\/span><\/span><\/span><\/div>\n\n\n<div class=\"col-md-12\">Teilnahmebetrag <span class=\"wpcf7-form-control-wrap\" data-name=\"Teilnahmebetrag\"><select class=\"wpcf7-form-control wpcf7-select wpcf7-validates-as-required\" aria-required=\"true\" aria-invalid=\"false\" name=\"Teilnahmebetrag\"><option value=\"Teilnahmebetrag Fr\u00fchbucher - 80,- Euro inkl. 7% MwSt, \u00dcbernachtung, Verpflegung und Programm\">Teilnahmebetrag Fr\u00fchbucher - 80,- Euro inkl. 7% MwSt, \u00dcbernachtung, Verpflegung und Programm<\/option><option value=\"Teilnehmerbeitrag - 95,- Euro inkl. 7% MwSt, \u00dcbernachtung, Verpflegung und Programm\">Teilnehmerbeitrag - 95,- Euro inkl. 7% MwSt, \u00dcbernachtung, Verpflegung und Programm<\/option><\/select><\/span><\/div>\nFr\u00fchbucherpreis f\u00fcr Anmeldungen, gilt nach dem 31.01.2025 nicht mehr.\nDer Preis ab dem 01.02.2025 betr\u00e4gt 95,- Euro.\n\nAllgemeine Zahlungsbedingungen siehe <a href=\"\/teilnahmebedingungen\/\" target=\"_blank\">die Teilnahmebedingungen <\/a>.\n\n\n<div class=\"col-md-12\"><span class=\"wpcf7-form-control-wrap\" data-name=\"Messege\"><textarea cols=\"40\" rows=\"5\" maxlength=\"2000\" class=\"wpcf7-form-control wpcf7-textarea\" aria-invalid=\"false\" placeholder=\"Bemerkungen. (z.B. Unvertr\u00e4glichkeiten, Allergien)\" name=\"Messege\"><\/textarea><\/span><\/div>\n\n\n<div class=\"col-md-12\">\nMit dem Absenden des Formulars best\u00e4tige ich, dass ich die <a href=\"\/datenschutz\/\" target=\"_blank\">Informationen zum Datenschutz <\/a> und <a href=\"\/teilnahmebedingungen\/\" target=\"_blank\">die Teilnahmebedingungen <\/a> gelesen habe und damit einverstanden bin.<\/div>\n<span class=\"wpcf7-form-control-wrap\" data-name=\"Datenschutz:\"><span class=\"wpcf7-form-control wpcf7-checkbox wpcf7-validates-as-required\"><span class=\"wpcf7-list-item first last\"><input type=\"checkbox\" name=\"Datenschutz:[]\" value=\"Die Informationen zum Datenschutz und die Teilnahmebedingungen habe ich gelesen und bin damit einverstanden.\" \/><span class=\"wpcf7-list-item-label\">Die Informationen zum Datenschutz und die Teilnahmebedingungen habe ich gelesen und bin damit einverstanden.<\/span><\/span><\/span><\/span> \n\nWenn du noch keine 18 Jahre alt bist, musst du uns noch eine schriftliche Anmeldung nachreichen (siehe Anhang der Anmeldebest\u00e4tigung).\n\n<div class=\"wpcf7-response-output\" aria-hidden=\"true\"><\/div>\n<input class=\"wpcf7-form-control wpcf7-submit has-spinner\" type=\"submit\" value=\"Senden\" \/>\n<\/form>\n<\/div>\n\n","protected":false},"excerpt":{"rendered":"","protected":false},"author":457,"featured_media":2321,"parent":0,"menu_order":0,"comment_status":"closed","ping_status":"closed","template":"","meta":{"footnotes":""},"class_list":["post-2320","page","type-page","status-publish","has-post-thumbnail"],"post_mailing_queue_ids":[],"_links":{"self":[{"href":"https:\/\/www.erneuerung.de\/jugend\/wp-json\/wp\/v2\/pages\/2320","targetHints":{"allow":["GET"]}}],"collection":[{"href":"https:\/\/www.erneuerung.de\/jugend\/wp-json\/wp\/v2\/pages"}],"about":[{"href":"https:\/\/www.erneuerung.de\/jugend\/wp-json\/wp\/v2\/types\/page"}],"author":[{"embeddable":true,"href":"https:\/\/www.erneuerung.de\/jugend\/wp-json\/wp\/v2\/users\/457"}],"replies":[{"embeddable":true,"href":"https:\/\/www.erneuerung.de\/jugend\/wp-json\/wp\/v2\/comments?post=2320"}],"version-history":[{"count":12,"href":"https:\/\/www.erneuerung.de\/jugend\/wp-json\/wp\/v2\/pages\/2320\/revisions"}],"predecessor-version":[{"id":2481,"href":"https:\/\/www.erneuerung.de\/jugend\/wp-json\/wp\/v2\/pages\/2320\/revisions\/2481"}],"wp:featuredmedia":[{"embeddable":true,"href":"https:\/\/www.erneuerung.de\/jugend\/wp-json\/wp\/v2\/media\/2321"}],"wp:attachment":[{"href":"https:\/\/www.erneuerung.de\/jugend\/wp-json\/wp\/v2\/media?parent=2320"}],"curies":[{"name":"wp","href":"https:\/\/api.w.org\/{rel}","templated":true}]}}