{"id":2082,"date":"2022-02-07T18:34:42","date_gmt":"2022-02-07T17:34:42","guid":{"rendered":"https:\/\/www.erneuerung.de\/jugend\/?page_id=2082"},"modified":"2025-07-21T23:41:30","modified_gmt":"2025-07-21T21:41:30","slug":"jump-anmeldung-mitarbeiter-in","status":"publish","type":"page","link":"https:\/\/www.erneuerung.de\/jugend\/jump-anmeldung-mitarbeiter-in\/","title":{"rendered":"JUMP ANMELDUNG Mitarbeiter\/IN"},"content":{"rendered":"<div class=\"page\" title=\"Page 3\">\n<div class=\"section\">\n<div class=\"layoutArea\">\u00a0<\/div>\n<\/div>\n<\/div>\n<div class=\"page\" title=\"Page 3\">\n<div class=\"section\">\n<div class=\"layoutArea\">\n<div class=\"column\">\n<h5 style=\"text-align: center;\"><img class=\"wp-image-2756 size-large aligncenter\" src=\"https:\/\/www.erneuerung.de\/jugend\/wp-content\/uploads\/sites\/31\/2024\/11\/Flyer-Vorderseite-Homepage-1024x465.png\" alt=\"\" width=\"1024\" height=\"465\" srcset=\"https:\/\/www.erneuerung.de\/jugend\/wp-content\/uploads\/sites\/31\/2024\/11\/Flyer-Vorderseite-Homepage-1024x465.png 1024w, https:\/\/www.erneuerung.de\/jugend\/wp-content\/uploads\/sites\/31\/2024\/11\/Flyer-Vorderseite-Homepage-300x136.png 300w, https:\/\/www.erneuerung.de\/jugend\/wp-content\/uploads\/sites\/31\/2024\/11\/Flyer-Vorderseite-Homepage-768x349.png 768w, https:\/\/www.erneuerung.de\/jugend\/wp-content\/uploads\/sites\/31\/2024\/11\/Flyer-Vorderseite-Homepage-1536x698.png 1536w, https:\/\/www.erneuerung.de\/jugend\/wp-content\/uploads\/sites\/31\/2024\/11\/Flyer-Vorderseite-Homepage-2048x930.png 2048w, https:\/\/www.erneuerung.de\/jugend\/wp-content\/uploads\/sites\/31\/2024\/11\/Flyer-Vorderseite-Homepage-600x273.png 600w\" sizes=\"(max-width: 1024px) 100vw, 1024px\" \/><\/h5>\n<h5>\u00a0<\/h5>\n<h5 style=\"text-align: center;\">JUMP &#8211; FESTIVAL<\/h5>\n<h5 style=\"text-align: center;\"><span style=\"color: #00a6ff;\">01.08. &#8211; 10.08.2025<\/span><\/h5>\n<\/div>\n<\/div>\n<\/div>\n<\/div>\n<div style=\"text-align: center;\">\u00a0<\/div>\n<div class=\"column\" style=\"text-align: center;\">_____________________________<\/div>\n<div style=\"text-align: center;\">\u00a0<\/div>\n<div class=\"page\" style=\"text-align: center;\" title=\"Page 3\">\n<div class=\"section\">\n<div class=\"layoutArea\">\n<div class=\"column\">\n<h5><strong>ANMELDUNG<\/strong><\/h5>\n<\/div>\n<\/div>\n<\/div>\n<\/div>\n<p><img class=\"alignnone size-medium wp-image-1516 aligncenter\" src=\"https:\/\/www.erneuerung.de\/jugend\/wp-content\/uploads\/sites\/31\/2020\/05\/ONLINE-TICKET-300x199.jpg\" alt=\"\" width=\"300\" height=\"199\" srcset=\"https:\/\/www.erneuerung.de\/jugend\/wp-content\/uploads\/sites\/31\/2020\/05\/ONLINE-TICKET-300x199.jpg 300w, https:\/\/www.erneuerung.de\/jugend\/wp-content\/uploads\/sites\/31\/2020\/05\/ONLINE-TICKET-600x398.jpg 600w, https:\/\/www.erneuerung.de\/jugend\/wp-content\/uploads\/sites\/31\/2020\/05\/ONLINE-TICKET.jpg 626w\" sizes=\"(max-width: 300px) 100vw, 300px\" \/><\/p>\n<p>Leider ist der Anmeldeschluss bereits vorbei. Dringende R\u00fcckfragen gerne \u00fcber die Telefonnummer unserer Jugendarbeit (Mobil 0176 62245467, Rhiana Sp\u00f6rl)<\/p>\n\n\n<p><\/p>\n","protected":false},"excerpt":{"rendered":"<p>\u00a0 \u00a0 JUMP &#8211; FESTIVAL 01.08. &#8211; 10.08.2025 \u00a0 _____________________________ \u00a0 ANMELDUNG Leider ist der Anmeldeschluss bereits vorbei. Dringende R\u00fcckfragen&#8230;<\/p>\n","protected":false},"author":457,"featured_media":0,"parent":0,"menu_order":0,"comment_status":"closed","ping_status":"closed","template":"","meta":{"footnotes":""},"class_list":["post-2082","page","type-page","status-publish"],"post_mailing_queue_ids":[],"_links":{"self":[{"href":"https:\/\/www.erneuerung.de\/jugend\/wp-json\/wp\/v2\/pages\/2082","targetHints":{"allow":["GET"]}}],"collection":[{"href":"https:\/\/www.erneuerung.de\/jugend\/wp-json\/wp\/v2\/pages"}],"about":[{"href":"https:\/\/www.erneuerung.de\/jugend\/wp-json\/wp\/v2\/types\/page"}],"author":[{"embeddable":true,"href":"https:\/\/www.erneuerung.de\/jugend\/wp-json\/wp\/v2\/users\/457"}],"replies":[{"embeddable":true,"href":"https:\/\/www.erneuerung.de\/jugend\/wp-json\/wp\/v2\/comments?post=2082"}],"version-history":[{"count":10,"href":"https:\/\/www.erneuerung.de\/jugend\/wp-json\/wp\/v2\/pages\/2082\/revisions"}],"predecessor-version":[{"id":2879,"href":"https:\/\/www.erneuerung.de\/jugend\/wp-json\/wp\/v2\/pages\/2082\/revisions\/2879"}],"wp:attachment":[{"href":"https:\/\/www.erneuerung.de\/jugend\/wp-json\/wp\/v2\/media?parent=2082"}],"curies":[{"name":"wp","href":"https:\/\/api.w.org\/{rel}","templated":true}]}}