{"id":2045,"date":"2021-12-22T20:06:41","date_gmt":"2021-12-22T19:06:41","guid":{"rendered":"https:\/\/www.erneuerung.de\/jugend\/?page_id=2045"},"modified":"2022-03-23T20:59:18","modified_gmt":"2022-03-23T19:59:18","slug":"jump-rueckblick","status":"publish","type":"page","link":"https:\/\/www.erneuerung.de\/jugend\/jump\/jump-rueckblick\/","title":{"rendered":"weitere Stimmen zum JUMP"},"content":{"rendered":"\n<p>Mein Highlight beim Jump zuhause war die Gemeinschaft unserer Kleingruppe vor Ort, in der ich mich sofort verstanden, geborgen und geliebt gef\u00fchlt habe. Man konnte sehen und sp\u00fcren, wie Gott durch den Heiligen Geist in unserer Mitte gewirkt hat. Sch\u00fcchternen Menschen hat er das Herz und den Mund ge\u00f6ffnet, Traurige wurden getr\u00f6stet und Unsichere fanden bei ihm Rat und einen Anker. Am Ende der Tage war jeder von uns ein wenig ver\u00e4ndert und wir konnten erneut sp\u00fcren, wie gut Gott ist, nicht zuletzt auch durch die wunderbaren Lehren. Danke!&nbsp;<\/p>\n\n\n\n<p>(von Leah, 20)<\/p>\n\n\n\n<p>Ich habe seit Jahren mit Depressionen zu k\u00e4mpfen. Ich hatte Angst im Dunkeln und davor, allein zu sein. Beim Jump habe ich Menschen kennengelernt, die f\u00fcr mich gebetet haben und mich getr\u00f6stet haben. Ich konnte erfahren, was es hei\u00dft, auf Gott voll und ganz zu bauen. Das Jump hat mir geholfen, die Finsternis zu vertreiben. Es hat mir geholfen, mein Herz zu befreien. Dieses Jump ver\u00e4ndert und hilft einem, ein St\u00fcck befreiter und strahlender zu sein.<\/p>\n\n\n\n<p>(von Prisca, 17)<\/p>\n\n\n\n<p>Mein Zeugnis ist, dass Gott mir n\u00e4her gekommen ist als zuvor und dass das Jump mir geholfen hat, mit Gott zu reden und mich mit ihm anzufreunden.<\/p>\n\n\n\n<p>(von Ivonne, 14)<\/p>\n","protected":false},"excerpt":{"rendered":"<p>Mein Highlight beim Jump zuhause war die Gemeinschaft unserer Kleingruppe vor Ort, in der ich mich sofort verstanden, geborgen und&#8230;<\/p>\n","protected":false},"author":457,"featured_media":0,"parent":926,"menu_order":0,"comment_status":"closed","ping_status":"closed","template":"","meta":{"footnotes":""},"class_list":["post-2045","page","type-page","status-publish"],"post_mailing_queue_ids":[],"_links":{"self":[{"href":"https:\/\/www.erneuerung.de\/jugend\/wp-json\/wp\/v2\/pages\/2045","targetHints":{"allow":["GET"]}}],"collection":[{"href":"https:\/\/www.erneuerung.de\/jugend\/wp-json\/wp\/v2\/pages"}],"about":[{"href":"https:\/\/www.erneuerung.de\/jugend\/wp-json\/wp\/v2\/types\/page"}],"author":[{"embeddable":true,"href":"https:\/\/www.erneuerung.de\/jugend\/wp-json\/wp\/v2\/users\/457"}],"replies":[{"embeddable":true,"href":"https:\/\/www.erneuerung.de\/jugend\/wp-json\/wp\/v2\/comments?post=2045"}],"version-history":[{"count":5,"href":"https:\/\/www.erneuerung.de\/jugend\/wp-json\/wp\/v2\/pages\/2045\/revisions"}],"predecessor-version":[{"id":2132,"href":"https:\/\/www.erneuerung.de\/jugend\/wp-json\/wp\/v2\/pages\/2045\/revisions\/2132"}],"up":[{"embeddable":true,"href":"https:\/\/www.erneuerung.de\/jugend\/wp-json\/wp\/v2\/pages\/926"}],"wp:attachment":[{"href":"https:\/\/www.erneuerung.de\/jugend\/wp-json\/wp\/v2\/media?parent=2045"}],"curies":[{"name":"wp","href":"https:\/\/api.w.org\/{rel}","templated":true}]}}