{"id":593,"date":"2020-03-09T10:23:00","date_gmt":"2020-03-09T09:23:00","guid":{"rendered":"https:\/\/www.erneuerung.de\/hildesheim\/?page_id=593"},"modified":"2021-04-24T16:31:27","modified_gmt":"2021-04-24T14:31:27","slug":"links","status":"publish","type":"page","link":"https:\/\/www.erneuerung.de\/hildesheim\/links\/","title":{"rendered":"Links"},"content":{"rendered":"<h3>CE-Gemeinschaften &amp; Werke IN der region<\/h3>\n<h5><img class=\"\" src=\"https:\/\/rachelsweinberg.de\/wp-content\/uploads\/2019\/10\/heilsame-hoffnung-fu%CC%88r-die-zukunft-1-2.jpg\" alt=\"rachelsweinberg.de\" width=\"137\" height=\"134\" \/>\u00a0 \u00a0RACHELS WEINBERG<\/h5>\n<p>Wenn Sie an den Folgen einer Abtreibung leiden, bieten wir Ihnen eine M\u00f6glichkeit, in einem sicheren, vorurteilsfreien Umfeld die Emotionen aufzuarbeiten, die h\u00e4ufig mit dem Trauma einer Abtreibung einhergehen. Wir laden\u00a0Sie zu einem Einkehr-Wochenende ein, an dem Sie die heilende Liebe von Jesus Christus erfahren. Das Einkehr-Wochenende besteht aus Diskussionsrunden, Exerzitien, dem Sakrament der Vergebung, einer Gedenkfeier und einer Auferstehungsmesse. Die Teilnahme ist grunds\u00e4tzlich diskret und vertraulich, und, wie eine fr\u00fchere Teilnehmerin sagte: \u201eEine einzigartige Gelegenheit, um Gottes Liebe, Vergebung und Barmherzigkeit zu erleben.\u201c<\/p>\n<p>Das Team, bestehend aus Therapeuten, Seelsorgern, geschulten Mitarbeitern sowie einem Priester oder Pastor, bietet sanfte Begleitung und kompetente Hilfe im Verlauf der Aufarbeitung und erleuchtet den Weg zu Vergebung und Vers\u00f6hnung.<\/p>\n<p>Weitere Informationen \u00fcber Rachels Weinberg unter: <a href=\"http:\/\/www.rachelsweinberg.de\" target=\"_blank\" rel=\"noopener noreferrer\">www.rachelsweinberg.de<\/a><\/p>\n<p><strong>Ansprechpartnerin:<\/strong><br \/>Christiane Kurpik\u00a0 \u00a0Telefon: 05121 13 37 61\u00a0 Mail: <a href=\"https:\/\/rachelsweinberg.de\/kontakt\/\">rachelsweinberg@email.de<\/a><\/p>\n<h6>\u00a0<\/h6>\n<h3>CE-Jugendarbeit in der Region<\/h3>\n<h5><strong>StartUP Nord<\/strong><\/h5>\n<p><strong>Die Jugendarbeit der JCE vom hohen Norden bis nach Zentraldeutschland<\/strong><br \/>(Region Hamburg, Braunschweig, G\u00f6ttingen, Kassel, Erfurt)<\/p>\n<p>Bei unseren regelm\u00e4\u00dfig stattfindenden Jugendwochenenden wollen wir miteinander Gemeinschaft, viel Spa\u00df und Action erleben, unseren Glauben vertiefen, einen genialen Gott erfahren und neue Leute kennenlernen. Unsere Wochenenden finden ca. alle 2-3 Monate in Alfeld (Leine) statt. Beginn ist jeweils Freitagabend und Ende am Sonntag gegen Mittag.<\/p>\n<p>Zwischen geistlichen Impulsen am Vormittag und Workshops am Nachmittag, bleibt dabei viel Platz f\u00fcr pers\u00f6nliche Freizeit, Gespr\u00e4che oder Stad<span class=\"text_exposed_show\">terkundungen. Du willst Fu\u00dfball, Basteln, Theater, Musizieren, Kicker oder einfach nur im Sommer auf einer Blumenwiese entspannen? Kein Problem \u2013 f\u00fcr jeden ist der passende Workshop dabei!<\/span><\/p>\n<p>Wichtig ist uns au\u00dferdem das Gespr\u00e4ch in kleineren Gruppen, denn: Keiner soll mit seinen Gedanken und Fragen allein bleiben. Gemeinsam feiern wir au\u00dferdem Gottesdienste und machen Lobpreis (nat\u00fcrlich mit der rockigen Musik unserer Band).<\/p>\n<p>Komm doch einfach vorbei und lass dich \u00fcberraschen! <span class=\"text_exposed_show\">Wir freuen uns auf deinen Besuch bei uns<\/span><\/p>\n<p><strong>Kontakt:<\/strong><br \/><span id=\"cloaka70026b4436cdc342591143546cca369\"><a target=\"_blank\" rel=\"noopener noreferrer\">startup_nord@gmx.de<br \/><\/a><\/span><a href=\"https:\/\/www.facebook.com\/startUPnordJWE\/\" target=\"_blank\" rel=\"noopener noreferrer\">www.facebook.com\/startUPnordJWE\/<\/a><\/p>\n<p>\u00a0<\/p>\n<h5><img class=\"alignnone  wp-image-709\" src=\"https:\/\/www.erneuerung.de\/hildesheim\/wp-content\/uploads\/sites\/15\/2021\/04\/logo_NurFuerIHN-300x206.png\" alt=\"\" width=\"175\" height=\"120\" srcset=\"https:\/\/www.erneuerung.de\/hildesheim\/wp-content\/uploads\/sites\/15\/2021\/04\/logo_NurFuerIHN-300x206.png 300w, https:\/\/www.erneuerung.de\/hildesheim\/wp-content\/uploads\/sites\/15\/2021\/04\/logo_NurFuerIHN-1024x704.png 1024w, https:\/\/www.erneuerung.de\/hildesheim\/wp-content\/uploads\/sites\/15\/2021\/04\/logo_NurFuerIHN-768x528.png 768w, https:\/\/www.erneuerung.de\/hildesheim\/wp-content\/uploads\/sites\/15\/2021\/04\/logo_NurFuerIHN-1536x1055.png 1536w, https:\/\/www.erneuerung.de\/hildesheim\/wp-content\/uploads\/sites\/15\/2021\/04\/logo_NurFuerIHN-600x412.png 600w, https:\/\/www.erneuerung.de\/hildesheim\/wp-content\/uploads\/sites\/15\/2021\/04\/logo_NurFuerIHN.png 1937w\" sizes=\"(max-width: 175px) 100vw, 175px\" \/>\u00a0 Band NurF\u00fcrIHN<\/h5>\n<p>Wir wollen nicht einfach Musik machen, weil Musik sch\u00f6n ist. Wir wollen mit unserer Musik IHN erfreuen. Wir w\u00fcnschen uns, das unsere Musik hilft, mit IHM in Kontakt zu kommen. Wir wollen sozusagen eine sch\u00f6ne Gespr\u00e4chsatmosph\u00e4re schaffen f\u00fcr IHN. Wir haben erlebt, dass Lobpreis und Anbetung einfach gute Orte sind, wo der heilige Geist unter uns wirken kann. Das erleben wir regelm\u00e4\u00dfig bei unseren Lobpreisabenden.<\/p>\n<p><a href=\"http:\/\/www.nurfuerihn.de\" target=\"_blank\" rel=\"noopener noreferrer\">www.nurfuerihn.de<\/a><\/p>\n\n\n<p>&nbsp;<\/p>\n","protected":false},"excerpt":{"rendered":"<p>CE-Gemeinschaften &amp; Werke IN der region \u00a0 \u00a0RACHELS WEINBERG Wenn Sie an den Folgen einer Abtreibung leiden, bieten wir Ihnen&#8230;<\/p>\n","protected":false},"author":468,"featured_media":0,"parent":0,"menu_order":0,"comment_status":"closed","ping_status":"closed","template":"","meta":{"footnotes":""},"class_list":["post-593","page","type-page","status-publish"],"post_mailing_queue_ids":[],"_links":{"self":[{"href":"https:\/\/www.erneuerung.de\/hildesheim\/wp-json\/wp\/v2\/pages\/593","targetHints":{"allow":["GET"]}}],"collection":[{"href":"https:\/\/www.erneuerung.de\/hildesheim\/wp-json\/wp\/v2\/pages"}],"about":[{"href":"https:\/\/www.erneuerung.de\/hildesheim\/wp-json\/wp\/v2\/types\/page"}],"author":[{"embeddable":true,"href":"https:\/\/www.erneuerung.de\/hildesheim\/wp-json\/wp\/v2\/users\/468"}],"replies":[{"embeddable":true,"href":"https:\/\/www.erneuerung.de\/hildesheim\/wp-json\/wp\/v2\/comments?post=593"}],"version-history":[{"count":11,"href":"https:\/\/www.erneuerung.de\/hildesheim\/wp-json\/wp\/v2\/pages\/593\/revisions"}],"predecessor-version":[{"id":711,"href":"https:\/\/www.erneuerung.de\/hildesheim\/wp-json\/wp\/v2\/pages\/593\/revisions\/711"}],"wp:attachment":[{"href":"https:\/\/www.erneuerung.de\/hildesheim\/wp-json\/wp\/v2\/media?parent=593"}],"curies":[{"name":"wp","href":"https:\/\/api.w.org\/{rel}","templated":true}]}}