{"id":39,"date":"2020-01-20T13:40:40","date_gmt":"2020-01-20T12:40:40","guid":{"rendered":"http:\/\/www.erneuerung.de\/hamburg\/?page_id=39"},"modified":"2025-01-09T14:09:38","modified_gmt":"2025-01-09T13:09:38","slug":"impressum","status":"publish","type":"page","link":"https:\/\/www.erneuerung.de\/hamburg\/impressum\/","title":{"rendered":"Impressum"},"content":{"rendered":"<p><strong>Verantwortlich f\u00fcr den Inhalt<\/strong><\/p>\n<p>Verein zur F\u00f6rderung der Charismatischen Erneuerung in der Katholischen Kirche e.V. (CE e.V.)<br \/>\nMarienstr. 80, 76137 Karlsruhe<\/p>\n<p><strong>Verein<\/strong><\/p>\n<p>Vereinsregistereintrag: Nr. 2306 beim Amtsgericht Karlsruhe<br \/>\nVorstand: Pfr. Josef Fleddermann, Bremen; Sabine Mengel, Regensburg<\/p>\n<p><strong>Website<\/strong><\/p>\n<p>Redaktion: Christoph Sp\u00f6rl, Ravensburg, <span id=\"cloak1638d20b60c3884d0c577748f66a31ac\"><a href=\"mailto:christoph.spoerl@erneuerung.de\">christoph.spoerl@erneuerung.de<\/a><br \/>\nGestaltung &amp; Programmierung: <a href=\"https:\/\/www.marketing-thom.de\" target=\"_blank\" rel=\"noopener noreferrer\">marketing kommunikation thom UG, V\u00f6lklingen<\/a><\/span><\/p>\n<p><strong>Spendenkonto des CE e.V.<\/strong><\/p>\n<p>IBAN: DE97 7509 0300 0002 1349 00 \u00a0BIC: GENODEF1M05\u00a0 Ligabank M\u00fcnchen\/Regensburg<\/p>\n<p><strong>Haftung f\u00fcr Inhalte<\/strong><\/p>\n<p>Die Inhalte unserer Seiten wurden mit gr\u00f6\u00dfter Sorgfalt erstellt. F\u00fcr die Richtigkeit, Vollst\u00e4ndigkeit und Aktualit\u00e4t der Inhalte k\u00f6nnen wir jedoch keine Gew\u00e4hr \u00fcbernehmen.<\/p>\n<p>Als Diensteanbieter sind wir gem\u00e4\u00df \u00a7 6 Abs.1 MDStV und \u00a7 8 Abs.1 TDG f\u00fcr eigene Inhalte auf diesen Seiten nach den allgemeinen Gesetzen verantwortlich. Diensteanbieter sind jedoch nicht verpflichtet, die von ihnen \u00fcbermittelten oder gespeicherten fremden Informationen zu \u00fcberwachen oder nach Umst\u00e4nden zu forschen, die auf eine rechtswidrige T\u00e4tigkeit hinweisen. Verpflichtungen zur Entfernung oder Sperrung der Nutzung von Informationen nach den allgemeinen Gesetzen bleiben hiervon unber\u00fchrt. Eine diesbez\u00fcgliche Haftung ist jedoch erst ab dem Zeitpunkt der Kenntnis einer konkreten Rechtsverletzung m\u00f6glich. Bei bekannt werden von entsprechenden Rechtsverletzungen werden wir diese Inhalte umgehend entfernen.<\/p>\n<p><strong>Haftung f\u00fcr Links<\/strong><\/p>\n<p>Unser Angebot enth\u00e4lt Links zu externen Webseiten Dritter, auf deren Inhalte wir keinen Einfluss haben. Deshalb k\u00f6nnen wir f\u00fcr diese fremden Inhalte auch keine Gew\u00e4hr \u00fcbernehmen. F\u00fcr die Inhalte der verlinkten Seiten ist stets der jeweilige Anbieter oder Betreiber der Seiten verantwortlich. Die verlinkten Seiten wurden zum Zeitpunkt der Verlinkung auf m\u00f6gliche Rechtsverst\u00f6\u00dfe \u00fcberpr\u00fcft. Rechtswidrige Inhalte waren zum Zeitpunkt der Verlinkung nicht erkennbar. Eine permanente inhaltliche Kontrolle der verlinkten Seiten ist jedoch ohne konkrete Anhaltspunkte einer Rechtsverletzung nicht zumutbar. Bei bekannt werden von Rechtsverletzungen werden wir derartige Links umgehend entfernen.<\/p>\n<p><strong>Urheberrecht<\/strong><\/p>\n<p>Als Betreiber dieser Seiten sind wir bem\u00fcht, stets die Urheberrechte anderer zu beachten bzw. auf selbst erstellte sowie lizenzfreie Werke zur\u00fcckzugreifen.<\/p>\n<p>Die durch die Seitenbetreiber erstellten Inhalte und Werke auf diesen Seiten unterliegen dem deutschen Urheberrecht. Beitr\u00e4ge Dritter sind als solche gekennzeichnet. Die Vervielf\u00e4ltigung, Bearbeitung, Verbreitung und jede Art der Verwertung au\u00dferhalb der Grenzen des Urheberrechtes bed\u00fcrfen der schriftlichen Zustimmung des jeweiligen Autors bzw. Erstellers. Downloads und Kopien dieser Seite sind nur f\u00fcr den privaten, nicht kommerziellen Gebrauch gestattet.<\/p>\n","protected":false},"excerpt":{"rendered":"<p>Verantwortlich f\u00fcr den Inhalt Verein zur F\u00f6rderung der Charismatischen Erneuerung in der Katholischen Kirche e.V. (CE e.V.) Marienstr. 80, 76137&#8230;<\/p>\n","protected":false},"author":453,"featured_media":0,"parent":0,"menu_order":0,"comment_status":"closed","ping_status":"closed","template":"","meta":{"footnotes":""},"class_list":["post-39","page","type-page","status-publish"],"post_mailing_queue_ids":[],"_links":{"self":[{"href":"https:\/\/www.erneuerung.de\/hamburg\/wp-json\/wp\/v2\/pages\/39","targetHints":{"allow":["GET"]}}],"collection":[{"href":"https:\/\/www.erneuerung.de\/hamburg\/wp-json\/wp\/v2\/pages"}],"about":[{"href":"https:\/\/www.erneuerung.de\/hamburg\/wp-json\/wp\/v2\/types\/page"}],"author":[{"embeddable":true,"href":"https:\/\/www.erneuerung.de\/hamburg\/wp-json\/wp\/v2\/users\/453"}],"replies":[{"embeddable":true,"href":"https:\/\/www.erneuerung.de\/hamburg\/wp-json\/wp\/v2\/comments?post=39"}],"version-history":[{"count":2,"href":"https:\/\/www.erneuerung.de\/hamburg\/wp-json\/wp\/v2\/pages\/39\/revisions"}],"predecessor-version":[{"id":950,"href":"https:\/\/www.erneuerung.de\/hamburg\/wp-json\/wp\/v2\/pages\/39\/revisions\/950"}],"wp:attachment":[{"href":"https:\/\/www.erneuerung.de\/hamburg\/wp-json\/wp\/v2\/media?parent=39"}],"curies":[{"name":"wp","href":"https:\/\/api.w.org\/{rel}","templated":true}]}}