{"id":2,"date":"2019-10-28T12:43:10","date_gmt":"2019-10-28T11:43:10","guid":{"rendered":"http:\/\/www.erneuerung.de\/hamburg\/?page_id=2"},"modified":"2024-06-13T11:52:16","modified_gmt":"2024-06-13T09:52:16","slug":"beispiel-seite","status":"publish","type":"page","link":"https:\/\/www.erneuerung.de\/hamburg\/","title":{"rendered":"Charismatische Erneuerung Erzbistum Hamburg"},"content":{"rendered":"<div class=\"wpb-content-wrapper\"><p>[vc_row full_width=&#8220;stretch_row&#8220; css=&#8220;.vc_custom_1583318379902{background-image: url(https:\/\/www.erneuerung.de\/hamburg\/wp-content\/uploads\/sites\/14\/2019\/11\/adult-black-and-white-blur-257037.jpg?id=29) !important;background-position: center !important;background-repeat: no-repeat !important;background-size: cover !important;}&#8220;][vc_column]<style>.portfolio.news-grid#style-5280308 .portfolio-item:not(.size-item), .preloader#style-preloader-5280308 .portfolio-item { padding: calc(42px\/2) !important; }.portfolio.news-grid#style-5280308 .portfolio-item.size-item { padding: 0 calc(42px\/2) !important; }.portfolio.news-grid#style-5280308 .portfolio-row, .preloader#style-preloader-5280308 .skeleton-posts.portfolio-row { margin: calc(-42px\/2); }.portfolio.news-grid#style-5280308.fullwidth-columns .portfolio-row { margin: calc(-42px\/2) 0; }.portfolio.news-grid#style-5280308 .fullwidth-block:not(.no-paddings) { padding-left: 42px; padding-right: 42px; }.portfolio.news-grid#style-5280308 .fullwidth-block .portfolio-row { padding-left: calc(42px\/2); padding-right: calc(42px\/2); }.portfolio.news-grid#style-5280308 .fullwidth-block .portfolio-top-panel { padding-left: 42px; padding-right: 42px; }.portfolio.news-grid#style-5280308.fullwidth-columns .with-filter-sidebar .filter-sidebar { padding-left: 42px; }.portfolio.news-grid#style-5280308.list-style.with-divider .portfolio-item .wrap:before { top: calc(-42px\/2); }.portfolio.news-grid#style-5280308 .portfolio-item .wrap > .caption { background-color: rgba(0,0,0,0.4) !important; }.portfolio.news-grid#style-5280308 .portfolio-item .wrap { background-color: rgba(0,0,0,0.4) !important; }.portfolio.news-grid#style-5280308 .portfolio-item .caption .title span { letter-spacing: px !important; }.portfolio.news-grid#style-5280308 .portfolio-item .caption .title { color: #ffffff !important; }.portfolio.news-grid#style-5280308 .portfolio-item .caption .title > * { color: #ffffff !important; }.portfolio.news-grid#style-5280308 .portfolio-item .caption .title a { color: #ffffff !important; }.portfolio.news-grid#style-5280308 .portfolio-item .caption .post-author-date-separator { color: #ffffff !important; }.portfolio.news-grid#style-5280308 .portfolio-item .caption .post-date { color: #ffffff !important; }<\/style><style><\/style><div id=\"style-preloader-5280308\" class=\"preloader save-space\"><div class=\"preloader-spin\"><\/div><\/div> <div class=\"portfolio-preloader-wrapper panel-sidebar-position-left\"> <div class=\"portfolio portfolio-grid extended-portfolio-grid news-grid no-padding portfolio-pagination-normal portfolio-style-masonry background-style-transparent title-style-light hover-default title-on-page caption-position-page version-default loading-animation item-animation-move-up portfolio-items-masonry columns-2 columns-tablet-2 columns-mobile-1 \" id=\"style-5280308\" data-style-uid=\"5280308\" data-portfolio-uid=\"grid_e1262fd\" data-current-page=\"1\" data-per-page=\"4\" data-next-page=\"2\" data-pages-count=\"3\" data-hover=\"default\" data-portfolio-filter=\"[]\" data-portfolio-filter-attributes=\"null\" data-portfolio-filter-status=\"null\" data-portfolio-filter-price=\"null\" data-portfolio-filter-search=\"\"> <div class=\"portfolio-row-outer \"> <div class=\"portfolio-top-panel filter-type-default\"> <div class=\"portfolio-top-panel-row filter-style-buttons\"> <div class=\"portfolio-top-panel-left\"><div class=\"portfolio-filter-item portfolio-selected-filters left\"> <div class=\"portfolio-selected-filter-item clear-filters\"> Clear Filters\t<\/div> <\/div> <\/div> <div class=\"portfolio-top-panel-right\"> <div class=\"portfolio-sorting title-h6\"> <div class=\"orderby light\"> <label for=\"\" data-value=\"date\">Datum<\/label> <a href=\"javascript:void(0);\" role=\"button\" class=\"sorting-switcher\" data-current=\"date\" aria-label=\"Order by\"><\/a> <label for=\"\" data-value=\"name\">Name<\/label> <\/div> <div class=\"portfolio-sorting-sep\"><\/div> <div class=\"order light\"> <label for=\"\" data-value=\"DESC\">Desc<\/label> <a href=\"javascript:void(0);\" role=\"button\" class=\"sorting-switcher\" data-current=\"DESC\" aria-label=\"Order\"><\/a> <label for=\"\" data-value=\"ASC\">Asc<\/label> <\/div> <\/div> <\/div> <\/div> <\/div> <div class=\"row portfolio-row\"> <div class=\"portfolio-set clearfix\" data-max-row-height=\"380\"> <div class=\"portfolio-item allgemein col-xs-12 col-sm-6 col-md-6 item-animations-not-inited show-caption-border post-has-author appearance-type- post-936 post type-post status-publish format-standard has-post-thumbnail category-allgemein\" data-default-sort=\"0\" data-sort-date=\"1713957178\"> <div class=\"wrap clearfix\"> <div class=\"image post-936 post type-post status-publish format-standard has-post-thumbnail category-allgemein\"> <div class=\"image-inner \"> <div class=\"post-featured-content\"><a href=\"https:\/\/www.erneuerung.de\/hamburg\/2024\/04\/24\/936\/\"> <picture> <img src=\"https:\/\/www.erneuerung.de\/hamburg\/wp-content\/uploads\/sites\/14\/2020\/03\/pfingsten2.png\" width=\"648\" height=\"417\" class=\"img-responsive\" alt=\"pfingsten2\" \/> <\/picture> <\/a><\/div> <\/div> <div class=\"overlay\"> <div class=\"overlay-circle\"><\/div> <div class=\"links-wrapper\"> <div class=\"links\"> <div class=\"caption\"> <a href=\"https:\/\/www.erneuerung.de\/hamburg\/2024\/04\/24\/936\/\" class=\"portfolio-item-link\"> <span class=\"screen-reader-text\">Di\u00f6zesantag am 4. Mai<\/span> <\/a> <div class=\"description \"> <div class=\"subtitle\"> <span class=\"text-body\"><p>Die Charismatische Erneuerung im Erzbistum Hamburg l\u00e4dt herzlich zu einem Di\u00f6zesantag ein!<\/p>\n<p>St. Ansgar, Niendorfer Kirchenweg 18, 22459 Hamburg<br \/>\nSamstag, 4. Mai 2024<\/p>\n<p>Thema: \u201e\u00dcber die Liebe\u201c 1. Korinther 13.1-10<br \/>\nReferent: Diakon Henry Kirsche<\/p>\n<p>Start: 10.30 Uhr; Ende gegen 16.30 &hellip;<\/p><\/span> <\/div> <\/div> <div class=\"post-author-outer\"> <div class=\"author\"> <span class=\"author-avatar\"><img alt='Karl Fischer' src='https:\/\/secure.gravatar.com\/avatar\/8d7c52b964c63cd16e6c58acaae540ef21365f4f41e6b2fefb60e8c75184c917?s=50&#038;d=mm&#038;r=g' srcset='https:\/\/secure.gravatar.com\/avatar\/8d7c52b964c63cd16e6c58acaae540ef21365f4f41e6b2fefb60e8c75184c917?s=100&#038;d=mm&#038;r=g 2x' class='avatar avatar-50 photo' height='50' width='50' \/><\/span> <span class=\"author-name\">By Karl Fischer<\/span> <\/div> <\/div> <\/div> <\/div> <\/div> <\/div> <\/div> <div class=\"caption post-936 post type-post status-publish format-standard has-post-thumbnail category-allgemein\"> <div class=\"post-date\">24. April 2024<\/div> <div class=\"title\"> <span class=\"title-h6 \"><a href=\"https:\/\/www.erneuerung.de\/hamburg\/2024\/04\/24\/936\/\" rel=\"bookmark\">Di\u00f6zesantag am 4. Mai<\/a><\/span> <\/div> <div class=\"info\"> <a class=\"additional-meta\" data-filter-type=\"taxonomies\" data-attr=\"category\" data-filter=\"allgemein\">Allgemein<\/a> <\/div> <\/div> <\/div> <\/div> <div class=\"portfolio-item allgemein col-xs-12 col-sm-6 col-md-6 item-animations-not-inited show-caption-border post-has-author appearance-type- post-917 post type-post status-publish format-standard has-post-thumbnail category-allgemein\" data-default-sort=\"0\" data-sort-date=\"1712060948\"> <div class=\"wrap clearfix\"> <div class=\"image post-917 post type-post status-publish format-standard has-post-thumbnail category-allgemein\"> <div class=\"image-inner \"> <div class=\"post-featured-content\"><a href=\"https:\/\/www.erneuerung.de\/hamburg\/2024\/04\/02\/lobpreis-workshop-im-mai\/\"> <picture> <img src=\"https:\/\/www.erneuerung.de\/hamburg\/wp-content\/uploads\/sites\/14\/2024\/04\/Lobpreisworkshop2024-thegem-portfolio-masonry.jpg\" width=\"754\" height=\"502\" class=\"img-responsive\" alt=\"Lobpreisworkshop2024\" \/> <\/picture> <\/a><\/div> <\/div> <div class=\"overlay\"> <div class=\"overlay-circle\"><\/div> <div class=\"links-wrapper\"> <div class=\"links\"> <div class=\"caption\"> <a href=\"https:\/\/www.erneuerung.de\/hamburg\/2024\/04\/02\/lobpreis-workshop-im-mai\/\" class=\"portfolio-item-link\"> <span class=\"screen-reader-text\">Lobpreis-Workshop im Mai<\/span> <\/a> <div class=\"description \"> <div class=\"subtitle\"> <span class=\"text-body\"><p><img class=\"wp-image-919 alignright\" src=\"https:\/\/www.erneuerung.de\/hamburg\/wp-content\/uploads\/sites\/14\/2024\/04\/Lobpreisworkshop-724x1024.jpeg\" alt=\"\" width=\"380\" height=\"537\" srcset=\"https:\/\/www.erneuerung.de\/hamburg\/wp-content\/uploads\/sites\/14\/2024\/04\/Lobpreisworkshop-724x1024.jpeg 724w, https:\/\/www.erneuerung.de\/hamburg\/wp-content\/uploads\/sites\/14\/2024\/04\/Lobpreisworkshop-212x300.jpeg 212w, https:\/\/www.erneuerung.de\/hamburg\/wp-content\/uploads\/sites\/14\/2024\/04\/Lobpreisworkshop-768x1086.jpeg 768w, https:\/\/www.erneuerung.de\/hamburg\/wp-content\/uploads\/sites\/14\/2024\/04\/Lobpreisworkshop-1086x1536.jpeg 1086w, https:\/\/www.erneuerung.de\/hamburg\/wp-content\/uploads\/sites\/14\/2024\/04\/Lobpreisworkshop-600x849.jpeg 600w, https:\/\/www.erneuerung.de\/hamburg\/wp-content\/uploads\/sites\/14\/2024\/04\/Lobpreisworkshop.jpeg 1414w\" sizes=\"(max-width: 380px) 100vw, 380px\" \/>Zusammen mit dem Erzbistum Hamburg bieten wir im Mai einen Lobpreis-Workshop an: &#8222;<strong>Wie Himmel und Erde zusammenwirken&#8220;. <\/strong><\/p>\n<p>Samstag, 11. Mai von 10-20 Uhr<\/p>\n<p>Gemeindehaus St. Ansgar, Niendorfer Kirchenweg 18, 22459 Hamburg (U2: Niendorf Markt)<\/p>\n<p><a href=\"http:\/\/www.franz-zeugner.de\/\" target=\"_blank\" rel=\"noopener\">Franz und Jutta Zeugner<\/a>, &hellip;<\/p><\/span> <\/div> <\/div> <div class=\"post-author-outer\"> <div class=\"author\"> <span class=\"author-avatar\"><img alt='Karl Fischer' src='https:\/\/secure.gravatar.com\/avatar\/8d7c52b964c63cd16e6c58acaae540ef21365f4f41e6b2fefb60e8c75184c917?s=50&#038;d=mm&#038;r=g' srcset='https:\/\/secure.gravatar.com\/avatar\/8d7c52b964c63cd16e6c58acaae540ef21365f4f41e6b2fefb60e8c75184c917?s=100&#038;d=mm&#038;r=g 2x' class='avatar avatar-50 photo' height='50' width='50' \/><\/span> <span class=\"author-name\">By Karl Fischer<\/span> <\/div> <\/div> <\/div> <\/div> <\/div> <\/div> <\/div> <div class=\"caption post-917 post type-post status-publish format-standard has-post-thumbnail category-allgemein\"> <div class=\"post-date\">2. April 2024<\/div> <div class=\"title\"> <span class=\"title-h6 \"><a href=\"https:\/\/www.erneuerung.de\/hamburg\/2024\/04\/02\/lobpreis-workshop-im-mai\/\" rel=\"bookmark\">Lobpreis-Workshop im Mai<\/a><\/span> <\/div> <div class=\"info\"> <a class=\"additional-meta\" data-filter-type=\"taxonomies\" data-attr=\"category\" data-filter=\"allgemein\">Allgemein<\/a> <\/div> <\/div> <\/div> <\/div> <div class=\"portfolio-item allgemein col-xs-12 col-sm-6 col-md-6 item-animations-not-inited show-caption-border post-has-author appearance-type- post-888 post type-post status-publish format-standard has-post-thumbnail category-allgemein\" data-default-sort=\"0\" data-sort-date=\"1704715952\"> <div class=\"wrap clearfix\"> <div class=\"image post-888 post type-post status-publish format-standard has-post-thumbnail category-allgemein\"> <div class=\"image-inner \"> <div class=\"post-featured-content\"><a href=\"https:\/\/www.erneuerung.de\/hamburg\/2024\/01\/08\/brief-zum-jahresanfang\/\"> <picture> <img src=\"https:\/\/www.erneuerung.de\/hamburg\/wp-content\/uploads\/sites\/14\/2020\/01\/CE_Flamme.png\" width=\"380\" height=\"181\" class=\"img-responsive\" alt=\"CE_Flamme\" \/> <\/picture> <\/a><\/div> <\/div> <div class=\"overlay\"> <div class=\"overlay-circle\"><\/div> <div class=\"links-wrapper\"> <div class=\"links\"> <div class=\"caption\"> <a href=\"https:\/\/www.erneuerung.de\/hamburg\/2024\/01\/08\/brief-zum-jahresanfang\/\" class=\"portfolio-item-link\"> <span class=\"screen-reader-text\">Brief zum Jahresanfang<\/span> <\/a> <div class=\"description \"> <div class=\"subtitle\"> <span class=\"text-body\"><p>Die Di\u00f6zesansprecherin der CE Hamburg, Gisela Leenen, hat einen Brief an die Gruppen geschrieben.<\/p>\n<p><a href=\"https:\/\/www.erneuerung.de\/hamburg\/wp-content\/uploads\/sites\/14\/2023\/01\/Brief-Januar-2024.pdf\" target=\"_blank\" rel=\"noopener\">Brief Januar 2024<\/a>&hellip;<\/p><\/span> <\/div> <\/div> <div class=\"post-author-outer\"> <div class=\"author\"> <span class=\"author-avatar\"><img alt='Karl Fischer' src='https:\/\/secure.gravatar.com\/avatar\/8d7c52b964c63cd16e6c58acaae540ef21365f4f41e6b2fefb60e8c75184c917?s=50&#038;d=mm&#038;r=g' srcset='https:\/\/secure.gravatar.com\/avatar\/8d7c52b964c63cd16e6c58acaae540ef21365f4f41e6b2fefb60e8c75184c917?s=100&#038;d=mm&#038;r=g 2x' class='avatar avatar-50 photo' height='50' width='50' \/><\/span> <span class=\"author-name\">By Karl Fischer<\/span> <\/div> <\/div> <\/div> <\/div> <\/div> <\/div> <\/div> <div class=\"caption post-888 post type-post status-publish format-standard has-post-thumbnail category-allgemein\"> <div class=\"post-date\">8. Januar 2024<\/div> <div class=\"title\"> <span class=\"title-h6 \"><a href=\"https:\/\/www.erneuerung.de\/hamburg\/2024\/01\/08\/brief-zum-jahresanfang\/\" rel=\"bookmark\">Brief zum Jahresanfang<\/a><\/span> <\/div> <div class=\"info\"> <a class=\"additional-meta\" data-filter-type=\"taxonomies\" data-attr=\"category\" data-filter=\"allgemein\">Allgemein<\/a> <\/div> <\/div> <\/div> <\/div> <div class=\"portfolio-item allgemein col-xs-12 col-sm-6 col-md-6 item-animations-not-inited show-caption-border post-has-author appearance-type- post-898 post type-post status-publish format-standard has-post-thumbnail category-allgemein\" data-default-sort=\"0\" data-sort-date=\"1689700603\"> <div class=\"wrap clearfix\"> <div class=\"image post-898 post type-post status-publish format-standard has-post-thumbnail category-allgemein\"> <div class=\"image-inner \"> <div class=\"post-featured-content\"><a href=\"https:\/\/www.erneuerung.de\/hamburg\/2023\/07\/18\/898\/\"> <picture> <img src=\"https:\/\/www.erneuerung.de\/hamburg\/wp-content\/uploads\/sites\/14\/2022\/04\/nuetschau.jpg\" width=\"600\" height=\"450\" class=\"img-responsive\" alt=\"nuetschau\" \/> <\/picture> <\/a><\/div> <\/div> <div class=\"overlay\"> <div class=\"overlay-circle\"><\/div> <div class=\"links-wrapper\"> <div class=\"links\"> <div class=\"caption\"> <a href=\"https:\/\/www.erneuerung.de\/hamburg\/2023\/07\/18\/898\/\" class=\"portfolio-item-link\"> <span class=\"screen-reader-text\">Di\u00f6zesantag zum Thema Vers\u00f6hnung<\/span> <\/a> <div class=\"description \"> <div class=\"subtitle\"> <span class=\"text-body\"><p>Am 10. September l\u00e4dt die CE im Erzbistum Hamburg zum n\u00e4chsten Di\u00f6zesantag nach N\u00fctschau ein. Generalvikar P. Sascha-Philipp Gei\u00dfler SAC wird uns&nbsp; Impulse zum Thema &#8222;Vers\u00f6hnung&#8220; halten und die Hl. Messe zum Abschluss&nbsp; mit uns feiern.<\/p>\n<p><strong><a href=\"https:\/\/www.erneuerung.de\/hamburg\/wp-content\/uploads\/sites\/14\/2023\/07\/Einladung-Dioezesantag-Nuetschau-10.-September-2023.pdf\" target=\"_blank\" rel=\"noopener\">Einladung<\/a><\/strong><\/p>\n<p><strong><a href=\"https:\/\/www.erneuerung.de\/hamburg\/wp-content\/uploads\/sites\/14\/2023\/07\/Ablauf-CE-Dioezesantag-10.-September-2023.pdf\" target=\"_blank\" rel=\"noopener\">Ablauf<\/a><\/strong><\/p>\n<p><strong>Verbindliche, schriftliche&nbsp; <\/strong>&hellip;<\/p><\/span> <\/div> <\/div> <div class=\"post-author-outer\"> <div class=\"author\"> <span class=\"author-avatar\"><img alt='Karl Fischer' src='https:\/\/secure.gravatar.com\/avatar\/8d7c52b964c63cd16e6c58acaae540ef21365f4f41e6b2fefb60e8c75184c917?s=50&#038;d=mm&#038;r=g' srcset='https:\/\/secure.gravatar.com\/avatar\/8d7c52b964c63cd16e6c58acaae540ef21365f4f41e6b2fefb60e8c75184c917?s=100&#038;d=mm&#038;r=g 2x' class='avatar avatar-50 photo' height='50' width='50' \/><\/span> <span class=\"author-name\">By Karl Fischer<\/span> <\/div> <\/div> <\/div> <\/div> <\/div> <\/div> <\/div> <div class=\"caption post-898 post type-post status-publish format-standard has-post-thumbnail category-allgemein\"> <div class=\"post-date\">18. Juli 2023<\/div> <div class=\"title\"> <span class=\"title-h6 \"><a href=\"https:\/\/www.erneuerung.de\/hamburg\/2023\/07\/18\/898\/\" rel=\"bookmark\">Di\u00f6zesantag zum Thema Vers\u00f6hnung<\/a><\/span> <\/div> <div class=\"info\"> <a class=\"additional-meta\" data-filter-type=\"taxonomies\" data-attr=\"category\" data-filter=\"allgemein\">Allgemein<\/a> <\/div> <\/div> <\/div> <\/div> <\/div><!-- .portflio-set --> <div class=\"portfolio-item-size-container\"> <div class=\"portfolio-item col-xs-12 col-sm-6 col-md-6 item-animations-not-inited show-caption-border post-has-author post-898 post type-post status-publish format-standard has-post-thumbnail category-allgemein\"> <\/div> <\/div> <\/div><!-- .row--> <div class=\"portfolio-navigator gem-pagination\"> <a href=\"#\" role=\"button\" class=\"prev\" aria-label=\"Zur\u00fcck\"> <i class=\"default\"><\/i> <\/a> <div class=\"pages\"><\/div> <a href=\"#\" role=\"button\" class=\"next\" aria-label=\"Weiter\"> <i class=\"default\"><\/i> <\/a> <\/div> <\/div><!-- .full-width --> <\/div><!-- .portfolio--> <\/div><!-- .portfolio-preloader-wrapper-->[\/vc_column][\/vc_row][vc_row][vc_column][vc_column_text]<\/p>\n<h2 class=\"contentheading\">Kontakt<\/h2>\n<div class=\"jsn-article-toolbar\">\n<p><strong>Di\u00f6zesanteam<\/strong><\/p>\n<p>Elisabeth Bayersd\u00f6rfer, Hamburg<br \/>\nNadine Banissan, Hamburg<\/p>\n<\/div>\n<div class=\"jsn-article-toolbar\">\n<p>Anke Dau, Hamburg<br \/>\nHenry Kirsche, Hamburg<br \/>\nDorothee Diedrich-Spinas, Preetz<br \/>\nSimone Schmid, Neukloster<\/p>\n<p><span id=\"cloak369c08fa2ed4426d3bebab5c772d8ad3\">E-Mail: ce-hamburg@erneuerung.de<\/span><\/p>\n<\/div>\n<p>[\/vc_column_text][\/vc_column][\/vc_row]<\/p>\n<\/div>","protected":false},"excerpt":{"rendered":"<p>Am 10. September l\u00e4dt die CE im Erzbistum Hamburg zum n\u00e4chsten Di\u00f6zesantag nach N\u00fctschau ein. Generalvikar P. Sascha-Philipp Gei\u00dfler SAC wird uns&nbsp; Impulse zum Thema &#8222;Vers\u00f6hnung&#8220; halten und die Hl. Messe zum Abschluss&nbsp; mit uns feiern.<\/p>\n<p><strong><a href=\"https:\/\/www.erneuerung.de\/hamburg\/wp-content\/uploads\/sites\/14\/2023\/07\/Einladung-Dioezesantag-Nuetschau-10.-September-2023.pdf\" target=\"_blank\" rel=\"noopener\">Einladung<\/a><\/strong><\/p>\n<p><strong><a href=\"https:\/\/www.erneuerung.de\/hamburg\/wp-content\/uploads\/sites\/14\/2023\/07\/Ablauf-CE-Dioezesantag-10.-September-2023.pdf\" target=\"_blank\" rel=\"noopener\">Ablauf<\/a><\/strong><\/p>\n<p><strong>Verbindliche, schriftliche&nbsp; <\/strong>&hellip;<\/p>","protected":false},"author":1,"featured_media":0,"parent":0,"menu_order":0,"comment_status":"closed","ping_status":"closed","template":"","meta":{"footnotes":""},"class_list":["post-2","page","type-page","status-publish"],"post_mailing_queue_ids":[],"_links":{"self":[{"href":"https:\/\/www.erneuerung.de\/hamburg\/wp-json\/wp\/v2\/pages\/2","targetHints":{"allow":["GET"]}}],"collection":[{"href":"https:\/\/www.erneuerung.de\/hamburg\/wp-json\/wp\/v2\/pages"}],"about":[{"href":"https:\/\/www.erneuerung.de\/hamburg\/wp-json\/wp\/v2\/types\/page"}],"author":[{"embeddable":true,"href":"https:\/\/www.erneuerung.de\/hamburg\/wp-json\/wp\/v2\/users\/1"}],"replies":[{"embeddable":true,"href":"https:\/\/www.erneuerung.de\/hamburg\/wp-json\/wp\/v2\/comments?post=2"}],"version-history":[{"count":51,"href":"https:\/\/www.erneuerung.de\/hamburg\/wp-json\/wp\/v2\/pages\/2\/revisions"}],"predecessor-version":[{"id":771,"href":"https:\/\/www.erneuerung.de\/hamburg\/wp-json\/wp\/v2\/pages\/2\/revisions\/771"}],"wp:attachment":[{"href":"https:\/\/www.erneuerung.de\/hamburg\/wp-json\/wp\/v2\/media?parent=2"}],"curies":[{"name":"wp","href":"https:\/\/api.w.org\/{rel}","templated":true}]}}