{"id":2,"date":"2019-10-28T12:32:08","date_gmt":"2019-10-28T11:32:08","guid":{"rendered":"http:\/\/www.erneuerung.de\/essen\/?page_id=2"},"modified":"2024-06-26T09:15:49","modified_gmt":"2024-06-26T07:15:49","slug":"beispiel-seite","status":"publish","type":"page","link":"https:\/\/www.erneuerung.de\/essen\/","title":{"rendered":"Charismatische Erneuerung Bistum Essen"},"content":{"rendered":"<div class=\"wpb-content-wrapper\"><p>[vc_row full_width=&#8220;stretch_row&#8220; css=&#8220;.vc_custom_1573049562216{background-image: url(https:\/\/www.erneuerung.de\/essen\/wp-content\/uploads\/sites\/11\/2019\/11\/bible-biblia-book-bindings-1112048.jpg?id=30) !important;background-position: center !important;background-repeat: no-repeat !important;background-size: cover !important;}&#8220;][vc_column]<style>.portfolio.news-grid#style-48c73e7 .portfolio-item:not(.size-item), .preloader#style-preloader-48c73e7 .portfolio-item { padding: calc(42px\/2) !important; }.portfolio.news-grid#style-48c73e7 .portfolio-item.size-item { padding: 0 calc(42px\/2) !important; }.portfolio.news-grid#style-48c73e7 .portfolio-row, .preloader#style-preloader-48c73e7 .skeleton-posts.portfolio-row { margin: calc(-42px\/2); }.portfolio.news-grid#style-48c73e7.fullwidth-columns .portfolio-row { margin: calc(-42px\/2) 0; }.portfolio.news-grid#style-48c73e7 .fullwidth-block:not(.no-paddings) { padding-left: 42px; padding-right: 42px; }.portfolio.news-grid#style-48c73e7 .fullwidth-block .portfolio-row { padding-left: calc(42px\/2); padding-right: calc(42px\/2); }.portfolio.news-grid#style-48c73e7 .fullwidth-block .portfolio-top-panel { padding-left: 42px; padding-right: 42px; }.portfolio.news-grid#style-48c73e7.fullwidth-columns .with-filter-sidebar .filter-sidebar { padding-left: 42px; }.portfolio.news-grid#style-48c73e7.list-style.with-divider .portfolio-item .wrap:before { top: calc(-42px\/2); }.portfolio.news-grid#style-48c73e7 .portfolio-item .wrap > .caption { background-color: rgba(0,0,0,0.4) !important; }.portfolio.news-grid#style-48c73e7 .portfolio-item .wrap { background-color: rgba(0,0,0,0.4) !important; }.portfolio.news-grid#style-48c73e7 .portfolio-item .caption .title span { letter-spacing: px !important; }.portfolio.news-grid#style-48c73e7 .portfolio-item .caption .title { color: #ffffff !important; }.portfolio.news-grid#style-48c73e7 .portfolio-item .caption .title > * { color: #ffffff !important; }.portfolio.news-grid#style-48c73e7 .portfolio-item .caption .title a { color: #ffffff !important; }.portfolio.news-grid#style-48c73e7 .portfolio-item .caption .post-author-date-separator { color: #ffffff !important; }.portfolio.news-grid#style-48c73e7 .portfolio-item .caption .post-date { color: #ffffff !important; }<\/style><style><\/style>[\/vc_column][\/vc_row][vc_column][\/vc_column][vc_row][vc_column][vc_column_text css=&#8220;&#8220;]<\/p>\n<h2 class=\"contentheading\">Kontakt<\/h2>\n<p>Es gibt derzeit kein Di\u00f6zesanteam der Charismatischen Erneuerung im Bistum Essen. Herzlich sind Sie zu Veranstaltungen der CE in den Nachbardi\u00f6zesen eingeladen. F\u00fcr Informationen k\u00f6nnen Sie sich auch gerne an das <a href=\"mailto: seminare@erneuerung.de\">B\u00fcro der CE Deutschland in Ravensburg<\/a> wenden.[\/vc_column_text][\/vc_column][\/vc_row]<\/p>\n<\/div>","protected":false},"excerpt":{"rendered":"<p>[vc_row full_width=&#8220;stretch_row&#8220; css=&#8220;.vc_custom_1573049562216{background-image: url(https:\/\/www.erneuerung.de\/essen\/wp-content\/uploads\/sites\/11\/2019\/11\/bible-biblia-book-bindings-1112048.jpg?id=30) !important;background-position: center !important;background-repeat: no-repeat !important;background-size: cover !important;}&#8220;][vc_column][\/vc_column][\/vc_row][vc_column][\/vc_column][vc_row][vc_column][vc_column_text css=&#8220;&#8220;] Kontakt Es gibt derzeit kein Di\u00f6zesanteam der Charismatischen&#8230;<\/p>\n","protected":false},"author":1,"featured_media":0,"parent":0,"menu_order":0,"comment_status":"closed","ping_status":"closed","template":"","meta":{"footnotes":""},"class_list":["post-2","page","type-page","status-publish"],"post_mailing_queue_ids":[],"_links":{"self":[{"href":"https:\/\/www.erneuerung.de\/essen\/wp-json\/wp\/v2\/pages\/2","targetHints":{"allow":["GET"]}}],"collection":[{"href":"https:\/\/www.erneuerung.de\/essen\/wp-json\/wp\/v2\/pages"}],"about":[{"href":"https:\/\/www.erneuerung.de\/essen\/wp-json\/wp\/v2\/types\/page"}],"author":[{"embeddable":true,"href":"https:\/\/www.erneuerung.de\/essen\/wp-json\/wp\/v2\/users\/1"}],"replies":[{"embeddable":true,"href":"https:\/\/www.erneuerung.de\/essen\/wp-json\/wp\/v2\/comments?post=2"}],"version-history":[{"count":17,"href":"https:\/\/www.erneuerung.de\/essen\/wp-json\/wp\/v2\/pages\/2\/revisions"}],"predecessor-version":[{"id":529,"href":"https:\/\/www.erneuerung.de\/essen\/wp-json\/wp\/v2\/pages\/2\/revisions\/529"}],"wp:attachment":[{"href":"https:\/\/www.erneuerung.de\/essen\/wp-json\/wp\/v2\/media?parent=2"}],"curies":[{"name":"wp","href":"https:\/\/api.w.org\/{rel}","templated":true}]}}