{"id":2,"date":"2019-10-28T12:31:07","date_gmt":"2019-10-28T11:31:07","guid":{"rendered":"http:\/\/www.erneuerung.de\/erfurt\/?page_id=2"},"modified":"2025-11-25T19:22:56","modified_gmt":"2025-11-25T18:22:56","slug":"beispiel-seite","status":"publish","type":"page","link":"https:\/\/www.erneuerung.de\/erfurt\/","title":{"rendered":"Charismatische Erneuerung Bistum Erfurt"},"content":{"rendered":"<div class=\"wpb-content-wrapper\"><p>[vc_row full_width=&#8220;stretch_row&#8220; css=&#8220;.vc_custom_1573042628236{background-image: url(https:\/\/www.erneuerung.de\/erfurt\/wp-content\/uploads\/sites\/10\/2019\/11\/candlelight-candles-chruch-54512.jpg?id=32) !important;background-position: center !important;background-repeat: no-repeat !important;background-size: cover !important;}&#8220;][vc_column]<style>.portfolio.news-grid#style-1579f96 .portfolio-item:not(.size-item), .preloader#style-preloader-1579f96 .portfolio-item { padding: calc(42px\/2) !important; }.portfolio.news-grid#style-1579f96 .portfolio-item.size-item { padding: 0 calc(42px\/2) !important; }.portfolio.news-grid#style-1579f96 .portfolio-row, .preloader#style-preloader-1579f96 .skeleton-posts.portfolio-row { margin: calc(-42px\/2); }.portfolio.news-grid#style-1579f96.fullwidth-columns .portfolio-row { margin: calc(-42px\/2) 0; }.portfolio.news-grid#style-1579f96 .fullwidth-block:not(.no-paddings) { padding-left: 42px; padding-right: 42px; }.portfolio.news-grid#style-1579f96 .fullwidth-block .portfolio-row { padding-left: calc(42px\/2); padding-right: calc(42px\/2); }.portfolio.news-grid#style-1579f96 .fullwidth-block .portfolio-top-panel { padding-left: 42px; padding-right: 42px; }.portfolio.news-grid#style-1579f96.fullwidth-columns .with-filter-sidebar .filter-sidebar { padding-left: 42px; }.portfolio.news-grid#style-1579f96.list-style.with-divider .portfolio-item .wrap:before { top: calc(-42px\/2); }.portfolio.news-grid#style-1579f96 .portfolio-item .wrap > .caption { background-color: rgba(0,0,0,0.4) !important; }.portfolio.news-grid#style-1579f96 .portfolio-item .wrap { background-color: rgba(0,0,0,0.4) !important; }.portfolio.news-grid#style-1579f96 .portfolio-item .caption .title span { letter-spacing: px !important; }.portfolio.news-grid#style-1579f96 .portfolio-item .caption .title { color: #ffffff !important; }.portfolio.news-grid#style-1579f96 .portfolio-item .caption .title > * { color: #ffffff !important; }.portfolio.news-grid#style-1579f96 .portfolio-item .caption .title a { color: #ffffff !important; }.portfolio.news-grid#style-1579f96 .portfolio-item .caption .post-author-date-separator { color: #ffffff !important; }.portfolio.news-grid#style-1579f96 .portfolio-item .caption .post-date { color: #ffffff !important; }<\/style><style><\/style><div id=\"style-preloader-1579f96\" class=\"preloader save-space\"><div class=\"preloader-spin\"><\/div><\/div> <div class=\"portfolio-preloader-wrapper panel-sidebar-position-left\"> <div class=\"portfolio portfolio-grid extended-portfolio-grid news-grid no-padding portfolio-pagination-normal portfolio-style-masonry background-style-transparent title-style-light hover-default title-on-page caption-position-page version-default loading-animation item-animation-move-up portfolio-items-masonry columns-2 columns-tablet-2 columns-mobile-1 \" id=\"style-1579f96\" data-style-uid=\"1579f96\" data-portfolio-uid=\"grid_e897a55\" data-current-page=\"1\" data-per-page=\"8\" data-next-page=\"0\" data-pages-count=\"1\" data-hover=\"default\" data-portfolio-filter=\"[]\" data-portfolio-filter-attributes=\"null\" data-portfolio-filter-status=\"null\" data-portfolio-filter-price=\"null\" data-portfolio-filter-search=\"\"> <div class=\"portfolio-row-outer \"> <div class=\"portfolio-top-panel filter-type-default\"> <div class=\"portfolio-top-panel-row filter-style-buttons\"> <div class=\"portfolio-top-panel-left\"><div class=\"portfolio-filter-item portfolio-selected-filters left\"> <div class=\"portfolio-selected-filter-item clear-filters\"> Clear Filters\t<\/div> <\/div> <\/div> <div class=\"portfolio-top-panel-right\"> <div class=\"portfolio-sorting title-h6\"> <div class=\"orderby light\"> <label for=\"\" data-value=\"date\">Datum<\/label> <a href=\"javascript:void(0);\" role=\"button\" class=\"sorting-switcher\" data-current=\"date\" aria-label=\"Order by\"><\/a> <label for=\"\" data-value=\"name\">Name<\/label> <\/div> <div class=\"portfolio-sorting-sep\"><\/div> <div class=\"order light\"> <label for=\"\" data-value=\"DESC\">Desc<\/label> <a href=\"javascript:void(0);\" role=\"button\" class=\"sorting-switcher\" data-current=\"DESC\" aria-label=\"Order\"><\/a> <label for=\"\" data-value=\"ASC\">Asc<\/label> <\/div> <\/div> <\/div> <\/div> <\/div> <div class=\"row portfolio-row\"> <div class=\"portfolio-set clearfix\" data-max-row-height=\"380\"> <div class=\"portfolio-item allgemein col-xs-12 col-sm-6 col-md-6 item-animations-not-inited show-caption-border post-has-author appearance-type- post-784 post type-post status-publish format-standard has-post-thumbnail category-allgemein\" data-default-sort=\"0\" data-sort-date=\"1767022151\"> <div class=\"wrap clearfix\"> <div class=\"image post-784 post type-post status-publish format-standard has-post-thumbnail category-allgemein\"> <div class=\"image-inner \"> <div class=\"post-featured-content\"><a href=\"https:\/\/www.erneuerung.de\/erfurt\/2025\/12\/29\/gottesdienste-2026-mit-pfarrer-stefan-goetting-in-st-bonifatius-wagdstr-13a-99094-erfurt\/\"> <picture> <img src=\"https:\/\/www.erneuerung.de\/erfurt\/wp-content\/uploads\/sites\/10\/2020\/12\/monstranz.jpg\" width=\"600\" height=\"451\" class=\"img-responsive\" alt=\"monstranz\" \/> <\/picture> <\/a><\/div> <\/div> <div class=\"overlay\"> <div class=\"overlay-circle\"><\/div> <div class=\"links-wrapper\"> <div class=\"links\"> <div class=\"caption\"> <a href=\"https:\/\/www.erneuerung.de\/erfurt\/2025\/12\/29\/gottesdienste-2026-mit-pfarrer-stefan-goetting-in-st-bonifatius-wagdstr-13a-99094-erfurt\/\" class=\"portfolio-item-link\"> <span class=\"screen-reader-text\">Gottesdienste 2026 mit Pfarrer Stefan G\u00f6tting in St. Bonifatius, Wagdstr. 13a, 99094 Erfurt<\/span> <\/a> <div class=\"description \"> <div class=\"subtitle\"> <span class=\"text-body\"><p class=\"has-luminous-vivid-amber-background-color has-background\">Lobpreis, Eucharistische Anbetung, Beichtm\u00f6glichkeit, Impuls, Zeugnis, Einzelsegnung<\/p> <p class=\"has-luminous-vivid-amber-background-color has-background\">Samstag, den 20.06. und 21.11.2026<\/p> <p class=\"has-medium-font-size\">Aus gegebenem Anla\u00df, dem Heimgang unseres Bischofs em. Dr. Joachim Wanke, f\u00e4llt der geplante Einkehrtag am 21.03.2026 aus. Das Requiem findet am Vormittag desselben Tages im Dom St. &hellip;<\/p><\/span> <\/div> <\/div> <div class=\"post-author-outer\"> <div class=\"author\"> <span class=\"author-avatar\"><img alt='petraschnorrenberg' src='https:\/\/secure.gravatar.com\/avatar\/ba9e2f00049854447028e64662d1554e7e6794bf89258e6156d4172e7f27c3fb?s=50&#038;d=mm&#038;r=g' srcset='https:\/\/secure.gravatar.com\/avatar\/ba9e2f00049854447028e64662d1554e7e6794bf89258e6156d4172e7f27c3fb?s=100&#038;d=mm&#038;r=g 2x' class='avatar avatar-50 photo' height='50' width='50' \/><\/span> <span class=\"author-name\">By petraschnorrenberg<\/span> <\/div> <\/div> <\/div> <\/div> <\/div> <\/div> <\/div> <div class=\"caption post-784 post type-post status-publish format-standard has-post-thumbnail category-allgemein\"> <div class=\"post-date\">29. Dezember 2025<\/div> <div class=\"title\"> <span class=\"title-h6 \"><a href=\"https:\/\/www.erneuerung.de\/erfurt\/2025\/12\/29\/gottesdienste-2026-mit-pfarrer-stefan-goetting-in-st-bonifatius-wagdstr-13a-99094-erfurt\/\" rel=\"bookmark\">Gottesdienste 2026 mit Pfarrer Stefan G\u00f6tting in St. Bonifatius, Wagdstr. 13a, 99094 Erfurt<\/a><\/span> <\/div> <div class=\"info\"> <a class=\"additional-meta\" data-filter-type=\"taxonomies\" data-attr=\"category\" data-filter=\"allgemein\">Allgemein<\/a> <\/div> <\/div> <\/div> <\/div> <div class=\"portfolio-item allgemein col-xs-12 col-sm-6 col-md-6 item-animations-not-inited show-caption-border post-has-author appearance-type- post-710 post type-post status-publish format-standard has-post-thumbnail category-allgemein\" data-default-sort=\"0\" data-sort-date=\"1607358934\"> <div class=\"wrap clearfix\"> <div class=\"image post-710 post type-post status-publish format-standard has-post-thumbnail category-allgemein\"> <div class=\"image-inner \"> <div class=\"post-featured-content\"><a href=\"https:\/\/www.erneuerung.de\/erfurt\/2020\/12\/07\/shine-bright\/\"> <picture> <img src=\"https:\/\/www.erneuerung.de\/erfurt\/wp-content\/uploads\/sites\/10\/2020\/12\/diamant-thegem-portfolio-masonry.jpg\" width=\"754\" height=\"501\" class=\"img-responsive\" alt=\"diamant\" \/> <\/picture> <\/a><\/div> <\/div> <div class=\"overlay\"> <div class=\"overlay-circle\"><\/div> <div class=\"links-wrapper\"> <div class=\"links\"> <div class=\"caption\"> <a href=\"https:\/\/www.erneuerung.de\/erfurt\/2020\/12\/07\/shine-bright\/\" class=\"portfolio-item-link\"> <span class=\"screen-reader-text\">Shine bright<\/span> <\/a> <div class=\"description \"> <div class=\"subtitle\"> <span class=\"text-body\"><p><strong><span style=\"color: #000080\">Das geschieht im Lobpreis und in der Anbetung: <\/span><\/strong><\/p>\n<p><strong>Begeisterung &#8211; tiefe Begegnung mit Gott &#8211; mal was anderes &#8211; Freundschaft &#8211; Sein Wort &#8211; Echt sein &#8211; Annahme &#8211; Freude &#8211; Gemeinschaft &#8211; like a diamond. <\/strong><\/p>\n<p>Jeden Donnerstag, au\u00dfer an &hellip;<\/p><\/span> <\/div> <\/div> <div class=\"post-author-outer\"> <div class=\"author\"> <span class=\"author-avatar\"><img alt='Karl Fischer' src='https:\/\/secure.gravatar.com\/avatar\/8d7c52b964c63cd16e6c58acaae540ef21365f4f41e6b2fefb60e8c75184c917?s=50&#038;d=mm&#038;r=g' srcset='https:\/\/secure.gravatar.com\/avatar\/8d7c52b964c63cd16e6c58acaae540ef21365f4f41e6b2fefb60e8c75184c917?s=100&#038;d=mm&#038;r=g 2x' class='avatar avatar-50 photo' height='50' width='50' \/><\/span> <span class=\"author-name\">By Karl Fischer<\/span> <\/div> <\/div> <\/div> <\/div> <\/div> <\/div> <\/div> <div class=\"caption post-710 post type-post status-publish format-standard has-post-thumbnail category-allgemein\"> <div class=\"post-date\">7. Dezember 2020<\/div> <div class=\"title\"> <span class=\"title-h6 \"><a href=\"https:\/\/www.erneuerung.de\/erfurt\/2020\/12\/07\/shine-bright\/\" rel=\"bookmark\">Shine bright<\/a><\/span> <\/div> <div class=\"info\"> <a class=\"additional-meta\" data-filter-type=\"taxonomies\" data-attr=\"category\" data-filter=\"allgemein\">Allgemein<\/a> <\/div> <\/div> <\/div> <\/div> <\/div><!-- .portflio-set --> <div class=\"portfolio-item-size-container\"> <div class=\"portfolio-item col-xs-12 col-sm-6 col-md-6 item-animations-not-inited show-caption-border post-has-author post-710 post type-post status-publish format-standard has-post-thumbnail category-allgemein\"> <\/div> <\/div> <\/div><!-- .row--> <div class=\"portfolio-navigator gem-pagination\" style=\"display:none;\"> <a href=\"#\" role=\"button\" class=\"prev\" aria-label=\"Zur\u00fcck\"> <i class=\"default\"><\/i> <\/a> <div class=\"pages\"><\/div> <a href=\"#\" role=\"button\" class=\"next\" aria-label=\"Weiter\"> <i class=\"default\"><\/i> <\/a> <\/div> <\/div><!-- .full-width --> <\/div><!-- .portfolio--> <\/div><!-- .portfolio-preloader-wrapper-->[\/vc_column][\/vc_row][vc_row][vc_column][vc_column_text css=&#8220;&#8220;]<\/p>\n<h2 class=\"contentheading\">Kontakt<\/h2>\n<p><!-- Es gibt derzeit kein Di\u00f6zesanteam der Charismatischen Erneuerung im Bistum Erfurt. Herzlich sind Sie zu Veranstaltungen der CE in den Nachbardi\u00f6zesen eingeladen. F\u00fcr Informationen k\u00f6nnen Sie sich auch gerne an das <a href=\"mailto: seminare@erneuerung.de\">B\u00fcro der CE Deutschland in Ravensburg<\/a> wenden. -->Petra Schnorrenberg<br \/>\n<a href=\"mailto:schnorrenberg.petra@t-online.de\">schnorrenberg.petra@t-online.de<\/a>[\/vc_column_text][\/vc_column][\/vc_row][vc_column][\/vc_column]<\/p>\n<\/div>","protected":false},"excerpt":{"rendered":"<p><strong><span style=\"color: #000080\">Das geschieht im Lobpreis und in der Anbetung: <\/span><\/strong><\/p>\n<p><strong>Begeisterung &#8211; tiefe Begegnung mit Gott &#8211; mal was anderes &#8211; Freundschaft &#8211; Sein Wort &#8211; Echt sein &#8211; Annahme &#8211; Freude &#8211; Gemeinschaft &#8211; like a diamond. <\/strong><\/p>\n<p>Jeden Donnerstag, au\u00dfer an &hellip;<\/p>","protected":false},"author":1,"featured_media":0,"parent":0,"menu_order":0,"comment_status":"closed","ping_status":"closed","template":"","meta":{"footnotes":""},"class_list":["post-2","page","type-page","status-publish"],"post_mailing_queue_ids":[],"_links":{"self":[{"href":"https:\/\/www.erneuerung.de\/erfurt\/wp-json\/wp\/v2\/pages\/2","targetHints":{"allow":["GET"]}}],"collection":[{"href":"https:\/\/www.erneuerung.de\/erfurt\/wp-json\/wp\/v2\/pages"}],"about":[{"href":"https:\/\/www.erneuerung.de\/erfurt\/wp-json\/wp\/v2\/types\/page"}],"author":[{"embeddable":true,"href":"https:\/\/www.erneuerung.de\/erfurt\/wp-json\/wp\/v2\/users\/1"}],"replies":[{"embeddable":true,"href":"https:\/\/www.erneuerung.de\/erfurt\/wp-json\/wp\/v2\/comments?post=2"}],"version-history":[{"count":20,"href":"https:\/\/www.erneuerung.de\/erfurt\/wp-json\/wp\/v2\/pages\/2\/revisions"}],"predecessor-version":[{"id":777,"href":"https:\/\/www.erneuerung.de\/erfurt\/wp-json\/wp\/v2\/pages\/2\/revisions\/777"}],"wp:attachment":[{"href":"https:\/\/www.erneuerung.de\/erfurt\/wp-json\/wp\/v2\/media?parent=2"}],"curies":[{"name":"wp","href":"https:\/\/api.w.org\/{rel}","templated":true}]}}