{"id":2,"date":"2019-10-28T12:29:54","date_gmt":"2019-10-28T11:29:54","guid":{"rendered":"http:\/\/www.erneuerung.de\/eichstaett\/?page_id=2"},"modified":"2024-06-06T10:04:04","modified_gmt":"2024-06-06T08:04:04","slug":"beispiel-seite","status":"publish","type":"page","link":"https:\/\/www.erneuerung.de\/eichstaett\/","title":{"rendered":"Charismatische Erneuerung Bistum Eichst\u00e4tt"},"content":{"rendered":"<div class=\"wpb-content-wrapper\"><p>[vc_row full_width=&#8220;stretch_row&#8220; css=&#8220;.vc_custom_1651041420671{background-image: url(https:\/\/www.erneuerung.de\/eichstaett\/wp-content\/uploads\/sites\/9\/2022\/04\/Eichstaett_DSC04731.jpg?id=429) !important;background-position: center !important;background-repeat: no-repeat !important;background-size: cover !important;}&#8220;][vc_column]<style>.portfolio.news-grid#style-cc32953 .portfolio-item:not(.size-item), .preloader#style-preloader-cc32953 .portfolio-item { padding: calc(42px\/2) !important; }.portfolio.news-grid#style-cc32953 .portfolio-item.size-item { padding: 0 calc(42px\/2) !important; }.portfolio.news-grid#style-cc32953 .portfolio-row, .preloader#style-preloader-cc32953 .skeleton-posts.portfolio-row { margin: calc(-42px\/2); }.portfolio.news-grid#style-cc32953.fullwidth-columns .portfolio-row { margin: calc(-42px\/2) 0; }.portfolio.news-grid#style-cc32953 .fullwidth-block:not(.no-paddings) { padding-left: 42px; padding-right: 42px; }.portfolio.news-grid#style-cc32953 .fullwidth-block .portfolio-row { padding-left: calc(42px\/2); padding-right: calc(42px\/2); }.portfolio.news-grid#style-cc32953 .fullwidth-block .portfolio-top-panel { padding-left: 42px; padding-right: 42px; }.portfolio.news-grid#style-cc32953.fullwidth-columns .with-filter-sidebar .filter-sidebar { padding-left: 42px; }.portfolio.news-grid#style-cc32953.list-style.with-divider .portfolio-item .wrap:before { top: calc(-42px\/2); }.portfolio.news-grid#style-cc32953 .portfolio-item .wrap > .caption { background-color: rgba(0,0,0,0.4) !important; }.portfolio.news-grid#style-cc32953 .portfolio-item .wrap { background-color: rgba(0,0,0,0.4) !important; }.portfolio.news-grid#style-cc32953 .portfolio-item .caption .title span { letter-spacing: px !important; }.portfolio.news-grid#style-cc32953 .portfolio-item .caption .title { color: #ffffff !important; }.portfolio.news-grid#style-cc32953 .portfolio-item .caption .title > * { color: #ffffff !important; }.portfolio.news-grid#style-cc32953 .portfolio-item .caption .title a { color: #ffffff !important; }.portfolio.news-grid#style-cc32953 .portfolio-item .caption .post-author-date-separator { color: #ffffff !important; }.portfolio.news-grid#style-cc32953 .portfolio-item .caption .post-date { color: #ffffff !important; }<\/style><style><\/style><div id=\"style-preloader-cc32953\" class=\"preloader save-space\"><div class=\"preloader-spin\"><\/div><\/div> <div class=\"portfolio-preloader-wrapper panel-sidebar-position-left\"> <div class=\"portfolio portfolio-grid extended-portfolio-grid news-grid no-padding portfolio-pagination-normal portfolio-style-masonry background-style-transparent title-style-light hover-default title-on-page caption-position-page version-default loading-animation item-animation-move-up portfolio-items-masonry columns-3 columns-tablet-2 columns-mobile-1 \" id=\"style-cc32953\" data-style-uid=\"cc32953\" data-portfolio-uid=\"grid_e0cfab2\" data-current-page=\"1\" data-per-page=\"8\" data-next-page=\"0\" data-pages-count=\"1\" data-hover=\"default\" data-portfolio-filter=\"[]\" data-portfolio-filter-attributes=\"null\" data-portfolio-filter-status=\"null\" data-portfolio-filter-price=\"null\" data-portfolio-filter-search=\"\"> <div class=\"portfolio-row-outer \"> <div class=\"portfolio-top-panel filter-type-default\"> <div class=\"portfolio-top-panel-row filter-style-buttons\"> <div class=\"portfolio-top-panel-left\"><div class=\"portfolio-filter-item portfolio-selected-filters left\"> <div class=\"portfolio-selected-filter-item clear-filters\"> Clear Filters\t<\/div> <\/div> <\/div> <div class=\"portfolio-top-panel-right\"> <div class=\"portfolio-sorting title-h6\"> <div class=\"orderby light\"> <label for=\"\" data-value=\"date\">Datum<\/label> <a href=\"javascript:void(0);\" role=\"button\" class=\"sorting-switcher\" data-current=\"date\" aria-label=\"Order by\"><\/a> <label for=\"\" data-value=\"name\">Name<\/label> <\/div> <div class=\"portfolio-sorting-sep\"><\/div> <div class=\"order light\"> <label for=\"\" data-value=\"DESC\">Desc<\/label> <a href=\"javascript:void(0);\" role=\"button\" class=\"sorting-switcher\" data-current=\"DESC\" aria-label=\"Order\"><\/a> <label for=\"\" data-value=\"ASC\">Asc<\/label> <\/div> <\/div> <\/div> <\/div> <\/div> <div class=\"row portfolio-row\"> <div class=\"portfolio-set clearfix\" data-max-row-height=\"380\"> <div class=\"portfolio-item allgemein col-xs-12 col-sm-6 col-md-4 item-animations-not-inited show-caption-border post-has-author appearance-type- post-515 post type-post status-publish format-standard has-post-thumbnail category-allgemein\" data-default-sort=\"0\" data-sort-date=\"1726248103\"> <div class=\"wrap clearfix\"> <div class=\"image post-515 post type-post status-publish format-standard has-post-thumbnail category-allgemein\"> <div class=\"image-inner \"> <div class=\"post-featured-content\"><a href=\"https:\/\/www.erneuerung.de\/eichstaett\/2024\/09\/13\/einkehrtag-2024\/\"> <picture> <img src=\"https:\/\/www.erneuerung.de\/eichstaett\/wp-content\/uploads\/sites\/9\/2024\/09\/Einkehrtag2024.png\" width=\"611\" height=\"723\" class=\"img-responsive\" alt=\"Einkehrtag2024\" \/> <\/picture> <\/a><\/div> <\/div> <div class=\"overlay\"> <div class=\"overlay-circle\"><\/div> <div class=\"links-wrapper\"> <div class=\"links\"> <div class=\"caption\"> <a href=\"https:\/\/www.erneuerung.de\/eichstaett\/2024\/09\/13\/einkehrtag-2024\/\" class=\"portfolio-item-link\"> <span class=\"screen-reader-text\">Einkehrtag 2024<\/span> <\/a> <div class=\"description \"> <div class=\"subtitle\"> <span class=\"text-body\"><p>Die Einladung zum Einkehrtag \u00a0<a href=\"https:\/\/www.erneuerung.de\/eichstaett\/wp-content\/uploads\/sites\/9\/2023\/10\/Einkehrtag2024.pdf\" target=\"_blank\" rel=\"noopener\">2024<\/a>&hellip;<\/p><\/span> <\/div> <\/div> <div class=\"post-author-outer\"> <div class=\"author\"> <span class=\"author-avatar\"><img alt='adelheidbieberich' src='https:\/\/secure.gravatar.com\/avatar\/307c2f78f999a2ef8ef2ee5b1d8c9b01b2c528e5eef40a1726d10af361fe4b03?s=50&#038;d=mm&#038;r=g' srcset='https:\/\/secure.gravatar.com\/avatar\/307c2f78f999a2ef8ef2ee5b1d8c9b01b2c528e5eef40a1726d10af361fe4b03?s=100&#038;d=mm&#038;r=g 2x' class='avatar avatar-50 photo' height='50' width='50' \/><\/span> <span class=\"author-name\">By adelheidbieberich<\/span> <\/div> <\/div> <\/div> <\/div> <\/div> <\/div> <\/div> <div class=\"caption post-515 post type-post status-publish format-standard has-post-thumbnail category-allgemein\"> <div class=\"post-date\">13. September 2024<\/div> <div class=\"title\"> <span class=\"title-h6 \"><a href=\"https:\/\/www.erneuerung.de\/eichstaett\/2024\/09\/13\/einkehrtag-2024\/\" rel=\"bookmark\">Einkehrtag 2024<\/a><\/span> <\/div> <div class=\"info\"> <a class=\"additional-meta\" data-filter-type=\"taxonomies\" data-attr=\"category\" data-filter=\"allgemein\">Allgemein<\/a> <\/div> <\/div> <\/div> <\/div> <div class=\"portfolio-item allgemein col-xs-12 col-sm-6 col-md-4 item-animations-not-inited show-caption-border post-has-author appearance-type- post-497 post type-post status-publish format-standard has-post-thumbnail category-allgemein\" data-default-sort=\"0\" data-sort-date=\"1709225960\"> <div class=\"wrap clearfix\"> <div class=\"image post-497 post type-post status-publish format-standard has-post-thumbnail category-allgemein\"> <div class=\"image-inner \"> <div class=\"post-featured-content\"><a href=\"https:\/\/www.erneuerung.de\/eichstaett\/2024\/02\/29\/neue-sprecher\/\"> <picture> <img src=\"https:\/\/www.erneuerung.de\/eichstaett\/wp-content\/uploads\/sites\/9\/2024\/02\/Sprecher2024.png\" width=\"600\" height=\"342\" class=\"img-responsive\" alt=\"Sprecher2024\" \/> <\/picture> <\/a><\/div> <\/div> <div class=\"overlay\"> <div class=\"overlay-circle\"><\/div> <div class=\"links-wrapper\"> <div class=\"links\"> <div class=\"caption\"> <a href=\"https:\/\/www.erneuerung.de\/eichstaett\/2024\/02\/29\/neue-sprecher\/\" class=\"portfolio-item-link\"> <span class=\"screen-reader-text\">Neue Sprecher<\/span> <\/a> <div class=\"description \"> <div class=\"subtitle\"> <span class=\"text-body\"><p>Die Di\u00f6zesangruppe der CE Eichst\u00e4tt hat Sprecherwahlen durchgef\u00fchrt.<\/p> <p>Neue Sprecher sind:<\/p> <p>1.Sprecherin: Evelyn Tschernek<\/p> <p>2. Sprecher: Anton Zauner<\/p> <p><\/p><p>3.geistlicher Sprecher: Pfr. Jochen Scherzer<\/p>\n<div class=\"styled-subtitle\">&nbsp;<\/div>&hellip;<\/span> <\/div> <\/div> <div class=\"post-author-outer\"> <div class=\"author\"> <span class=\"author-avatar\"><img alt='adelheidbieberich' src='https:\/\/secure.gravatar.com\/avatar\/307c2f78f999a2ef8ef2ee5b1d8c9b01b2c528e5eef40a1726d10af361fe4b03?s=50&#038;d=mm&#038;r=g' srcset='https:\/\/secure.gravatar.com\/avatar\/307c2f78f999a2ef8ef2ee5b1d8c9b01b2c528e5eef40a1726d10af361fe4b03?s=100&#038;d=mm&#038;r=g 2x' class='avatar avatar-50 photo' height='50' width='50' \/><\/span> <span class=\"author-name\">By adelheidbieberich<\/span> <\/div> <\/div> <\/div> <\/div> <\/div> <\/div> <\/div> <div class=\"caption post-497 post type-post status-publish format-standard has-post-thumbnail category-allgemein\"> <div class=\"post-date\">29. Februar 2024<\/div> <div class=\"title\"> <span class=\"title-h6 \"><a href=\"https:\/\/www.erneuerung.de\/eichstaett\/2024\/02\/29\/neue-sprecher\/\" rel=\"bookmark\">Neue Sprecher<\/a><\/span> <\/div> <div class=\"info\"> <a class=\"additional-meta\" data-filter-type=\"taxonomies\" data-attr=\"category\" data-filter=\"allgemein\">Allgemein<\/a> <\/div> <\/div> <\/div> <\/div> <div class=\"portfolio-item allgemein col-xs-12 col-sm-6 col-md-4 item-animations-not-inited show-caption-border post-has-author appearance-type- post-488 post type-post status-publish format-standard has-post-thumbnail category-allgemein\" data-default-sort=\"0\" data-sort-date=\"1704475432\"> <div class=\"wrap clearfix\"> <div class=\"image post-488 post type-post status-publish format-standard has-post-thumbnail category-allgemein\"> <div class=\"image-inner \"> <div class=\"post-featured-content\"><a href=\"https:\/\/www.erneuerung.de\/eichstaett\/2024\/01\/05\/allianz-gebetswoche-2024\/\"> <picture> <img src=\"https:\/\/www.erneuerung.de\/eichstaett\/wp-content\/uploads\/sites\/9\/2024\/01\/EAD-AGW2024_Grafik-thegem-portfolio-masonry.jpg\" width=\"754\" height=\"504\" class=\"img-responsive\" alt=\"EAD-AGW2024_Grafik\" \/> <\/picture> <\/a><\/div> <\/div> <div class=\"overlay\"> <div class=\"overlay-circle\"><\/div> <div class=\"links-wrapper\"> <div class=\"links\"> <div class=\"caption\"> <a href=\"https:\/\/www.erneuerung.de\/eichstaett\/2024\/01\/05\/allianz-gebetswoche-2024\/\" class=\"portfolio-item-link\"> <span class=\"screen-reader-text\">Allianz Gebetswoche 2024<\/span> <\/a> <div class=\"description \"> <div class=\"subtitle\"> <span class=\"text-body\"><div class=\"b_main__pageTitle\">\n<h1>Allianzgebetswoche 2024<\/h1>\n<p>Die Evangelische Allianz im Raum Neumarkt l\u00e4dt ein zur 178. Allianzgebetswoche: vom 14. &#8211; 21. Januar 2024.<\/p>\n<p style=\"text-align: center\">Thema: Gott l\u00e4dt ein &#8211; Vision for Mission<\/p>\n<p><img class=\"aligncenter wp-image-490 size-full\" src=\"https:\/\/www.erneuerung.de\/eichstaett\/wp-content\/uploads\/sites\/9\/2024\/01\/AllianzwocheNeumarkt2024.png\" alt=\"\" width=\"1240\" height=\"870\" srcset=\"https:\/\/www.erneuerung.de\/eichstaett\/wp-content\/uploads\/sites\/9\/2024\/01\/AllianzwocheNeumarkt2024.png 1240w, https:\/\/www.erneuerung.de\/eichstaett\/wp-content\/uploads\/sites\/9\/2024\/01\/AllianzwocheNeumarkt2024-300x210.png 300w, https:\/\/www.erneuerung.de\/eichstaett\/wp-content\/uploads\/sites\/9\/2024\/01\/AllianzwocheNeumarkt2024-1024x718.png 1024w, https:\/\/www.erneuerung.de\/eichstaett\/wp-content\/uploads\/sites\/9\/2024\/01\/AllianzwocheNeumarkt2024-768x539.png 768w, https:\/\/www.erneuerung.de\/eichstaett\/wp-content\/uploads\/sites\/9\/2024\/01\/AllianzwocheNeumarkt2024-600x421.png 600w\" sizes=\"(max-width: 1240px) 100vw, 1240px\" \/><\/p>\n<\/div>\n<div class=\"b_main__innerWrap\">\n<div class=\"bJS_bibleServer\">\n<div class=\"b_textMediaElement\">\n<div class=\"b_textMediaElement__headline b_textMediaElement__headline--left\">\n<h5><\/h5>\n<\/div>\n<\/div>\n<\/div>\n<\/div>&hellip;<\/span> <\/div> <\/div> <div class=\"post-author-outer\"> <div class=\"author\"> <span class=\"author-avatar\"><img alt='adelheidbieberich' src='https:\/\/secure.gravatar.com\/avatar\/307c2f78f999a2ef8ef2ee5b1d8c9b01b2c528e5eef40a1726d10af361fe4b03?s=50&#038;d=mm&#038;r=g' srcset='https:\/\/secure.gravatar.com\/avatar\/307c2f78f999a2ef8ef2ee5b1d8c9b01b2c528e5eef40a1726d10af361fe4b03?s=100&#038;d=mm&#038;r=g 2x' class='avatar avatar-50 photo' height='50' width='50' \/><\/span> <span class=\"author-name\">By adelheidbieberich<\/span> <\/div> <\/div> <\/div> <\/div> <\/div> <\/div> <\/div> <div class=\"caption post-488 post type-post status-publish format-standard has-post-thumbnail category-allgemein\"> <div class=\"post-date\">5. Januar 2024<\/div> <div class=\"title\"> <span class=\"title-h6 \"><a href=\"https:\/\/www.erneuerung.de\/eichstaett\/2024\/01\/05\/allianz-gebetswoche-2024\/\" rel=\"bookmark\">Allianz Gebetswoche 2024<\/a><\/span> <\/div> <div class=\"info\"> <a class=\"additional-meta\" data-filter-type=\"taxonomies\" data-attr=\"category\" data-filter=\"allgemein\">Allgemein<\/a> <\/div> <\/div> <\/div> <\/div> <div class=\"portfolio-item allgemein col-xs-12 col-sm-6 col-md-4 item-animations-not-inited show-caption-border post-has-author appearance-type- post-443 post type-post status-publish format-standard has-post-thumbnail category-allgemein\" data-default-sort=\"0\" data-sort-date=\"1651092791\"> <div class=\"wrap clearfix\"> <div class=\"image post-443 post type-post status-publish format-standard has-post-thumbnail category-allgemein\"> <div class=\"image-inner \"> <div class=\"post-featured-content\"><a href=\"https:\/\/www.erneuerung.de\/eichstaett\/2022\/04\/27\/novene-zur-erneuerung-der-kirche\/\"> <picture> <img src=\"https:\/\/www.erneuerung.de\/eichstaett\/wp-content\/uploads\/sites\/9\/2022\/04\/DSC04626-e1652442307258.png\" width=\"512\" height=\"384\" class=\"img-responsive\" alt=\"DSC04626\" \/> <\/picture> <\/a><\/div> <\/div> <div class=\"overlay\"> <div class=\"overlay-circle\"><\/div> <div class=\"links-wrapper\"> <div class=\"links\"> <div class=\"caption\"> <a href=\"https:\/\/www.erneuerung.de\/eichstaett\/2022\/04\/27\/novene-zur-erneuerung-der-kirche\/\" class=\"portfolio-item-link\"> <span class=\"screen-reader-text\">Novene zur Erneuerung der Kirche<\/span> <\/a> <div class=\"description \"> <div class=\"subtitle\"> <span class=\"text-body\"><p>Neun <a href=\"https:\/\/www.erneuerung.de\/eichstaett\/wp-content\/uploads\/sites\/9\/2022\/04\/NovenezurErneuerungderKirche.pdf\">Betrachtungen<\/a> zu den Sendschreiben der Offenbarung des Johannes von Adelheid Bieberich<\/p> <p>&nbsp;&hellip;<\/p><\/span> <\/div> <\/div> <div class=\"post-author-outer\"> <div class=\"author\"> <span class=\"author-avatar\"><img alt='adelheidbieberich' src='https:\/\/secure.gravatar.com\/avatar\/307c2f78f999a2ef8ef2ee5b1d8c9b01b2c528e5eef40a1726d10af361fe4b03?s=50&#038;d=mm&#038;r=g' srcset='https:\/\/secure.gravatar.com\/avatar\/307c2f78f999a2ef8ef2ee5b1d8c9b01b2c528e5eef40a1726d10af361fe4b03?s=100&#038;d=mm&#038;r=g 2x' class='avatar avatar-50 photo' height='50' width='50' \/><\/span> <span class=\"author-name\">By adelheidbieberich<\/span> <\/div> <\/div> <\/div> <\/div> <\/div> <\/div> <\/div> <div class=\"caption post-443 post type-post status-publish format-standard has-post-thumbnail category-allgemein\"> <div class=\"post-date\">27. April 2022<\/div> <div class=\"title\"> <span class=\"title-h6 \"><a href=\"https:\/\/www.erneuerung.de\/eichstaett\/2022\/04\/27\/novene-zur-erneuerung-der-kirche\/\" rel=\"bookmark\">Novene zur Erneuerung der Kirche<\/a><\/span> <\/div> <div class=\"info\"> <a class=\"additional-meta\" data-filter-type=\"taxonomies\" data-attr=\"category\" data-filter=\"allgemein\">Allgemein<\/a> <\/div> <\/div> <\/div> <\/div> <div class=\"portfolio-item allgemein col-xs-12 col-sm-6 col-md-4 item-animations-not-inited show-caption-border post-has-author appearance-type- post-363 post type-post status-publish format-standard has-post-thumbnail category-allgemein\" data-default-sort=\"0\" data-sort-date=\"1591899604\"> <div class=\"wrap clearfix\"> <div class=\"image post-363 post type-post status-publish format-standard has-post-thumbnail category-allgemein\"> <div class=\"image-inner \"> <div class=\"post-featured-content\"><a href=\"https:\/\/www.erneuerung.de\/eichstaett\/2020\/06\/11\/rundbriefe\/\"> <picture> <img src=\"https:\/\/www.erneuerung.de\/eichstaett\/wp-content\/uploads\/sites\/9\/2022\/04\/e-mail-g98c39b211_640.jpg\" width=\"640\" height=\"426\" class=\"img-responsive\" alt=\"e-mail-g98c39b211_640\" \/> <\/picture> <\/a><\/div> <\/div> <div class=\"overlay\"> <div class=\"overlay-circle\"><\/div> <div class=\"links-wrapper\"> <div class=\"links\"> <div class=\"caption\"> <a href=\"https:\/\/www.erneuerung.de\/eichstaett\/2020\/06\/11\/rundbriefe\/\" class=\"portfolio-item-link\"> <span class=\"screen-reader-text\">Rundbriefe<\/span> <\/a> <div class=\"description \"> <div class=\"subtitle\"> <span class=\"text-body\"><p>Rundbrief 2025 <a href=\"https:\/\/www.erneuerung.de\/eichstaett\/wp-content\/uploads\/sites\/9\/2025\/10\/RB2025-2.pdf\" target=\"_blank\" rel=\"noopener noreferrer\">Nr 2<\/a><\/p>\n<p>Rundbrief 2025 <a href=\"https:\/\/www.erneuerung.de\/eichstaett\/wp-content\/uploads\/sites\/9\/2025\/01\/RB2025-1.pdf\" target=\"_blank\" rel=\"noopener\">Nr 1<\/a><\/p>\n<p>Rundbrief 2024 <a href=\"https:\/\/www.erneuerung.de\/eichstaett\/wp-content\/uploads\/sites\/9\/2024\/06\/RB2024-1.pdf\">Nr 1<\/a><\/p>\n<p>Rundbrief 2023 <a href=\"https:\/\/www.erneuerung.de\/eichstaett\/wp-content\/uploads\/sites\/9\/2023\/10\/RB2023-2.pdf\" target=\"_blank\" rel=\"noopener noreferrer\">Nr 2<\/a><\/p>\n<p>Rundbrief 2022 <a href=\"https:\/\/www.erneuerung.de\/eichstaett\/wp-content\/uploads\/sites\/9\/2022\/01\/RB2022-1.pdf\" target=\"_blank\" rel=\"noopener noreferrer\">Nr 1<\/a><\/p>\n<p>Rundbried 2021 <a href=\"https:\/\/www.erneuerung.de\/eichstaett\/wp-content\/uploads\/sites\/9\/2021\/08\/RB2021-2.pdf\">Nr 2<\/a><\/p>\n<p>Rundbried 2021 <a href=\"https:\/\/www.erneuerung.de\/eichstaett\/wp-content\/uploads\/sites\/9\/2021\/01\/RB2021-1.pdf\">Nr 1<\/a><\/p>\n<p>Rundbrief 2020 <a href=\"https:\/\/www.erneuerung.de\/eichstaett\/wp-content\/uploads\/sites\/9\/2020\/06\/RB2020-1-1.pdf\" target=\"_blank\" rel=\"noopener noreferrer\">Nr 1<\/a><\/p> <p>&hellip;<\/p><\/span> <\/div> <\/div> <div class=\"post-author-outer\"> <div class=\"author\"> <span class=\"author-avatar\"><img alt='adelheidbieberich' src='https:\/\/secure.gravatar.com\/avatar\/307c2f78f999a2ef8ef2ee5b1d8c9b01b2c528e5eef40a1726d10af361fe4b03?s=50&#038;d=mm&#038;r=g' srcset='https:\/\/secure.gravatar.com\/avatar\/307c2f78f999a2ef8ef2ee5b1d8c9b01b2c528e5eef40a1726d10af361fe4b03?s=100&#038;d=mm&#038;r=g 2x' class='avatar avatar-50 photo' height='50' width='50' \/><\/span> <span class=\"author-name\">By adelheidbieberich<\/span> <\/div> <\/div> <\/div> <\/div> <\/div> <\/div> <\/div> <div class=\"caption post-363 post type-post status-publish format-standard has-post-thumbnail category-allgemein\"> <div class=\"post-date\">11. Juni 2020<\/div> <div class=\"title\"> <span class=\"title-h6 \"><a href=\"https:\/\/www.erneuerung.de\/eichstaett\/2020\/06\/11\/rundbriefe\/\" rel=\"bookmark\">Rundbriefe<\/a><\/span> <\/div> <div class=\"info\"> <a class=\"additional-meta\" data-filter-type=\"taxonomies\" data-attr=\"category\" data-filter=\"allgemein\">Allgemein<\/a> <\/div> <\/div> <\/div> <\/div> <\/div><!-- .portflio-set --> <div class=\"portfolio-item-size-container\"> <div class=\"portfolio-item col-xs-12 col-sm-6 col-md-4 item-animations-not-inited show-caption-border post-has-author post-363 post type-post status-publish format-standard has-post-thumbnail category-allgemein\"> <\/div> <\/div> <\/div><!-- .row--> <div class=\"portfolio-navigator gem-pagination\" style=\"display:none;\"> <a href=\"#\" role=\"button\" class=\"prev\" aria-label=\"Zur\u00fcck\"> <i class=\"default\"><\/i> <\/a> <div class=\"pages\"><\/div> <a href=\"#\" role=\"button\" class=\"next\" aria-label=\"Weiter\"> <i class=\"default\"><\/i> <\/a> <\/div> <\/div><!-- .full-width --> <\/div><!-- .portfolio--> <\/div><!-- .portfolio-preloader-wrapper-->[\/vc_column][\/vc_row][vc_row][vc_column][vc_column_text]<\/p>\n<h2 class=\"contentheading\">Kontakt<\/h2>\n<p>Evelyn Tschernek 01711755755<\/p>\n<p>Anton Zauner\u00a0 09497 6441<\/p>\n<p>Pfr. Jochen Scherzer\u00a0 09875 262[\/vc_column_text][\/vc_column][\/vc_row]<\/p>\n<\/div>","protected":false},"excerpt":{"rendered":"<p>Rundbrief 2025 <a href=\"https:\/\/www.erneuerung.de\/eichstaett\/wp-content\/uploads\/sites\/9\/2025\/10\/RB2025-2.pdf\" target=\"_blank\" rel=\"noopener noreferrer\">Nr 2<\/a><\/p>\n<p>Rundbrief 2025 <a href=\"https:\/\/www.erneuerung.de\/eichstaett\/wp-content\/uploads\/sites\/9\/2025\/01\/RB2025-1.pdf\" target=\"_blank\" rel=\"noopener\">Nr 1<\/a><\/p>\n<p>Rundbrief 2024 <a href=\"https:\/\/www.erneuerung.de\/eichstaett\/wp-content\/uploads\/sites\/9\/2024\/06\/RB2024-1.pdf\">Nr 1<\/a><\/p>\n<p>Rundbrief 2023 <a href=\"https:\/\/www.erneuerung.de\/eichstaett\/wp-content\/uploads\/sites\/9\/2023\/10\/RB2023-2.pdf\" target=\"_blank\" rel=\"noopener noreferrer\">Nr 2<\/a><\/p>\n<p>Rundbrief 2022 <a href=\"https:\/\/www.erneuerung.de\/eichstaett\/wp-content\/uploads\/sites\/9\/2022\/01\/RB2022-1.pdf\" target=\"_blank\" rel=\"noopener noreferrer\">Nr 1<\/a><\/p>\n<p>Rundbried 2021 <a href=\"https:\/\/www.erneuerung.de\/eichstaett\/wp-content\/uploads\/sites\/9\/2021\/08\/RB2021-2.pdf\">Nr 2<\/a><\/p>\n<p>Rundbried 2021 <a href=\"https:\/\/www.erneuerung.de\/eichstaett\/wp-content\/uploads\/sites\/9\/2021\/01\/RB2021-1.pdf\">Nr 1<\/a><\/p>\n<p>Rundbrief 2020 <a href=\"https:\/\/www.erneuerung.de\/eichstaett\/wp-content\/uploads\/sites\/9\/2020\/06\/RB2020-1-1.pdf\" target=\"_blank\" rel=\"noopener noreferrer\">Nr 1<\/a><\/p>\n\n\n<p>&hellip;<\/p>","protected":false},"author":1,"featured_media":0,"parent":0,"menu_order":0,"comment_status":"closed","ping_status":"closed","template":"","meta":{"footnotes":""},"class_list":["post-2","page","type-page","status-publish"],"post_mailing_queue_ids":[],"_links":{"self":[{"href":"https:\/\/www.erneuerung.de\/eichstaett\/wp-json\/wp\/v2\/pages\/2","targetHints":{"allow":["GET"]}}],"collection":[{"href":"https:\/\/www.erneuerung.de\/eichstaett\/wp-json\/wp\/v2\/pages"}],"about":[{"href":"https:\/\/www.erneuerung.de\/eichstaett\/wp-json\/wp\/v2\/types\/page"}],"author":[{"embeddable":true,"href":"https:\/\/www.erneuerung.de\/eichstaett\/wp-json\/wp\/v2\/users\/1"}],"replies":[{"embeddable":true,"href":"https:\/\/www.erneuerung.de\/eichstaett\/wp-json\/wp\/v2\/comments?post=2"}],"version-history":[{"count":19,"href":"https:\/\/www.erneuerung.de\/eichstaett\/wp-json\/wp\/v2\/pages\/2\/revisions"}],"predecessor-version":[{"id":512,"href":"https:\/\/www.erneuerung.de\/eichstaett\/wp-json\/wp\/v2\/pages\/2\/revisions\/512"}],"wp:attachment":[{"href":"https:\/\/www.erneuerung.de\/eichstaett\/wp-json\/wp\/v2\/media?parent=2"}],"curies":[{"name":"wp","href":"https:\/\/api.w.org\/{rel}","templated":true}]}}