{"id":2,"date":"2019-10-28T12:28:09","date_gmt":"2019-10-28T11:28:09","guid":{"rendered":"http:\/\/www.erneuerung.de\/dresden-meissen\/?page_id=2"},"modified":"2024-06-06T10:41:14","modified_gmt":"2024-06-06T08:41:14","slug":"beispiel-seite","status":"publish","type":"page","link":"https:\/\/www.erneuerung.de\/dresden-meissen\/","title":{"rendered":"Charismatische Erneuerung Bistum Dresden-Mei\u00dfen"},"content":{"rendered":"<div class=\"wpb-content-wrapper\"><p>[vc_row full_width=&#8220;stretch_row&#8220; css=&#8220;.vc_custom_1704798080521{background-image: url(https:\/\/www.erneuerung.de\/dresden-meissen\/wp-content\/uploads\/sites\/8\/2024\/01\/dresden-7122254_1920.jpg?id=418) !important;background-position: center !important;background-repeat: no-repeat !important;background-size: cover !important;}&#8220;][vc_column]<style>.portfolio.news-grid#style-9fd9dbf .portfolio-item:not(.size-item), .preloader#style-preloader-9fd9dbf .portfolio-item { padding: calc(42px\/2) !important; }.portfolio.news-grid#style-9fd9dbf .portfolio-item.size-item { padding: 0 calc(42px\/2) !important; }.portfolio.news-grid#style-9fd9dbf .portfolio-row, .preloader#style-preloader-9fd9dbf .skeleton-posts.portfolio-row { margin: calc(-42px\/2); }.portfolio.news-grid#style-9fd9dbf.fullwidth-columns .portfolio-row { margin: calc(-42px\/2) 0; }.portfolio.news-grid#style-9fd9dbf .fullwidth-block:not(.no-paddings) { padding-left: 42px; padding-right: 42px; }.portfolio.news-grid#style-9fd9dbf .fullwidth-block .portfolio-row { padding-left: calc(42px\/2); padding-right: calc(42px\/2); }.portfolio.news-grid#style-9fd9dbf .fullwidth-block .portfolio-top-panel { padding-left: 42px; padding-right: 42px; }.portfolio.news-grid#style-9fd9dbf.fullwidth-columns .with-filter-sidebar .filter-sidebar { padding-left: 42px; }.portfolio.news-grid#style-9fd9dbf.list-style.with-divider .portfolio-item .wrap:before { top: calc(-42px\/2); }.portfolio.news-grid#style-9fd9dbf .portfolio-item .wrap > .caption { background-color: rgba(0,0,0,0.4) !important; }.portfolio.news-grid#style-9fd9dbf .portfolio-item .wrap { background-color: rgba(0,0,0,0.4) !important; }.portfolio.news-grid#style-9fd9dbf .portfolio-item .caption .title span { letter-spacing: px !important; }.portfolio.news-grid#style-9fd9dbf .portfolio-item .caption .title { color: #ffffff !important; }.portfolio.news-grid#style-9fd9dbf .portfolio-item .caption .title > * { color: #ffffff !important; }.portfolio.news-grid#style-9fd9dbf .portfolio-item .caption .title a { color: #ffffff !important; }.portfolio.news-grid#style-9fd9dbf .portfolio-item .caption .post-author-date-separator { color: #ffffff !important; }.portfolio.news-grid#style-9fd9dbf .portfolio-item .caption .post-date { color: #ffffff !important; }<\/style><style><\/style><div id=\"style-preloader-9fd9dbf\" class=\"preloader save-space\"><div class=\"preloader-spin\"><\/div><\/div> <div class=\"portfolio-preloader-wrapper panel-sidebar-position-left\"> <div class=\"portfolio portfolio-grid extended-portfolio-grid news-grid no-padding portfolio-pagination-normal portfolio-style-masonry background-style-transparent title-style-light hover-default title-on-page caption-position-page version-default loading-animation item-animation-move-up portfolio-items-masonry columns-2 columns-tablet-2 columns-mobile-1 \" id=\"style-9fd9dbf\" data-style-uid=\"9fd9dbf\" data-portfolio-uid=\"grid_a72b689\" data-current-page=\"1\" data-per-page=\"8\" data-next-page=\"0\" data-pages-count=\"1\" data-hover=\"default\" data-portfolio-filter=\"[]\" data-portfolio-filter-attributes=\"null\" data-portfolio-filter-status=\"null\" data-portfolio-filter-price=\"null\" data-portfolio-filter-search=\"\"> <div class=\"portfolio-row-outer \"> <div class=\"portfolio-top-panel filter-type-default\"> <div class=\"portfolio-top-panel-row filter-style-buttons\"> <div class=\"portfolio-top-panel-left\"><div class=\"portfolio-filter-item portfolio-selected-filters left\"> <div class=\"portfolio-selected-filter-item clear-filters\"> Clear Filters\t<\/div> <\/div> <\/div> <div class=\"portfolio-top-panel-right\"> <div class=\"portfolio-sorting title-h6\"> <div class=\"orderby light\"> <label for=\"\" data-value=\"date\">Datum<\/label> <a href=\"javascript:void(0);\" role=\"button\" class=\"sorting-switcher\" data-current=\"date\" aria-label=\"Order by\"><\/a> <label for=\"\" data-value=\"name\">Name<\/label> <\/div> <div class=\"portfolio-sorting-sep\"><\/div> <div class=\"order light\"> <label for=\"\" data-value=\"DESC\">Desc<\/label> <a href=\"javascript:void(0);\" role=\"button\" class=\"sorting-switcher\" data-current=\"DESC\" aria-label=\"Order\"><\/a> <label for=\"\" data-value=\"ASC\">Asc<\/label> <\/div> <\/div> <\/div> <\/div> <\/div> <div class=\"row portfolio-row\"> <div class=\"portfolio-set clearfix\" data-max-row-height=\"380\"> <div class=\"portfolio-item allgemein col-xs-12 col-sm-6 col-md-6 item-animations-not-inited show-caption-border post-has-author appearance-type- post-354 post type-post status-publish format-standard has-post-thumbnail category-allgemein\" data-default-sort=\"0\" data-sort-date=\"1614943431\"> <div class=\"wrap clearfix\"> <div class=\"image post-354 post type-post status-publish format-standard has-post-thumbnail category-allgemein\"> <div class=\"image-inner \"> <div class=\"post-featured-content\"><a href=\"https:\/\/www.erneuerung.de\/dresden-meissen\/2021\/03\/05\/100-jahre-bistum-dresden-meissen\/\"> <picture> <img src=\"https:\/\/www.erneuerung.de\/dresden-meissen\/wp-content\/uploads\/sites\/8\/2021\/03\/Hofkirche-Dresden-im-Abendlicht-thegem-portfolio-masonry.jpg\" width=\"754\" height=\"422\" class=\"img-responsive\" alt=\"Hofkirche Dresden im Abendlicht\" \/> <\/picture> <\/a><\/div> <\/div> <div class=\"overlay\"> <div class=\"overlay-circle\"><\/div> <div class=\"links-wrapper\"> <div class=\"links\"> <div class=\"caption\"> <a href=\"https:\/\/www.erneuerung.de\/dresden-meissen\/2021\/03\/05\/100-jahre-bistum-dresden-meissen\/\" class=\"portfolio-item-link\"> <span class=\"screen-reader-text\">Bistum Dresden &#8211; Mei\u00dfen<\/span> <\/a> <div class=\"description \"> <div class=\"subtitle\"> <span class=\"text-body\"><p>Im Jahr 1921 erhob Papst Benedikt XV. die Apostolische Pr\u00e4fektur Mei\u00dfen zum Bistum Mei\u00dfen, unserer jetzigen Di\u00f6zese Dresden-Mei\u00dfen. Wir feiern und beten f\u00fcr dieses f\u00fcr uns in Sachsen historische Ereigniss.<\/p>\n<p><a href=\"https:\/\/www.bistum-dresden-meissen.de\/bistum-dresden-meissen\/geschichte-100jahre\" target=\"_blank\" rel=\"noopener\">Zur Geschichte<\/a>&hellip;<\/p><\/span> <\/div> <\/div> <div class=\"post-author-outer\"> <div class=\"author\"> <span class=\"author-avatar\"><img alt='cebistumdresdenmeissen' src='https:\/\/secure.gravatar.com\/avatar\/99dd862e4ab0eb86224502cdabee27f0ed59fab985006390f2ffff9fb0c05aca?s=50&#038;d=mm&#038;r=g' srcset='https:\/\/secure.gravatar.com\/avatar\/99dd862e4ab0eb86224502cdabee27f0ed59fab985006390f2ffff9fb0c05aca?s=100&#038;d=mm&#038;r=g 2x' class='avatar avatar-50 photo' height='50' width='50' \/><\/span> <span class=\"author-name\">By cebistumdresdenmeissen<\/span> <\/div> <\/div> <\/div> <\/div> <\/div> <\/div> <\/div> <div class=\"caption post-354 post type-post status-publish format-standard has-post-thumbnail category-allgemein\"> <div class=\"post-date\">5. M\u00e4rz 2021<\/div> <div class=\"title\"> <span class=\"title-h6 \"><a href=\"https:\/\/www.erneuerung.de\/dresden-meissen\/2021\/03\/05\/100-jahre-bistum-dresden-meissen\/\" rel=\"bookmark\">Bistum Dresden &#8211; Mei\u00dfen<\/a><\/span> <\/div> <div class=\"info\"> <a class=\"additional-meta\" data-filter-type=\"taxonomies\" data-attr=\"category\" data-filter=\"allgemein\">Allgemein<\/a> <\/div> <\/div> <\/div> <\/div> <\/div><!-- .portflio-set --> <div class=\"portfolio-item-size-container\"> <div class=\"portfolio-item col-xs-12 col-sm-6 col-md-6 item-animations-not-inited show-caption-border post-has-author post-354 post type-post status-publish format-standard has-post-thumbnail category-allgemein\"> <\/div> <\/div> <\/div><!-- .row--> <div class=\"portfolio-navigator gem-pagination\" style=\"display:none;\"> <a href=\"#\" role=\"button\" class=\"prev\" aria-label=\"Zur\u00fcck\"> <i class=\"default\"><\/i> <\/a> <div class=\"pages\"><\/div> <a href=\"#\" role=\"button\" class=\"next\" aria-label=\"Weiter\"> <i class=\"default\"><\/i> <\/a> <\/div> <\/div><!-- .full-width --> <\/div><!-- .portfolio--> <\/div><!-- .portfolio-preloader-wrapper-->[\/vc_column][\/vc_row][vc_column][\/vc_column][vc_row][vc_column][vc_column_text]<\/p>\n<h2 class=\"contentheading\">Kontakt<\/h2>\n<div class=\"jsn-article-toolbar\">\n<p><strong>Di\u00f6zesansprecherin<\/strong><\/p>\n<p>Theresia Kubat<\/p>\n<\/div>\n<p>[\/vc_column_text]\n<div class=\"wpcf7 no-js\" id=\"wpcf7-f399-o1\" lang=\"de-DE\" dir=\"ltr\" data-wpcf7-id=\"399\">\n<div class=\"screen-reader-response\"><p role=\"status\" aria-live=\"polite\" aria-atomic=\"true\"><\/p> <ul><\/ul><\/div>\n<form action=\"\/dresden-meissen\/wp-json\/wp\/v2\/pages\/2#wpcf7-f399-o1\" method=\"post\" class=\"wpcf7-form init\" aria-label=\"Kontaktformular\" novalidate=\"novalidate\" data-status=\"init\">\n<fieldset class=\"hidden-fields-container\"><legend class=\"screen-reader-text\">Hidden fields<\/legend><input type=\"hidden\" name=\"_wpcf7\" value=\"399\" \/><input type=\"hidden\" name=\"_wpcf7_version\" value=\"6.1.5\" \/><input type=\"hidden\" name=\"_wpcf7_locale\" value=\"de_DE\" \/><input type=\"hidden\" name=\"_wpcf7_unit_tag\" value=\"wpcf7-f399-o1\" \/><input type=\"hidden\" name=\"_wpcf7_container_post\" value=\"0\" \/><input type=\"hidden\" name=\"_wpcf7_posted_data_hash\" value=\"\" \/>\n<\/fieldset>\n<label> Dein Name\n    <span class=\"wpcf7-form-control-wrap\" data-name=\"your-name\"><input size=\"40\" maxlength=\"400\" class=\"wpcf7-form-control wpcf7-text wpcf7-validates-as-required\" autocomplete=\"name\" aria-required=\"true\" aria-invalid=\"false\" value=\"\" type=\"text\" name=\"your-name\" \/><\/span> <\/label>\n\n<label> Deine E-Mail-Adresse\n    <span class=\"wpcf7-form-control-wrap\" data-name=\"your-email\"><input size=\"40\" maxlength=\"400\" class=\"wpcf7-form-control wpcf7-email wpcf7-validates-as-required wpcf7-text wpcf7-validates-as-email\" autocomplete=\"email\" aria-required=\"true\" aria-invalid=\"false\" value=\"\" type=\"email\" name=\"your-email\" \/><\/span> <\/label>\n\n<label> Betreff\n    <span class=\"wpcf7-form-control-wrap\" data-name=\"your-subject\"><input size=\"40\" maxlength=\"400\" class=\"wpcf7-form-control wpcf7-text wpcf7-validates-as-required\" aria-required=\"true\" aria-invalid=\"false\" value=\"\" type=\"text\" name=\"your-subject\" \/><\/span> <\/label>\n\n<label> Deine Nachricht (optional)\n    <span class=\"wpcf7-form-control-wrap\" data-name=\"your-message\"><textarea cols=\"40\" rows=\"10\" maxlength=\"2000\" class=\"wpcf7-form-control wpcf7-textarea\" aria-invalid=\"false\" name=\"your-message\"><\/textarea><\/span> <\/label>\n\n<input class=\"wpcf7-form-control wpcf7-submit has-spinner\" type=\"submit\" value=\"Senden\" \/><div class=\"wpcf7-response-output\" aria-hidden=\"true\"><\/div>\n<\/form>\n<\/div>\n[vc_row_inner][vc_column_inner][vc_column_text]Mit dem Absenden des Formulars best\u00e4tige ich, dass ich die <a href=\"\/datenschutz\/\" target=\"_blank\" rel=\"noopener\">Informationen zum Datenschutz<\/a> gelesen habe und damit einverstanden bin.[\/vc_column_text][\/vc_column_inner][vc_column_inner][\/vc_column_inner][\/vc_row_inner][\/vc_column][\/vc_row]<\/p>\n<\/div>","protected":false},"excerpt":{"rendered":"<p>Im Jahr 1921 erhob Papst Benedikt XV. die Apostolische Pr\u00e4fektur Mei\u00dfen zum Bistum Mei\u00dfen, unserer jetzigen Di\u00f6zese Dresden-Mei\u00dfen. Wir feiern und beten f\u00fcr dieses f\u00fcr uns in Sachsen historische Ereigniss.<\/p>\n<p><a href=\"https:\/\/www.bistum-dresden-meissen.de\/bistum-dresden-meissen\/geschichte-100jahre\" target=\"_blank\" rel=\"noopener\">Zur Geschichte<\/a>&hellip;<\/p>","protected":false},"author":1,"featured_media":0,"parent":0,"menu_order":0,"comment_status":"closed","ping_status":"closed","template":"","meta":{"footnotes":""},"class_list":["post-2","page","type-page","status-publish"],"post_mailing_queue_ids":[],"_links":{"self":[{"href":"https:\/\/www.erneuerung.de\/dresden-meissen\/wp-json\/wp\/v2\/pages\/2","targetHints":{"allow":["GET"]}}],"collection":[{"href":"https:\/\/www.erneuerung.de\/dresden-meissen\/wp-json\/wp\/v2\/pages"}],"about":[{"href":"https:\/\/www.erneuerung.de\/dresden-meissen\/wp-json\/wp\/v2\/types\/page"}],"author":[{"embeddable":true,"href":"https:\/\/www.erneuerung.de\/dresden-meissen\/wp-json\/wp\/v2\/users\/1"}],"replies":[{"embeddable":true,"href":"https:\/\/www.erneuerung.de\/dresden-meissen\/wp-json\/wp\/v2\/comments?post=2"}],"version-history":[{"count":28,"href":"https:\/\/www.erneuerung.de\/dresden-meissen\/wp-json\/wp\/v2\/pages\/2\/revisions"}],"predecessor-version":[{"id":447,"href":"https:\/\/www.erneuerung.de\/dresden-meissen\/wp-json\/wp\/v2\/pages\/2\/revisions\/447"}],"wp:attachment":[{"href":"https:\/\/www.erneuerung.de\/dresden-meissen\/wp-json\/wp\/v2\/media?parent=2"}],"curies":[{"name":"wp","href":"https:\/\/api.w.org\/{rel}","templated":true}]}}