{"id":2,"date":"2019-10-28T12:26:42","date_gmt":"2019-10-28T11:26:42","guid":{"rendered":"http:\/\/www.erneuerung.de\/berlin\/?page_id=2"},"modified":"2025-03-04T14:43:59","modified_gmt":"2025-03-04T13:43:59","slug":"beispiel-seite","status":"publish","type":"page","link":"https:\/\/www.erneuerung.de\/berlin\/","title":{"rendered":"Charismatische Erneuerung Erzbistum Berlin"},"content":{"rendered":"<div class=\"wpb-content-wrapper\"><p>[vc_row full_width=&#8220;stretch_row&#8220; css=&#8220;.vc_custom_1741095833938{background-image: url(https:\/\/www.erneuerung.de\/berlin\/wp-content\/uploads\/sites\/7\/2025\/03\/ceb_back.jpg?id=658) !important;background-position: center !important;background-repeat: no-repeat !important;background-size: cover !important;}&#8220;][vc_column]<style>.portfolio.news-grid#style-39e683a .portfolio-item:not(.size-item), .preloader#style-preloader-39e683a .portfolio-item { padding: calc(42px\/2) !important; }.portfolio.news-grid#style-39e683a .portfolio-item.size-item { padding: 0 calc(42px\/2) !important; }.portfolio.news-grid#style-39e683a .portfolio-row, .preloader#style-preloader-39e683a .skeleton-posts.portfolio-row { margin: calc(-42px\/2); }.portfolio.news-grid#style-39e683a.fullwidth-columns .portfolio-row { margin: calc(-42px\/2) 0; }.portfolio.news-grid#style-39e683a .fullwidth-block:not(.no-paddings) { padding-left: 42px; padding-right: 42px; }.portfolio.news-grid#style-39e683a .fullwidth-block .portfolio-row { padding-left: calc(42px\/2); padding-right: calc(42px\/2); }.portfolio.news-grid#style-39e683a .fullwidth-block .portfolio-top-panel { padding-left: 42px; padding-right: 42px; }.portfolio.news-grid#style-39e683a.fullwidth-columns .with-filter-sidebar .filter-sidebar { padding-left: 42px; }.portfolio.news-grid#style-39e683a.list-style.with-divider .portfolio-item .wrap:before { top: calc(-42px\/2); }.portfolio.news-grid#style-39e683a .portfolio-item .wrap > .caption { background-color: rgba(0,0,0,0.4) !important; }.portfolio.news-grid#style-39e683a .portfolio-item .wrap { background-color: rgba(0,0,0,0.4) !important; }.portfolio.news-grid#style-39e683a .portfolio-item .caption .title span { letter-spacing: px !important; }.portfolio.news-grid#style-39e683a .portfolio-item .caption .title { color: #ffffff !important; }.portfolio.news-grid#style-39e683a .portfolio-item .caption .title > * { color: #ffffff !important; }.portfolio.news-grid#style-39e683a .portfolio-item .caption .title a { color: #ffffff !important; }.portfolio.news-grid#style-39e683a .portfolio-item .caption .post-author-date-separator { color: #ffffff !important; }.portfolio.news-grid#style-39e683a .portfolio-item .caption .post-date { color: #ffffff !important; }<\/style><style><\/style><div id=\"style-preloader-39e683a\" class=\"preloader save-space\"><div class=\"preloader-spin\"><\/div><\/div> <div class=\"portfolio-preloader-wrapper panel-sidebar-position-left\"> <div class=\"portfolio portfolio-grid extended-portfolio-grid news-grid no-padding portfolio-pagination-normal portfolio-style-masonry background-style-transparent title-style-light hover-default title-on-page caption-position-page version-default loading-animation item-animation-move-up portfolio-items-masonry columns-2 columns-tablet-2 columns-mobile-1 \" id=\"style-39e683a\" data-style-uid=\"39e683a\" data-portfolio-uid=\"grid_3acb947\" data-current-page=\"1\" data-per-page=\"8\" data-next-page=\"0\" data-pages-count=\"1\" data-hover=\"default\" data-portfolio-filter=\"[]\" data-portfolio-filter-attributes=\"null\" data-portfolio-filter-status=\"null\" data-portfolio-filter-price=\"null\" data-portfolio-filter-search=\"\"> <div class=\"portfolio-row-outer \"> <div class=\"portfolio-top-panel filter-type-default\"> <div class=\"portfolio-top-panel-row filter-style-buttons\"> <div class=\"portfolio-top-panel-left\"><div class=\"portfolio-filter-item portfolio-selected-filters left\"> <div class=\"portfolio-selected-filter-item clear-filters\"> Clear Filters\t<\/div> <\/div> <\/div> <div class=\"portfolio-top-panel-right\"> <div class=\"portfolio-sorting title-h6\"> <div class=\"orderby light\"> <label for=\"\" data-value=\"date\">Datum<\/label> <a href=\"javascript:void(0);\" role=\"button\" class=\"sorting-switcher\" data-current=\"date\" aria-label=\"Order by\"><\/a> <label for=\"\" data-value=\"name\">Name<\/label> <\/div> <div class=\"portfolio-sorting-sep\"><\/div> <div class=\"order light\"> <label for=\"\" data-value=\"DESC\">Desc<\/label> <a href=\"javascript:void(0);\" role=\"button\" class=\"sorting-switcher\" data-current=\"DESC\" aria-label=\"Order\"><\/a> <label for=\"\" data-value=\"ASC\">Asc<\/label> <\/div> <\/div> <\/div> <\/div> <\/div> <div class=\"row portfolio-row\"> <div class=\"portfolio-set clearfix\" data-max-row-height=\"380\"> <div class=\"portfolio-item allgemein col-xs-12 col-sm-6 col-md-6 item-animations-not-inited show-caption-border post-has-author appearance-type- post-707 post type-post status-publish format-standard has-post-thumbnail category-allgemein\" data-default-sort=\"0\" data-sort-date=\"1757665173\"> <div class=\"wrap clearfix\"> <div class=\"image post-707 post type-post status-publish format-standard has-post-thumbnail category-allgemein\"> <div class=\"image-inner \"> <div class=\"post-featured-content\"><a href=\"https:\/\/www.erneuerung.de\/berlin\/2025\/09\/12\/praystation\/\"> <picture> <img src=\"https:\/\/www.erneuerung.de\/berlin\/wp-content\/uploads\/sites\/7\/2021\/05\/186510338_4090726700949278_6752119935112572729_n-thegem-portfolio-masonry.jpg\" width=\"754\" height=\"565\" class=\"img-responsive\" alt=\"186510338_4090726700949278_6752119935112572729_n\" \/> <\/picture> <\/a><\/div> <\/div> <div class=\"overlay\"> <div class=\"overlay-circle\"><\/div> <div class=\"links-wrapper\"> <div class=\"links\"> <div class=\"caption\"> <a href=\"https:\/\/www.erneuerung.de\/berlin\/2025\/09\/12\/praystation\/\" class=\"portfolio-item-link\"> <span class=\"screen-reader-text\">Praystation<\/span> <\/a> <div class=\"description \"> <div class=\"subtitle\"> <span class=\"text-body\"><p>Charismatischer Lobpreisgottesdienst in der St. Gertrauden Kapelle mit Predig, Segnung und anschlie\u00dfendem gem\u00fctlichen Beisammensein. Alle Termine in den Events.<\/p> <p><\/p> <p><\/p> <p><\/p> <p><\/p> <p><\/p> <p>&hellip;<\/p><\/span> <\/div> <\/div> <div class=\"post-author-outer\"> <div class=\"author\"> <span class=\"author-avatar\"><img alt='Werner' src='https:\/\/secure.gravatar.com\/avatar\/1dee1cb04a2399199ac547f0fb7f586b84b55b787f755e25452fe0ea1ab80026?s=50&#038;d=mm&#038;r=g' srcset='https:\/\/secure.gravatar.com\/avatar\/1dee1cb04a2399199ac547f0fb7f586b84b55b787f755e25452fe0ea1ab80026?s=100&#038;d=mm&#038;r=g 2x' class='avatar avatar-50 photo' height='50' width='50' \/><\/span> <span class=\"author-name\">By Werner<\/span> <\/div> <\/div> <\/div> <\/div> <\/div> <\/div> <\/div> <div class=\"caption post-707 post type-post status-publish format-standard has-post-thumbnail category-allgemein\"> <div class=\"post-date\">12. September 2025<\/div> <div class=\"title\"> <span class=\"title-h6 \"><a href=\"https:\/\/www.erneuerung.de\/berlin\/2025\/09\/12\/praystation\/\" rel=\"bookmark\">Praystation<\/a><\/span> <\/div> <div class=\"info\"> <a class=\"additional-meta\" data-filter-type=\"taxonomies\" data-attr=\"category\" data-filter=\"allgemein\">Allgemein<\/a> <\/div> <\/div> <\/div> <\/div> <div class=\"portfolio-item allgemein col-xs-12 col-sm-6 col-md-6 item-animations-not-inited show-caption-border post-has-author appearance-type- post-675 post type-post status-publish format-standard has-post-thumbnail category-allgemein\" data-default-sort=\"0\" data-sort-date=\"1747134618\"> <div class=\"wrap clearfix\"> <div class=\"image post-675 post type-post status-publish format-standard has-post-thumbnail category-allgemein\"> <div class=\"image-inner \"> <div class=\"post-featured-content\"><a href=\"https:\/\/www.erneuerung.de\/berlin\/2025\/05\/13\/gemeinschaft-monte-crucis\/\"> <picture> <img src=\"https:\/\/www.erneuerung.de\/berlin\/wp-content\/uploads\/sites\/7\/2025\/05\/montecrucis.png\" width=\"197\" height=\"162\" class=\"img-responsive\" alt=\"montecrucis\" \/> <\/picture> <\/a><\/div> <\/div> <div class=\"overlay\"> <div class=\"overlay-circle\"><\/div> <div class=\"links-wrapper\"> <div class=\"links\"> <div class=\"caption\"> <a href=\"https:\/\/www.erneuerung.de\/berlin\/2025\/05\/13\/gemeinschaft-monte-crucis\/\" class=\"portfolio-item-link\"> <span class=\"screen-reader-text\">Gemeinschaft Monte Crucis<\/span> <\/a> <div class=\"description \"> <div class=\"subtitle\"> <span class=\"text-body\"><h4 class=\"contentheading\">Gemeinschaft Monte Crucis, Berlin<\/h4>\n<div class=\"jsn-article-content\">\n<p><strong><img id=\"tgpli-68230b3462bc4\" class=\"alignleft wp-image-5045\" src=\"https:\/\/www.erneuerung.de\/wp-content\/uploads\/2020\/01\/montecrucis.png\" alt=\"\" width=\"183\" height=\"148\" data-tgpli-src=\"https:\/\/www.erneuerung.de\/wp-content\/uploads\/2020\/01\/montecrucis.png\" data-tgpli-inited=\"\" \/>Gemeinschaft Monte Crucis mit christlicher Glaubens- und Lebensschule, Lausitzer Str. 46, 10997 Berlin;\u00a0<\/strong><strong><a href=\"https:\/\/www.montecrucis.de\/\" target=\"_blank\" rel=\"noopener noreferrer\">www.montecrucis.de<\/a>;\u00a0<a href=\"https:\/\/www.glsberlin.de\/\" target=\"_blank\" rel=\"noopener noreferrer\">www.glsberlin.de<\/a>;\u00a0<span id=\"cloakd61ead39aa1abe069d4129c68da9e627\"><a href=\"mailto:info@glsberlin.de\">info@glsberlin.de<\/a><\/span>, Tel. 030-76771856<\/strong><\/p>\n<p>Monte Crucis ist eine geistliche Gemeinschaft, die 1984 im Berliner Stadtteil Kreuzberg aus einem Gebetskreis <\/p><\/div>&hellip;<\/span> <\/div> <\/div> <div class=\"post-author-outer\"> <div class=\"author\"> <span class=\"author-avatar\"><img alt='Werner' src='https:\/\/secure.gravatar.com\/avatar\/1dee1cb04a2399199ac547f0fb7f586b84b55b787f755e25452fe0ea1ab80026?s=50&#038;d=mm&#038;r=g' srcset='https:\/\/secure.gravatar.com\/avatar\/1dee1cb04a2399199ac547f0fb7f586b84b55b787f755e25452fe0ea1ab80026?s=100&#038;d=mm&#038;r=g 2x' class='avatar avatar-50 photo' height='50' width='50' \/><\/span> <span class=\"author-name\">By Werner<\/span> <\/div> <\/div> <\/div> <\/div> <\/div> <\/div> <\/div> <div class=\"caption post-675 post type-post status-publish format-standard has-post-thumbnail category-allgemein\"> <div class=\"post-date\">13. Mai 2025<\/div> <div class=\"title\"> <span class=\"title-h6 \"><a href=\"https:\/\/www.erneuerung.de\/berlin\/2025\/05\/13\/gemeinschaft-monte-crucis\/\" rel=\"bookmark\">Gemeinschaft Monte Crucis<\/a><\/span> <\/div> <div class=\"info\"> <a class=\"additional-meta\" data-filter-type=\"taxonomies\" data-attr=\"category\" data-filter=\"allgemein\">Allgemein<\/a> <\/div> <\/div> <\/div> <\/div> <div class=\"portfolio-item allgemein col-xs-12 col-sm-6 col-md-6 item-animations-not-inited show-caption-border post-has-author appearance-type- post-655 post type-post status-publish format-standard has-post-thumbnail category-allgemein\" data-default-sort=\"0\" data-sort-date=\"1740925174\"> <div class=\"wrap clearfix\"> <div class=\"image post-655 post type-post status-publish format-standard has-post-thumbnail category-allgemein\"> <div class=\"image-inner \"> <div class=\"post-featured-content\"><a href=\"https:\/\/www.erneuerung.de\/berlin\/2025\/03\/02\/comin-home-sonntagabendmesse\/\"> <picture> <img src=\"https:\/\/www.erneuerung.de\/berlin\/wp-content\/uploads\/sites\/7\/2025\/03\/comin.home_.flyer__msi___jpeg.jpeg\" width=\"692\" height=\"982\" class=\"img-responsive\" alt=\"comin.home.flyer__msi___jpeg\" \/> <\/picture> <\/a><\/div> <\/div> <div class=\"overlay\"> <div class=\"overlay-circle\"><\/div> <div class=\"links-wrapper\"> <div class=\"links\"> <div class=\"caption\"> <a href=\"https:\/\/www.erneuerung.de\/berlin\/2025\/03\/02\/comin-home-sonntagabendmesse\/\" class=\"portfolio-item-link\"> <span class=\"screen-reader-text\">Comin&#8216; Home &#8211; Sonntagabendmesse<\/span> <\/a> <div class=\"description \"> <div class=\"subtitle\"> <span class=\"text-body\"><p>Mit Comin\u2018 Home wollen wir eine Sonntagsmesse f\u00fcr Studierende und junge Leute schaffen, die wirklich das Gef\u00fchl gibt, zu Hause anzukommen. Ihr sollt euch direkt wohlf\u00fchlen und Glauben lebendig erleben.<\/p> <p>Mit Lobpreis und moderner, lebendiger Musik erlebt ihr die Eucharistie, &hellip;<\/p><\/span> <\/div> <\/div> <div class=\"post-author-outer\"> <div class=\"author\"> <span class=\"author-avatar\"><img alt='Werner' src='https:\/\/secure.gravatar.com\/avatar\/1dee1cb04a2399199ac547f0fb7f586b84b55b787f755e25452fe0ea1ab80026?s=50&#038;d=mm&#038;r=g' srcset='https:\/\/secure.gravatar.com\/avatar\/1dee1cb04a2399199ac547f0fb7f586b84b55b787f755e25452fe0ea1ab80026?s=100&#038;d=mm&#038;r=g 2x' class='avatar avatar-50 photo' height='50' width='50' \/><\/span> <span class=\"author-name\">By Werner<\/span> <\/div> <\/div> <\/div> <\/div> <\/div> <\/div> <\/div> <div class=\"caption post-655 post type-post status-publish format-standard has-post-thumbnail category-allgemein\"> <div class=\"post-date\">2. M\u00e4rz 2025<\/div> <div class=\"title\"> <span class=\"title-h6 \"><a href=\"https:\/\/www.erneuerung.de\/berlin\/2025\/03\/02\/comin-home-sonntagabendmesse\/\" rel=\"bookmark\">Comin&#8216; Home &#8211; Sonntagabendmesse<\/a><\/span> <\/div> <div class=\"info\"> <a class=\"additional-meta\" data-filter-type=\"taxonomies\" data-attr=\"category\" data-filter=\"allgemein\">Allgemein<\/a> <\/div> <\/div> <\/div> <\/div> <\/div><!-- .portflio-set --> <div class=\"portfolio-item-size-container\"> <div class=\"portfolio-item col-xs-12 col-sm-6 col-md-6 item-animations-not-inited show-caption-border post-has-author post-655 post type-post status-publish format-standard has-post-thumbnail category-allgemein\"> <\/div> <\/div> <\/div><!-- .row--> <div class=\"portfolio-navigator gem-pagination\" style=\"display:none;\"> <a href=\"#\" role=\"button\" class=\"prev\" aria-label=\"Zur\u00fcck\"> <i class=\"default\"><\/i> <\/a> <div class=\"pages\"><\/div> <a href=\"#\" role=\"button\" class=\"next\" aria-label=\"Weiter\"> <i class=\"default\"><\/i> <\/a> <\/div> <\/div><!-- .full-width --> <\/div><!-- .portfolio--> <\/div><!-- .portfolio-preloader-wrapper-->[\/vc_column][\/vc_row][vc_column][\/vc_column][vc_row][vc_column width=&#8220;1\/2&#8243;][vc_column_text]<\/p>\n<h2><\/h2>\n<h2 class=\"contentheading\">KONTAKT<\/h2>\n<div class=\"jsn-article-toolbar\">\n<p><strong>Di\u00f6zesansprecher:<\/strong><\/p>\n<p>Gabriele Parrau<br \/>\n<a href=\"mailto:gparrau@gmx.de\">gparrau@gmx.de<\/a><\/p>\n<p>Werner Pich<br \/>\n<a href=\"mailto:ce-berlin@gmx.de\">ce-berlin@gmx.de<\/a><\/p>\n<p><strong>Priestersprecher:<\/strong><\/p>\n<p>Pater Adrian Kunert SJ<br \/>\nTel. 030 82722840<br \/>\n<a href=\"mailto:adrian.kunert@jesuiten.org\">adrian.kunert@jesuiten.org<\/a><\/p>\n<\/div>\n<p>[\/vc_column_text][\/vc_column][vc_column width=&#8220;1\/2&#8243;][vc_column_text]<\/p>\n<h2><\/h2>\n<h2>Newsletter Berlin<\/h2>\n<section id=\"yikes-mailchimp-container-1\" class=\"yikes-mailchimp-container yikes-mailchimp-container-1 \">\n\t\t\t\t<form id=\"newsletter-berlin-1\" class=\"yikes-easy-mc-form yikes-easy-mc-form-1  \" method=\"POST\" data-attr-form-id=\"1\">\n\n\t\t\t\t\t\t\t\t\t\t\t\t\t<label for=\"yikes-easy-mc-form-1-FNAME\"  class=\"FNAME-label \">\n\n\t\t\t\t\t\t\t\t\t\t<!-- dictate label visibility -->\n\t\t\t\t\t\t\t\t\t\t\t\t\t\t\t\t\t\t\t\t\t<span class=\"FNAME-label\">\n\t\t\t\t\t\t\t\t\t\t\t\tVorname\t\t\t\t\t\t\t\t\t\t\t<\/span>\n\t\t\t\t\t\t\t\t\t\t\n\t\t\t\t\t\t\t\t\t\t<!-- Description Above -->\n\t\t\t\t\t\t\t\t\t\t\n\t\t\t\t\t\t\t\t\t\t<input id=\"yikes-easy-mc-form-1-FNAME\"  name=\"FNAME\"  placeholder=\"\"  class=\"yikes-easy-mc-text \"   type=\"text\"  value=\"\">\n\n\t\t\t\t\t\t\t\t\t\t<!-- Description Below -->\n\t\t\t\t\t\t\t\t\t\t\n\t\t\t\t\t\t\t\t\t<\/label>\n\t\t\t\t\t\t\t\t\t\t\t\t\t\t\t\t\t\t<label for=\"yikes-easy-mc-form-1-LNAME\"  class=\"LNAME-label \">\n\n\t\t\t\t\t\t\t\t\t\t<!-- dictate label visibility -->\n\t\t\t\t\t\t\t\t\t\t\t\t\t\t\t\t\t\t\t\t\t<span class=\"LNAME-label\">\n\t\t\t\t\t\t\t\t\t\t\t\tNachname\t\t\t\t\t\t\t\t\t\t\t<\/span>\n\t\t\t\t\t\t\t\t\t\t\n\t\t\t\t\t\t\t\t\t\t<!-- Description Above -->\n\t\t\t\t\t\t\t\t\t\t\n\t\t\t\t\t\t\t\t\t\t<input id=\"yikes-easy-mc-form-1-LNAME\"  name=\"LNAME\"  placeholder=\"\"  class=\"yikes-easy-mc-text \"   type=\"text\"  value=\"\">\n\n\t\t\t\t\t\t\t\t\t\t<!-- Description Below -->\n\t\t\t\t\t\t\t\t\t\t\n\t\t\t\t\t\t\t\t\t<\/label>\n\t\t\t\t\t\t\t\t\t\t\t\t\t\t\t\t\t\t<label for=\"yikes-easy-mc-form-1-EMAIL\"  class=\"EMAIL-label yikes-mailchimp-field-required \">\n\n\t\t\t\t\t\t\t\t\t\t<!-- dictate label visibility -->\n\t\t\t\t\t\t\t\t\t\t\t\t\t\t\t\t\t\t\t\t\t<span class=\"EMAIL-label\">\n\t\t\t\t\t\t\t\t\t\t\t\tEmail Address\t\t\t\t\t\t\t\t\t\t\t<\/span>\n\t\t\t\t\t\t\t\t\t\t\n\t\t\t\t\t\t\t\t\t\t<!-- Description Above -->\n\t\t\t\t\t\t\t\t\t\t\n\t\t\t\t\t\t\t\t\t\t<input id=\"yikes-easy-mc-form-1-EMAIL\"  name=\"EMAIL\"  placeholder=\"\"  class=\"yikes-easy-mc-email \"  required=\"required\" type=\"email\"  value=\"\">\n\n\t\t\t\t\t\t\t\t\t\t<!-- Description Below -->\n\t\t\t\t\t\t\t\t\t\t\n\t\t\t\t\t\t\t\t\t<\/label>\n\t\t\t\t\t\t\t\t\t\n\t\t\t\t<!-- Honeypot Trap -->\n\t\t\t\t<input type=\"hidden\" name=\"yikes-mailchimp-honeypot\" id=\"yikes-mailchimp-honeypot-1\" value=\"\">\n\n\t\t\t\t<!-- List ID -->\n\t\t\t\t<input type=\"hidden\" name=\"yikes-mailchimp-associated-list-id\" id=\"yikes-mailchimp-associated-list-id-1\" value=\"7dffe9faac\">\n\n\t\t\t\t<!-- The form that is being submitted! Used to display error\/success messages above the correct form -->\n\t\t\t\t<input type=\"hidden\" name=\"yikes-mailchimp-submitted-form\" id=\"yikes-mailchimp-submitted-form-1\" value=\"1\">\n\n\t\t\t\t<!-- Submit Button -->\n\t\t\t\t<button type=\"submit\" class=\"yikes-easy-mc-submit-button yikes-easy-mc-submit-button-1 btn btn-primary  gem-button\"> <span class=\"yikes-mailchimp-submit-button-span-text\">Abonieren<\/span><\/button>\t\t\t\t<!-- Nonce Security Check -->\n\t\t\t\t<input type=\"hidden\" id=\"yikes_easy_mc_new_subscriber_1\" name=\"yikes_easy_mc_new_subscriber\" value=\"b5873d0f71\">\n\t\t\t\t<input type=\"hidden\" name=\"_wp_http_referer\" value=\"\/berlin\/wp-json\/wp\/v2\/pages\/2\" \/>\n\t\t\t<\/form>\n\t\t\t<!-- Mailchimp Form generated by Easy Forms for Mailchimp v6.8.10.1 (https:\/\/wordpress.org\/plugins\/yikes-inc-easy-mailchimp-extender\/) -->\n\n\t\t\t<\/section>\n\t[\/vc_column_text][\/vc_column][\/vc_row]<\/p>\n<\/div>","protected":false},"excerpt":{"rendered":"<p>Mit Comin\u2018 Home wollen wir eine Sonntagsmesse f\u00fcr Studierende und junge Leute schaffen, die wirklich das Gef\u00fchl gibt, zu Hause anzukommen. Ihr sollt euch direkt wohlf\u00fchlen und Glauben lebendig erleben.<\/p>\n\n\n\n<p>Mit Lobpreis und moderner, lebendiger Musik erlebt ihr die Eucharistie, &hellip;<\/p>","protected":false},"author":1,"featured_media":0,"parent":0,"menu_order":0,"comment_status":"closed","ping_status":"open","template":"","meta":{"footnotes":""},"class_list":["post-2","page","type-page","status-publish"],"post_mailing_queue_ids":[],"_links":{"self":[{"href":"https:\/\/www.erneuerung.de\/berlin\/wp-json\/wp\/v2\/pages\/2","targetHints":{"allow":["GET"]}}],"collection":[{"href":"https:\/\/www.erneuerung.de\/berlin\/wp-json\/wp\/v2\/pages"}],"about":[{"href":"https:\/\/www.erneuerung.de\/berlin\/wp-json\/wp\/v2\/types\/page"}],"author":[{"embeddable":true,"href":"https:\/\/www.erneuerung.de\/berlin\/wp-json\/wp\/v2\/users\/1"}],"replies":[{"embeddable":true,"href":"https:\/\/www.erneuerung.de\/berlin\/wp-json\/wp\/v2\/comments?post=2"}],"version-history":[{"count":26,"href":"https:\/\/www.erneuerung.de\/berlin\/wp-json\/wp\/v2\/pages\/2\/revisions"}],"predecessor-version":[{"id":659,"href":"https:\/\/www.erneuerung.de\/berlin\/wp-json\/wp\/v2\/pages\/2\/revisions\/659"}],"wp:attachment":[{"href":"https:\/\/www.erneuerung.de\/berlin\/wp-json\/wp\/v2\/media?parent=2"}],"curies":[{"name":"wp","href":"https:\/\/api.w.org\/{rel}","templated":true}]}}