{"id":2,"date":"2019-10-28T12:24:50","date_gmt":"2019-10-28T11:24:50","guid":{"rendered":"http:\/\/www.erneuerung.de\/bamberg\/?page_id=2"},"modified":"2024-06-06T09:48:40","modified_gmt":"2024-06-06T07:48:40","slug":"beispiel-seite","status":"publish","type":"page","link":"https:\/\/www.erneuerung.de\/bamberg\/","title":{"rendered":"Charismatische Erneuerung Erzbistum Bamberg"},"content":{"rendered":"<div class=\"wpb-content-wrapper\"><p>[vc_row full_width=&#8220;stretch_row&#8220; css=&#8220;.vc_custom_1578848807065{background-image: url(https:\/\/www.erneuerung.de\/bamberg\/wp-content\/uploads\/sites\/6\/2020\/01\/DSC_5461-Ausschnitt.jpg?id=77) !important;background-position: center !important;background-repeat: no-repeat !important;background-size: cover !important;}&#8220;][vc_column]<style>.portfolio.news-grid#style-5c342e0 .portfolio-item:not(.size-item), .preloader#style-preloader-5c342e0 .portfolio-item { padding: calc(42px\/2) !important; }.portfolio.news-grid#style-5c342e0 .portfolio-item.size-item { padding: 0 calc(42px\/2) !important; }.portfolio.news-grid#style-5c342e0 .portfolio-row, .preloader#style-preloader-5c342e0 .skeleton-posts.portfolio-row { margin: calc(-42px\/2); }.portfolio.news-grid#style-5c342e0.fullwidth-columns .portfolio-row { margin: calc(-42px\/2) 0; }.portfolio.news-grid#style-5c342e0 .fullwidth-block:not(.no-paddings) { padding-left: 42px; padding-right: 42px; }.portfolio.news-grid#style-5c342e0 .fullwidth-block .portfolio-row { padding-left: calc(42px\/2); padding-right: calc(42px\/2); }.portfolio.news-grid#style-5c342e0 .fullwidth-block .portfolio-top-panel { padding-left: 42px; padding-right: 42px; }.portfolio.news-grid#style-5c342e0.fullwidth-columns .with-filter-sidebar .filter-sidebar { padding-left: 42px; }.portfolio.news-grid#style-5c342e0.list-style.with-divider .portfolio-item .wrap:before { top: calc(-42px\/2); }.portfolio.news-grid#style-5c342e0 .portfolio-item .wrap > .caption { background-color: rgba(0,0,0,0.4) !important; }.portfolio.news-grid#style-5c342e0 .portfolio-item .wrap { background-color: rgba(0,0,0,0.4) !important; }.portfolio.news-grid#style-5c342e0 .portfolio-item .caption .title span { letter-spacing: px !important; }.portfolio.news-grid#style-5c342e0 .portfolio-item .caption .title { color: #ffffff !important; }.portfolio.news-grid#style-5c342e0 .portfolio-item .caption .title > * { color: #ffffff !important; }.portfolio.news-grid#style-5c342e0 .portfolio-item .caption .title a { color: #ffffff !important; }.portfolio.news-grid#style-5c342e0 .portfolio-item .caption .post-author-date-separator { color: #ffffff !important; }.portfolio.news-grid#style-5c342e0 .portfolio-item .caption .post-date { color: #ffffff !important; }<\/style><style><\/style><div id=\"style-preloader-5c342e0\" class=\"preloader save-space\"><div class=\"preloader-spin\"><\/div><\/div> <div class=\"portfolio-preloader-wrapper panel-sidebar-position-left\"> <div class=\"portfolio portfolio-grid extended-portfolio-grid news-grid no-padding portfolio-pagination-normal portfolio-style-masonry background-style-transparent title-style-light hover-default title-on-page caption-position-page version-default loading-animation item-animation-move-up portfolio-items-masonry columns-2 columns-tablet-2 columns-mobile-1 \" id=\"style-5c342e0\" data-style-uid=\"5c342e0\" data-portfolio-uid=\"grid_c2c6c3c\" data-current-page=\"1\" data-per-page=\"8\" data-next-page=\"0\" data-pages-count=\"1\" data-hover=\"default\" data-portfolio-filter=\"[]\" data-portfolio-filter-attributes=\"null\" data-portfolio-filter-status=\"null\" data-portfolio-filter-price=\"null\" data-portfolio-filter-search=\"\"> <div class=\"portfolio-row-outer \"> <div class=\"portfolio-top-panel filter-type-default\"> <div class=\"portfolio-top-panel-row filter-style-buttons\"> <div class=\"portfolio-top-panel-left\"><div class=\"portfolio-filter-item portfolio-selected-filters left\"> <div class=\"portfolio-selected-filter-item clear-filters\"> Clear Filters\t<\/div> <\/div> <\/div> <div class=\"portfolio-top-panel-right\"> <div class=\"portfolio-sorting title-h6\"> <div class=\"orderby light\"> <label for=\"\" data-value=\"date\">Datum<\/label> <a href=\"javascript:void(0);\" role=\"button\" class=\"sorting-switcher\" data-current=\"date\" aria-label=\"Order by\"><\/a> <label for=\"\" data-value=\"name\">Name<\/label> <\/div> <div class=\"portfolio-sorting-sep\"><\/div> <div class=\"order light\"> <label for=\"\" data-value=\"DESC\">Desc<\/label> <a href=\"javascript:void(0);\" role=\"button\" class=\"sorting-switcher\" data-current=\"DESC\" aria-label=\"Order\"><\/a> <label for=\"\" data-value=\"ASC\">Asc<\/label> <\/div> <\/div> <\/div> <\/div> <\/div> <div class=\"row portfolio-row\"> <div class=\"portfolio-set clearfix\" data-max-row-height=\"380\"> <div class=\"portfolio-item allgemein col-xs-12 col-sm-6 col-md-6 item-animations-not-inited show-caption-border post-has-author appearance-type- post-1604 post type-post status-publish format-standard has-post-thumbnail category-allgemein\" data-default-sort=\"0\" data-sort-date=\"1750514233\"> <div class=\"wrap clearfix\"> <div class=\"image post-1604 post type-post status-publish format-standard has-post-thumbnail category-allgemein\"> <div class=\"image-inner \"> <div class=\"post-featured-content\"><a href=\"https:\/\/www.erneuerung.de\/bamberg\/2025\/06\/21\/geschenk-und-berufung\/\"> <picture> <img src=\"https:\/\/www.erneuerung.de\/bamberg\/wp-content\/uploads\/sites\/6\/2025\/06\/DSC_4070ced-scaled-thegem-portfolio-masonry.jpg\" width=\"754\" height=\"376\" class=\"img-responsive\" alt=\"DSC_4070ced\" \/> <\/picture> <\/a><\/div> <\/div> <div class=\"overlay\"> <div class=\"overlay-circle\"><\/div> <div class=\"links-wrapper\"> <div class=\"links\"> <div class=\"caption\"> <a href=\"https:\/\/www.erneuerung.de\/bamberg\/2025\/06\/21\/geschenk-und-berufung\/\" class=\"portfolio-item-link\"> <span class=\"screen-reader-text\">Geschenk und Berufung<\/span> <\/a> <div class=\"description \"> <div class=\"subtitle\"> <span class=\"text-body\"><p>\u201eJeder, der sich vom Geist Gottes leiten l\u00e4sst, ist ein Kind Gottes.\u201c So lautete das Thema des Gottesdienstes bei unserem Fest zu Ehren des Heiligen Geistes am Pfingstsonntag. Zum zweiten Mal waren wir f\u00fcr unsere Pfingstfeier in der Pfarrei St. &hellip;<\/p><\/span> <\/div> <\/div> <div class=\"post-author-outer\"> <div class=\"author\"> <span class=\"author-avatar\"><img alt='beatedahinten' src='https:\/\/secure.gravatar.com\/avatar\/41847d59fb41b6d9a09370f5811061ff3f563f68041da8023ee6e7a5d8ff5425?s=50&#038;d=mm&#038;r=g' srcset='https:\/\/secure.gravatar.com\/avatar\/41847d59fb41b6d9a09370f5811061ff3f563f68041da8023ee6e7a5d8ff5425?s=100&#038;d=mm&#038;r=g 2x' class='avatar avatar-50 photo' height='50' width='50' \/><\/span> <span class=\"author-name\">By beatedahinten<\/span> <\/div> <\/div> <\/div> <\/div> <\/div> <\/div> <\/div> <div class=\"caption post-1604 post type-post status-publish format-standard has-post-thumbnail category-allgemein\"> <div class=\"post-date\">21. Juni 2025<\/div> <div class=\"title\"> <span class=\"title-h6 \"><a href=\"https:\/\/www.erneuerung.de\/bamberg\/2025\/06\/21\/geschenk-und-berufung\/\" rel=\"bookmark\">Geschenk und Berufung<\/a><\/span> <\/div> <div class=\"info\"> <a class=\"additional-meta\" data-filter-type=\"taxonomies\" data-attr=\"category\" data-filter=\"allgemein\">Allgemein<\/a> <\/div> <\/div> <\/div> <\/div> <div class=\"portfolio-item allgemein col-xs-12 col-sm-6 col-md-6 item-animations-not-inited show-caption-border post-has-author appearance-type- post-1597 post type-post status-publish format-standard has-post-thumbnail category-allgemein\" data-default-sort=\"0\" data-sort-date=\"1746865820\"> <div class=\"wrap clearfix\"> <div class=\"image post-1597 post type-post status-publish format-standard has-post-thumbnail category-allgemein\"> <div class=\"image-inner \"> <div class=\"post-featured-content\"><a href=\"https:\/\/www.erneuerung.de\/bamberg\/2025\/05\/10\/eine-ganz-besondere-reise\/\"> <picture> <img src=\"https:\/\/www.erneuerung.de\/bamberg\/wp-content\/uploads\/sites\/6\/2025\/05\/1000017569-Ausschnitt-thegem-portfolio-masonry.png\" width=\"754\" height=\"507\" class=\"img-responsive\" alt=\"1000017569 Ausschnitt\" \/> <\/picture> <\/a><\/div> <\/div> <div class=\"overlay\"> <div class=\"overlay-circle\"><\/div> <div class=\"links-wrapper\"> <div class=\"links\"> <div class=\"caption\"> <a href=\"https:\/\/www.erneuerung.de\/bamberg\/2025\/05\/10\/eine-ganz-besondere-reise\/\" class=\"portfolio-item-link\"> <span class=\"screen-reader-text\">Eine ganz besondere Reise<\/span> <\/a> <div class=\"description \"> <div class=\"subtitle\"> <span class=\"text-body\"><p>Herzliche Einladung, sich zusammen mit anderen auf den Weg zu machen&#8230;<\/p>\n<p>F\u00fcr die Infos einfach die beiden Bilder anklicken.<\/p>\n<p><img class=\"alignnone size-medium wp-image-1598\" src=\"https:\/\/www.erneuerung.de\/bamberg\/wp-content\/uploads\/sites\/6\/2025\/05\/1000017569-211x300.png\" alt=\"\" width=\"211\" height=\"300\" srcset=\"https:\/\/www.erneuerung.de\/bamberg\/wp-content\/uploads\/sites\/6\/2025\/05\/1000017569-211x300.png 211w, https:\/\/www.erneuerung.de\/bamberg\/wp-content\/uploads\/sites\/6\/2025\/05\/1000017569-721x1024.png 721w, https:\/\/www.erneuerung.de\/bamberg\/wp-content\/uploads\/sites\/6\/2025\/05\/1000017569-768x1090.png 768w, https:\/\/www.erneuerung.de\/bamberg\/wp-content\/uploads\/sites\/6\/2025\/05\/1000017569-1082x1536.png 1082w, https:\/\/www.erneuerung.de\/bamberg\/wp-content\/uploads\/sites\/6\/2025\/05\/1000017569-600x852.png 600w, https:\/\/www.erneuerung.de\/bamberg\/wp-content\/uploads\/sites\/6\/2025\/05\/1000017569.png 1409w\" sizes=\"(max-width: 211px) 100vw, 211px\" \/><img class=\"alignnone size-medium wp-image-1599\" src=\"https:\/\/www.erneuerung.de\/bamberg\/wp-content\/uploads\/sites\/6\/2025\/05\/1000017571-211x300.png\" alt=\"\" width=\"211\" height=\"300\" srcset=\"https:\/\/www.erneuerung.de\/bamberg\/wp-content\/uploads\/sites\/6\/2025\/05\/1000017571-211x300.png 211w, https:\/\/www.erneuerung.de\/bamberg\/wp-content\/uploads\/sites\/6\/2025\/05\/1000017571-721x1024.png 721w, https:\/\/www.erneuerung.de\/bamberg\/wp-content\/uploads\/sites\/6\/2025\/05\/1000017571-768x1090.png 768w, https:\/\/www.erneuerung.de\/bamberg\/wp-content\/uploads\/sites\/6\/2025\/05\/1000017571-1082x1536.png 1082w, https:\/\/www.erneuerung.de\/bamberg\/wp-content\/uploads\/sites\/6\/2025\/05\/1000017571-600x852.png 600w, https:\/\/www.erneuerung.de\/bamberg\/wp-content\/uploads\/sites\/6\/2025\/05\/1000017571.png 1409w\" sizes=\"(max-width: 211px) 100vw, 211px\" \/>&hellip;<\/p><\/span> <\/div> <\/div> <div class=\"post-author-outer\"> <div class=\"author\"> <span class=\"author-avatar\"><img alt='beatedahinten' src='https:\/\/secure.gravatar.com\/avatar\/41847d59fb41b6d9a09370f5811061ff3f563f68041da8023ee6e7a5d8ff5425?s=50&#038;d=mm&#038;r=g' srcset='https:\/\/secure.gravatar.com\/avatar\/41847d59fb41b6d9a09370f5811061ff3f563f68041da8023ee6e7a5d8ff5425?s=100&#038;d=mm&#038;r=g 2x' class='avatar avatar-50 photo' height='50' width='50' \/><\/span> <span class=\"author-name\">By beatedahinten<\/span> <\/div> <\/div> <\/div> <\/div> <\/div> <\/div> <\/div> <div class=\"caption post-1597 post type-post status-publish format-standard has-post-thumbnail category-allgemein\"> <div class=\"post-date\">10. Mai 2025<\/div> <div class=\"title\"> <span class=\"title-h6 \"><a href=\"https:\/\/www.erneuerung.de\/bamberg\/2025\/05\/10\/eine-ganz-besondere-reise\/\" rel=\"bookmark\">Eine ganz besondere Reise<\/a><\/span> <\/div> <div class=\"info\"> <a class=\"additional-meta\" data-filter-type=\"taxonomies\" data-attr=\"category\" data-filter=\"allgemein\">Allgemein<\/a> <\/div> <\/div> <\/div> <\/div> <div class=\"portfolio-item allgemein col-xs-12 col-sm-6 col-md-6 item-animations-not-inited show-caption-border post-has-author appearance-type- post-1593 post type-post status-publish format-standard has-post-thumbnail category-allgemein\" data-default-sort=\"0\" data-sort-date=\"1740586590\"> <div class=\"wrap clearfix\"> <div class=\"image post-1593 post type-post status-publish format-standard has-post-thumbnail category-allgemein\"> <div class=\"image-inner \"> <div class=\"post-featured-content\"><a href=\"https:\/\/www.erneuerung.de\/bamberg\/2025\/02\/26\/starke-impulse-fuer-gebet-und-evangelisation\/\"> <picture> <img src=\"https:\/\/www.erneuerung.de\/bamberg\/wp-content\/uploads\/sites\/6\/2025\/02\/DSC_4022-scaled-thegem-portfolio-masonry.jpg\" width=\"754\" height=\"501\" class=\"img-responsive\" alt=\"DSC_4022\" \/> <\/picture> <\/a><\/div> <\/div> <div class=\"overlay\"> <div class=\"overlay-circle\"><\/div> <div class=\"links-wrapper\"> <div class=\"links\"> <div class=\"caption\"> <a href=\"https:\/\/www.erneuerung.de\/bamberg\/2025\/02\/26\/starke-impulse-fuer-gebet-und-evangelisation\/\" class=\"portfolio-item-link\"> <span class=\"screen-reader-text\">Starke Impulse f\u00fcr Gebet und Evangelisation<\/span> <\/a> <div class=\"description \"> <div class=\"subtitle\"> <span class=\"text-body\"><p>Leidenschaftlich, ermutigend, praktisch: Starke Impulse zur F\u00fcrbitte und zum Weitergeben der Frohen Botschaft bekamen wir bei unserem Wochenend-Seminar Mitte Februar in der Begegnungsst\u00e4tte Schlo\u00df Craheim.<\/p>\n<p>Mit Mario Mosimann hatten wir einen Referenten zu Gast, der Gebet und Evangelisation mit ganzem &hellip;<\/p><\/span> <\/div> <\/div> <div class=\"post-author-outer\"> <div class=\"author\"> <span class=\"author-avatar\"><img alt='beatedahinten' src='https:\/\/secure.gravatar.com\/avatar\/41847d59fb41b6d9a09370f5811061ff3f563f68041da8023ee6e7a5d8ff5425?s=50&#038;d=mm&#038;r=g' srcset='https:\/\/secure.gravatar.com\/avatar\/41847d59fb41b6d9a09370f5811061ff3f563f68041da8023ee6e7a5d8ff5425?s=100&#038;d=mm&#038;r=g 2x' class='avatar avatar-50 photo' height='50' width='50' \/><\/span> <span class=\"author-name\">By beatedahinten<\/span> <\/div> <\/div> <\/div> <\/div> <\/div> <\/div> <\/div> <div class=\"caption post-1593 post type-post status-publish format-standard has-post-thumbnail category-allgemein\"> <div class=\"post-date\">26. Februar 2025<\/div> <div class=\"title\"> <span class=\"title-h6 \"><a href=\"https:\/\/www.erneuerung.de\/bamberg\/2025\/02\/26\/starke-impulse-fuer-gebet-und-evangelisation\/\" rel=\"bookmark\">Starke Impulse f\u00fcr Gebet und Evangelisation<\/a><\/span> <\/div> <div class=\"info\"> <a class=\"additional-meta\" data-filter-type=\"taxonomies\" data-attr=\"category\" data-filter=\"allgemein\">Allgemein<\/a> <\/div> <\/div> <\/div> <\/div> <div class=\"portfolio-item allgemein col-xs-12 col-sm-6 col-md-6 item-animations-not-inited show-caption-border post-has-author appearance-type- post-1538 post type-post status-publish format-standard has-post-thumbnail category-allgemein\" data-default-sort=\"0\" data-sort-date=\"1720949292\"> <div class=\"wrap clearfix\"> <div class=\"image post-1538 post type-post status-publish format-standard has-post-thumbnail category-allgemein\"> <div class=\"image-inner \"> <div class=\"post-featured-content\"><a href=\"https:\/\/www.erneuerung.de\/bamberg\/2024\/07\/14\/super-atmosphaere-super-musik-und-gott-mittendrin\/\"> <picture> <img src=\"https:\/\/www.erneuerung.de\/bamberg\/wp-content\/uploads\/sites\/6\/2024\/07\/DSC_3785-scaled-thegem-portfolio-masonry.jpg\" width=\"754\" height=\"501\" class=\"img-responsive\" alt=\"DSC_3785\" \/> <\/picture> <\/a><\/div> <\/div> <div class=\"overlay\"> <div class=\"overlay-circle\"><\/div> <div class=\"links-wrapper\"> <div class=\"links\"> <div class=\"caption\"> <a href=\"https:\/\/www.erneuerung.de\/bamberg\/2024\/07\/14\/super-atmosphaere-super-musik-und-gott-mittendrin\/\" class=\"portfolio-item-link\"> <span class=\"screen-reader-text\">Super Atmosph\u00e4re, super Musik &#8211; und Gott mittendrin<\/span> <\/a> <div class=\"description \"> <div class=\"subtitle\"> <span class=\"text-body\"><p>Super Atmosph\u00e4re, super Musik zur Ehre Gottes und ein genialer Impuls von Zauberer Tommy Bright: Die Praisenight auf dem Bamberger Domplatz war ein rundum gelungener Abend. Sch\u00e4tzungsweise \u00fcber 500 Menschen kamen zu der Veranstaltung im Rahmen des Heinrichsfestes, darunter auch &hellip;<\/p><\/span> <\/div> <\/div> <div class=\"post-author-outer\"> <div class=\"author\"> <span class=\"author-avatar\"><img alt='beatedahinten' src='https:\/\/secure.gravatar.com\/avatar\/41847d59fb41b6d9a09370f5811061ff3f563f68041da8023ee6e7a5d8ff5425?s=50&#038;d=mm&#038;r=g' srcset='https:\/\/secure.gravatar.com\/avatar\/41847d59fb41b6d9a09370f5811061ff3f563f68041da8023ee6e7a5d8ff5425?s=100&#038;d=mm&#038;r=g 2x' class='avatar avatar-50 photo' height='50' width='50' \/><\/span> <span class=\"author-name\">By beatedahinten<\/span> <\/div> <\/div> <\/div> <\/div> <\/div> <\/div> <\/div> <div class=\"caption post-1538 post type-post status-publish format-standard has-post-thumbnail category-allgemein\"> <div class=\"post-date\">14. Juli 2024<\/div> <div class=\"title\"> <span class=\"title-h6 \"><a href=\"https:\/\/www.erneuerung.de\/bamberg\/2024\/07\/14\/super-atmosphaere-super-musik-und-gott-mittendrin\/\" rel=\"bookmark\">Super Atmosph\u00e4re, super Musik &#8211; und Gott mittendrin<\/a><\/span> <\/div> <div class=\"info\"> <a class=\"additional-meta\" data-filter-type=\"taxonomies\" data-attr=\"category\" data-filter=\"allgemein\">Allgemein<\/a> <\/div> <\/div> <\/div> <\/div> <div class=\"portfolio-item allgemein col-xs-12 col-sm-6 col-md-6 item-animations-not-inited show-caption-border post-has-author appearance-type- post-1530 post type-post status-publish format-standard has-post-thumbnail category-allgemein\" data-default-sort=\"0\" data-sort-date=\"1716546532\"> <div class=\"wrap clearfix\"> <div class=\"image post-1530 post type-post status-publish format-standard has-post-thumbnail category-allgemein\"> <div class=\"image-inner \"> <div class=\"post-featured-content\"><a href=\"https:\/\/www.erneuerung.de\/bamberg\/2024\/05\/24\/der-heilige-geist-will-auch-uns-heute-beschenken\/\"> <picture> <img src=\"https:\/\/www.erneuerung.de\/bamberg\/wp-content\/uploads\/sites\/6\/2024\/05\/ce-pfingstfeier-1-scaled-thegem-portfolio-masonry.jpg\" width=\"754\" height=\"413\" class=\"img-responsive\" alt=\"ce-pfingstfeier\" \/> <\/picture> <\/a><\/div> <\/div> <div class=\"overlay\"> <div class=\"overlay-circle\"><\/div> <div class=\"links-wrapper\"> <div class=\"links\"> <div class=\"caption\"> <a href=\"https:\/\/www.erneuerung.de\/bamberg\/2024\/05\/24\/der-heilige-geist-will-auch-uns-heute-beschenken\/\" class=\"portfolio-item-link\"> <span class=\"screen-reader-text\">\u201eDer Heilige Geist will auch uns heute beschenken\u201c<\/span> <\/a> <div class=\"description \"> <div class=\"subtitle\"> <span class=\"text-body\"><p>Auf den internationalen Touch als Parallele zum ersten Pfingstfest wies P. Aajo Therully MSFS bei unserem \u201eFest zu Ehren des Heiligen Geistes\u201c hin: Immerhin vier Kontinente waren bei der Feier am Pfingstsonntag in der Pfarrkirche St. Leonhard in Breiteng\u00fc\u00dfbach vertreten.&hellip;<\/p><\/span> <\/div> <\/div> <div class=\"post-author-outer\"> <div class=\"author\"> <span class=\"author-avatar\"><img alt='beatedahinten' src='https:\/\/secure.gravatar.com\/avatar\/41847d59fb41b6d9a09370f5811061ff3f563f68041da8023ee6e7a5d8ff5425?s=50&#038;d=mm&#038;r=g' srcset='https:\/\/secure.gravatar.com\/avatar\/41847d59fb41b6d9a09370f5811061ff3f563f68041da8023ee6e7a5d8ff5425?s=100&#038;d=mm&#038;r=g 2x' class='avatar avatar-50 photo' height='50' width='50' \/><\/span> <span class=\"author-name\">By beatedahinten<\/span> <\/div> <\/div> <\/div> <\/div> <\/div> <\/div> <\/div> <div class=\"caption post-1530 post type-post status-publish format-standard has-post-thumbnail category-allgemein\"> <div class=\"post-date\">24. Mai 2024<\/div> <div class=\"title\"> <span class=\"title-h6 \"><a href=\"https:\/\/www.erneuerung.de\/bamberg\/2024\/05\/24\/der-heilige-geist-will-auch-uns-heute-beschenken\/\" rel=\"bookmark\">\u201eDer Heilige Geist will auch uns heute beschenken\u201c<\/a><\/span> <\/div> <div class=\"info\"> <a class=\"additional-meta\" data-filter-type=\"taxonomies\" data-attr=\"category\" data-filter=\"allgemein\">Allgemein<\/a> <\/div> <\/div> <\/div> <\/div> <div class=\"portfolio-item allgemein col-xs-12 col-sm-6 col-md-6 item-animations-not-inited show-caption-border post-has-author appearance-type- post-1516 post type-post status-publish format-standard category-allgemein\" data-default-sort=\"0\" data-sort-date=\"1710393291\"> <div class=\"wrap clearfix\"> <div class=\"image post-1516 post type-post status-publish format-standard category-allgemein\"> <div class=\"image-inner without-image\"> <\/div> <div class=\"overlay\"> <div class=\"overlay-circle\"><\/div> <div class=\"links-wrapper\"> <div class=\"links\"> <div class=\"caption\"> <a href=\"https:\/\/www.erneuerung.de\/bamberg\/2024\/03\/14\/ergebnis-der-neuwahlen\/\" class=\"portfolio-item-link\"> <span class=\"screen-reader-text\">Ergebnis der Neuwahlen<\/span> <\/a> <div class=\"description \"> <div class=\"subtitle\"> <span class=\"text-body\"><p style=\"line-height: 17.25pt;margin: 0cm 0cm 7.5pt 0cm\"><span style=\"font-size: 10.5pt;font-family: 'Open Sans',sans-serif;color: #4c4c4c\">Die Wahlen im Rahmen der Jahreshauptversammlung am 9. M\u00e4rz im Pfarrzentrum Lichteneiche brachten einige Ver\u00e4nderungen im Di\u00f6zesanteam und im Vorstand unseres F\u00f6rdervereins (FCEB e. V.).<br style=\"border-radius: 0px !important\" \/>Neue Di\u00f6zesansprecherin ist Beate Dahinten, ihre Stellvertreter sind Klaus K\u00fchnel und Oswin L\u00f6sel.<br style=\"border-radius: 0px !important\" \/>Als Regionalsprecher <\/span>&hellip;<\/p><\/span> <\/div> <\/div> <div class=\"post-author-outer\"> <div class=\"author\"> <span class=\"author-avatar\"><img alt='beatedahinten' src='https:\/\/secure.gravatar.com\/avatar\/41847d59fb41b6d9a09370f5811061ff3f563f68041da8023ee6e7a5d8ff5425?s=50&#038;d=mm&#038;r=g' srcset='https:\/\/secure.gravatar.com\/avatar\/41847d59fb41b6d9a09370f5811061ff3f563f68041da8023ee6e7a5d8ff5425?s=100&#038;d=mm&#038;r=g 2x' class='avatar avatar-50 photo' height='50' width='50' \/><\/span> <span class=\"author-name\">By beatedahinten<\/span> <\/div> <\/div> <\/div> <\/div> <\/div> <\/div> <\/div> <div class=\"caption post-1516 post type-post status-publish format-standard category-allgemein\"> <div class=\"post-date\">14. M\u00e4rz 2024<\/div> <div class=\"title\"> <span class=\"title-h6 \"><a href=\"https:\/\/www.erneuerung.de\/bamberg\/2024\/03\/14\/ergebnis-der-neuwahlen\/\" rel=\"bookmark\">Ergebnis der Neuwahlen<\/a><\/span> <\/div> <div class=\"info\"> <a class=\"additional-meta\" data-filter-type=\"taxonomies\" data-attr=\"category\" data-filter=\"allgemein\">Allgemein<\/a> <\/div> <\/div> <\/div> <\/div> <\/div><!-- .portflio-set --> <div class=\"portfolio-item-size-container\"> <div class=\"portfolio-item col-xs-12 col-sm-6 col-md-6 item-animations-not-inited show-caption-border post-has-author post-1516 post type-post status-publish format-standard category-allgemein\"> <\/div> <\/div> <\/div><!-- .row--> <div class=\"portfolio-navigator gem-pagination\" style=\"display:none;\"> <a href=\"#\" role=\"button\" class=\"prev\" aria-label=\"Zur\u00fcck\"> <i class=\"default\"><\/i> <\/a> <div class=\"pages\"><\/div> <a href=\"#\" role=\"button\" class=\"next\" aria-label=\"Weiter\"> <i class=\"default\"><\/i> <\/a> <\/div> <\/div><!-- .full-width --> <\/div><!-- .portfolio--> <\/div><!-- .portfolio-preloader-wrapper-->[\/vc_column][\/vc_row][vc_column][\/vc_column][vc_column][\/vc_column][vc_row][vc_column][vc_column_text]<\/p>\n<h2 class=\"contentheading\">Kontakt<\/h2>\n<p><strong>Di\u00f6zesansprecher:<\/strong><\/p>\n<p>Beate Dahinten<br \/>\nRentweinsdorf-Sendelbach<br \/>\n<a href=\"mailto:beate.dahinten@t-online.de\">beate.dahinten@t-online.de<\/a><\/p>\n<p>Klaus K\u00fchnel<br \/>\nErlangen<br \/>\n<a href=\"mailto:Fam.Kuehnel@t-online.de\">Fam.Kuehnel@t-online.de<\/a><\/p>\n<p>Oswin L\u00f6sel<br \/>\nBaunach-Priegendorf<br \/>\nTel. 09544 950441<br \/>\n<span id=\"cloak56cea955fa696bd1add28710f8e1a1d4\"><a href=\"mailto:Oswin.Loesel@t-online.de\">Oswin.Loesel@t-online.de<\/a><\/span><\/p>\n<p>Besuchen Sie uns auch unter: <a href=\"http:\/\/ce.erzbistum-bamberg.de\" target=\"_blank\" rel=\"noopener noreferrer\">ce.erzbistum-bamberg.de<\/a>[\/vc_column_text][\/vc_column][\/vc_row]<\/p>\n<\/div>","protected":false},"excerpt":{"rendered":"<p style=\"line-height: 17.25pt;margin: 0cm 0cm 7.5pt 0cm\"><span style=\"font-size: 10.5pt;font-family: 'Open Sans',sans-serif;color: #4c4c4c\">Die Wahlen im Rahmen der Jahreshauptversammlung am 9. M\u00e4rz im Pfarrzentrum Lichteneiche brachten einige Ver\u00e4nderungen im Di\u00f6zesanteam und im Vorstand unseres F\u00f6rdervereins (FCEB e. V.).<br style=\"border-radius: 0px !important\" \/>Neue Di\u00f6zesansprecherin ist Beate Dahinten, ihre Stellvertreter sind Klaus K\u00fchnel und Oswin L\u00f6sel.<br style=\"border-radius: 0px !important\" \/>Als Regionalsprecher <\/span>&hellip;<\/p>","protected":false},"author":1,"featured_media":0,"parent":0,"menu_order":0,"comment_status":"closed","ping_status":"closed","template":"","meta":{"footnotes":""},"class_list":["post-2","page","type-page","status-publish"],"post_mailing_queue_ids":[],"_links":{"self":[{"href":"https:\/\/www.erneuerung.de\/bamberg\/wp-json\/wp\/v2\/pages\/2","targetHints":{"allow":["GET"]}}],"collection":[{"href":"https:\/\/www.erneuerung.de\/bamberg\/wp-json\/wp\/v2\/pages"}],"about":[{"href":"https:\/\/www.erneuerung.de\/bamberg\/wp-json\/wp\/v2\/types\/page"}],"author":[{"embeddable":true,"href":"https:\/\/www.erneuerung.de\/bamberg\/wp-json\/wp\/v2\/users\/1"}],"replies":[{"embeddable":true,"href":"https:\/\/www.erneuerung.de\/bamberg\/wp-json\/wp\/v2\/comments?post=2"}],"version-history":[{"count":17,"href":"https:\/\/www.erneuerung.de\/bamberg\/wp-json\/wp\/v2\/pages\/2\/revisions"}],"predecessor-version":[{"id":1536,"href":"https:\/\/www.erneuerung.de\/bamberg\/wp-json\/wp\/v2\/pages\/2\/revisions\/1536"}],"wp:attachment":[{"href":"https:\/\/www.erneuerung.de\/bamberg\/wp-json\/wp\/v2\/media?parent=2"}],"curies":[{"name":"wp","href":"https:\/\/api.w.org\/{rel}","templated":true}]}}