{"id":1418,"date":"2020-03-16T13:19:42","date_gmt":"2020-03-16T12:19:42","guid":{"rendered":"https:\/\/www.erneuerung.de\/augsburg\/?page_id=1418"},"modified":"2024-05-28T10:34:47","modified_gmt":"2024-05-28T08:34:47","slug":"unser-team","status":"publish","type":"page","link":"https:\/\/www.erneuerung.de\/augsburg\/unser-team\/","title":{"rendered":"Unser Team"},"content":{"rendered":"<div class=\"wpb-content-wrapper\"><p>[vc_row][vc_column][vc_column_text]Im Bistum Augsburg gibt es sowohl einen CE-Vorstand als auch ein CE-Regionalteam.<\/p>\r\n\r\n<h3 class=\"wp-block-heading\">VORSTANDSMITGLIEDER<\/h3>\r\n\r\n\r\n\r\n<p>Oliver Prei\u00dfler (Di\u00f6zesansprecher)<\/p>\r\n\r\n\r\n\r\n\r\n\r\n<p>Regina Bachmaier<br \/>Irmgard Weishaupt<br \/>Pius Berktold<br \/>Diakon Andreas H\u00e4usler<\/p>\r\n<!-- \/wp:post-content -->\r\n\r\n<!-- wp:image {\"id\":1665,\"sizeSlug\":\"large\"} -->\r\n<figure class=\"wp-block-image size-large\"><\/figure>\r\n<!-- \/wp:image -->\r\n\r\n<!-- wp:heading {\"level\":4} -->\r\n<h4><strong>Satzungsgem\u00e4\u00dfe Mitglieder des Vorstandes<\/strong><\/h4>\r\n<!-- \/wp:heading -->\r\n<p><!-- wp:paragraph --><strong>Dioezesanbeauftragter f\u00fcr die Charismatische Erneuerung in der Dioezese Augsburg<\/strong><\/p>\r\n<!-- \/wp:paragraph -->\r\n<p><!-- wp:paragraph -->Pfr. Bernhard Hesse, Kempten St. Anton, Dekan<\/p>\r\n<!-- \/wp:paragraph -->\r\n\r\n<!-- wp:image {\"id\":1667,\"sizeSlug\":\"large\"} -->\r\n<figure class=\"wp-block-image size-large\"><\/figure>\r\n<!-- \/wp:image -->\r\n<p><!-- wp:paragraph --><strong>Dioezesanreferent<\/strong><\/p>\r\n<!-- \/wp:paragraph -->\r\n<p><!-- wp:paragraph -->GR Franz Lehner<\/p>\r\n<!-- \/wp:paragraph -->\r\n\r\n<!-- wp:image {\"id\":1308} -->\r\n<figure class=\"wp-block-image\"><\/figure>\r\n<!-- \/wp:image -->\r\n\r\n<!-- wp:heading {\"level\":4} \/-->\r\n\r\n<!-- wp:paragraph \/-->\r\n\r\n<!-- wp:heading {\"level\":3} -->\r\n<h3>REGIONALTEAM<\/h3>\r\n<!-- \/wp:heading -->\r\n<p><!-- wp:paragraph -->die Di\u00f6zese Augsburg war bis 2012 in Regionen eingeteilt. Entsprechend dieser Regionen hat sich die CE Augsburg gegliedert.<br \/>Jeder Region ist ein\/e Regionalbeauftragte\/r und ein Regionalteam zugeordnet.<br \/>Etwa vier Male im Jahr (2 Klausurtage und 2 Nachmittage) treffen sich die Regionalbeauftrage und die Vertreter der Gemeinschaften mit dem Di\u00f6zesanvorstand zur sogenannten Di\u00f6zesanteamsitzung. Hierbei fallen alle ma\u00dfgeblichen Entscheidungen f\u00fcr die CE Augsburg.<\/p>\r\n<!-- \/wp:paragraph -->\r\n\r\n<!-- wp:heading {\"level\":4} -->\r\n<h4>Regionalbeauftragte<\/h4>\r\n<!-- \/wp:heading -->\r\n<p>Augsburg: Regina Bachmaier<br \/>Benediktbeuren: Margit Dehm<br \/>Dillingen: Josef Baudenbacher<br \/>Kaufbeuren: Brigitta Hartmann<br \/>Kempten: Lydia Bareth, Hermannn Riedel<br \/>Landsberg\/Vilgertshofen: nicht besetzt<br \/>Memmingen: Robert M\u00f6\u00dflang<\/p>\r\n<!-- \/wp:paragraph -->\r\n\r\n<!-- wp:heading {\"level\":4} --><\/div>","protected":false},"excerpt":{"rendered":"<p>[vc_row][vc_column][vc_column_text]Im Bistum Augsburg gibt es sowohl einen CE-Vorstand als auch ein CE-Regionalteam. VORSTANDSMITGLIEDER Oliver Prei\u00dfler (Di\u00f6zesansprecher) Regina BachmaierIrmgard WeishauptPius BerktoldDiakon&#8230;<\/p>\n","protected":false},"author":1,"featured_media":0,"parent":0,"menu_order":0,"comment_status":"closed","ping_status":"closed","template":"","meta":{"footnotes":""},"class_list":["post-1418","page","type-page","status-publish"],"post_mailing_queue_ids":[],"_links":{"self":[{"href":"https:\/\/www.erneuerung.de\/augsburg\/wp-json\/wp\/v2\/pages\/1418","targetHints":{"allow":["GET"]}}],"collection":[{"href":"https:\/\/www.erneuerung.de\/augsburg\/wp-json\/wp\/v2\/pages"}],"about":[{"href":"https:\/\/www.erneuerung.de\/augsburg\/wp-json\/wp\/v2\/types\/page"}],"author":[{"embeddable":true,"href":"https:\/\/www.erneuerung.de\/augsburg\/wp-json\/wp\/v2\/users\/1"}],"replies":[{"embeddable":true,"href":"https:\/\/www.erneuerung.de\/augsburg\/wp-json\/wp\/v2\/comments?post=1418"}],"version-history":[{"count":11,"href":"https:\/\/www.erneuerung.de\/augsburg\/wp-json\/wp\/v2\/pages\/1418\/revisions"}],"predecessor-version":[{"id":3179,"href":"https:\/\/www.erneuerung.de\/augsburg\/wp-json\/wp\/v2\/pages\/1418\/revisions\/3179"}],"wp:attachment":[{"href":"https:\/\/www.erneuerung.de\/augsburg\/wp-json\/wp\/v2\/media?parent=1418"}],"curies":[{"name":"wp","href":"https:\/\/api.w.org\/{rel}","templated":true}]}}